{"id":10907,"date":"2023-09-01T20:32:22","date_gmt":"2023-09-02T00:32:22","guid":{"rendered":"https:\/\/floridadocument.com\/?page_id=10907"},"modified":"2025-11-14T20:24:20","modified_gmt":"2025-11-15T01:24:20","slug":"fast-florida-apostille-with-ron-embeded-order-form","status":"publish","type":"page","link":"https:\/\/floridadocument.com\/es\/fast-florida-apostille-with-ron-embeded-order-form\/","title":{"rendered":"Formulario de pedido FAST Florida Apostille with RON Embeded"},"content":{"rendered":"<div data-elementor-type=\"wp-page\" data-elementor-id=\"10907\" class=\"elementor elementor-10907\" data-elementor-post-type=\"page\">\n\t\t\t\t<div data-particle_enable=\"false\" data-particle-mobile-disabled=\"false\" class=\"elementor-element elementor-element-4162c4e e-flex e-con-boxed e-con e-parent\" data-id=\"4162c4e\" data-element_type=\"container\" data-e-type=\"container\">\n\t\t\t\t\t<div class=\"e-con-inner\">\n\t\t<div data-particle_enable=\"false\" data-particle-mobile-disabled=\"false\" class=\"elementor-element elementor-element-839cfb3 e-con-full e-flex e-con e-child\" data-id=\"839cfb3\" data-element_type=\"container\" data-e-type=\"container\">\n\t\t\t\t<\/div>\n\t\t<div data-particle_enable=\"false\" data-particle-mobile-disabled=\"false\" class=\"elementor-element elementor-element-91e4eb1 e-con-full e-flex e-con e-child\" data-id=\"91e4eb1\" data-element_type=\"container\" data-e-type=\"container\">\n\t\t\t\t<div class=\"elementor-element elementor-element-bec4df9 elementor-align-center elementor-widget elementor-widget-button\" data-id=\"bec4df9\" data-element_type=\"widget\" data-e-type=\"widget\" data-widget_type=\"button.default\">\n\t\t\t\t<div class=\"elementor-widget-container\">\n\t\t\t\t\t\t\t\t\t<div class=\"elementor-button-wrapper\">\n\t\t\t\t\t<a class=\"elementor-button elementor-button-link elementor-size-md\" href=\"https:\/\/floridadocument.com\/apostille-florida\/\">\n\t\t\t\t\t\t<span class=\"elementor-button-content-wrapper\">\n\t\t\t\t\t\t<span class=\"elementor-button-icon\">\n\t\t\t\t<svg aria-hidden=\"true\" class=\"e-font-icon-svg e-fas-stamp\" viewbox=\"0 0 512 512\" xmlns=\"http:\/\/www.w3.org\/2000\/svg\"><path d=\"M32 512h448v-64H32v64zm384-256h-66.56c-16.26 0-29.44-13.18-29.44-29.44v-9.46c0-27.37 8.88-53.41 21.46-77.72 9.11-17.61 12.9-38.39 9.05-60.42-6.77-38.78-38.47-70.7-77.26-77.45C212.62-9.04 160 37.33 160 96c0 14.16 3.12 27.54 8.69 39.58C182.02 164.43 192 194.7 192 226.49v.07c0 16.26-13.18 29.44-29.44 29.44H96c-53.02 0-96 42.98-96 96v32c0 17.67 14.33 32 32 32h448c17.67 0 32-14.33 32-32v-32c0-53.02-42.98-96-96-96z\"><\/path><\/svg>\t\t\t<\/span>\n\t\t\t\t\t\t\t\t\t<span class=\"elementor-button-text\">Volver a la p\u00e1gina principal de la Apostilla<\/span>\n\t\t\t\t\t<\/span>\n\t\t\t\t\t<\/a>\n\t\t\t\t<\/div>\n\t\t\t\t\t\t\t\t<\/div>\n\t\t\t\t<\/div>\n\t\t\t\t<\/div>\n\t\t\t\t\t<\/div>\n\t\t\t\t<\/div>\n\t\t<div data-particle_enable=\"false\" data-particle-mobile-disabled=\"false\" class=\"elementor-element elementor-element-e218b5d e-flex e-con-boxed e-con e-parent\" data-id=\"e218b5d\" data-element_type=\"container\" data-e-type=\"container\">\n\t\t\t\t\t<div class=\"e-con-inner\">\n\t\t\t\t<div class=\"elementor-element elementor-element-623715b elementor-widget elementor-widget-text-editor\" data-id=\"623715b\" data-element_type=\"widget\" data-e-type=\"widget\" data-widget_type=\"text-editor.default\">\n\t\t\t\t<div class=\"elementor-widget-container\">\n\t\t\t\t\t\t\t\t\t<p><strong>Utilice el siguiente formulario para solicitar servicios de apostilla R\u00c1PIDOS cuando al menos uno de sus documentos requiera una certificaci\u00f3n notarial en l\u00ednea. <\/strong><strong>\u00a0Puede concertar una cita despu\u00e9s de enviar el formulario.  Se le redirigir\u00e1 autom\u00e1ticamente a la p\u00e1gina de programaci\u00f3n.<\/strong><\/p><p style=\"text-align: left;\">\u00a0<\/p>\t\t\t\t\t\t\t\t<\/div>\n\t\t\t\t<\/div>\n\t\t\t\t\t<\/div>\n\t\t\t\t<\/div>\n\t\t\t\t<section data-particle_enable=\"false\" data-particle-mobile-disabled=\"false\" class=\"elementor-section elementor-top-section elementor-element elementor-element-baa97c6 elementor-section-boxed elementor-section-height-default elementor-section-height-default\" data-id=\"baa97c6\" data-element_type=\"section\" data-e-type=\"section\">\n\t\t\t\t\t\t<div class=\"elementor-container elementor-column-gap-default\">\n\t\t\t\t\t<div class=\"elementor-column elementor-col-100 elementor-top-column elementor-element elementor-element-6de5685\" data-id=\"6de5685\" data-element_type=\"column\" data-e-type=\"column\">\n\t\t\t<div class=\"elementor-widget-wrap elementor-element-populated\">\n\t\t\t\t\t\t<div class=\"elementor-element elementor-element-555ba49 elementor-widget elementor-widget-html\" data-id=\"555ba49\" data-element_type=\"widget\" data-e-type=\"widget\" data-widget_type=\"html.default\">\n\t\t\t\t<div class=\"elementor-widget-container\">\n\t\t\t\t\t<a name=\"form1864722396\" id=\"formAnchor1864722396\"><\/a>\r\n<script src=\"https:\/\/fs22.formsite.com\/include\/form\/embedManager.js?1864722396\"><\/script>\r\n<script>\r\nEmbedManager.embed({\r\n\tkey: \"https:\/\/fs22.formsite.com\/res\/showFormEmbed?EParam=m_OmK8apOTCLFP8Ovs7sA9lARFv6bfoFizOKwLLamyU&1864722396\",\r\n\twidth: \"100%\"\r\n});\r\n<\/script>\t\t\t\t<\/div>\n\t\t\t\t<\/div>\n\t\t\t\t\t<\/div>\n\t\t<\/div>\n\t\t\t\t\t<\/div>\n\t\t<\/section>\n\t\t\t\t<\/div>","protected":false},"excerpt":{"rendered":"<p>Volver a la p\u00e1gina principal de Apostillas Utilice el siguiente formulario para solicitar servicios de apostilla R\u00c1PIDOS cuando al menos uno de sus documentos requiera una notarizaci\u00f3n en l\u00ednea.  Puede concertar una cita despu\u00e9s de enviar el formulario.  Se le redirigir\u00e1 autom\u00e1ticamente a la p\u00e1gina de programaci\u00f3n de citas. \u00a0<\/p>","protected":false},"author":4,"featured_media":0,"parent":0,"menu_order":0,"comment_status":"closed","ping_status":"closed","template":"elementor_canvas","meta":{"_lmt_disableupdate":"no","_lmt_disable":"","_monsterinsights_skip_tracking":false,"_monsterinsights_sitenote_active":false,"_monsterinsights_sitenote_note":"","_monsterinsights_sitenote_category":0,"generate_page_header":"","footnotes":""},"class_list":["post-10907","page","type-page","status-publish"],"_links":{"self":[{"href":"https:\/\/floridadocument.com\/es\/wp-json\/wp\/v2\/pages\/10907","targetHints":{"allow":["GET"]}}],"collection":[{"href":"https:\/\/floridadocument.com\/es\/wp-json\/wp\/v2\/pages"}],"about":[{"href":"https:\/\/floridadocument.com\/es\/wp-json\/wp\/v2\/types\/page"}],"author":[{"embeddable":true,"href":"https:\/\/floridadocument.com\/es\/wp-json\/wp\/v2\/users\/4"}],"replies":[{"embeddable":true,"href":"https:\/\/floridadocument.com\/es\/wp-json\/wp\/v2\/comments?post=10907"}],"version-history":[{"count":1,"href":"https:\/\/floridadocument.com\/es\/wp-json\/wp\/v2\/pages\/10907\/revisions"}],"predecessor-version":[{"id":17725,"href":"https:\/\/floridadocument.com\/es\/wp-json\/wp\/v2\/pages\/10907\/revisions\/17725"}],"wp:attachment":[{"href":"https:\/\/floridadocument.com\/es\/wp-json\/wp\/v2\/media?parent=10907"}],"curies":[{"name":"wp","href":"https:\/\/api.w.org\/{rel}","templated":true}]}}