{"id":11612,"date":"2023-09-16T20:54:00","date_gmt":"2023-09-17T00:54:00","guid":{"rendered":"https:\/\/floridadocument.com\/?page_id=11612"},"modified":"2025-10-04T10:53:15","modified_gmt":"2025-10-04T14:53:15","slug":"spanish-florida-apostille-order-2-choices","status":"publish","type":"page","link":"https:\/\/floridadocument.com\/es\/spanish-florida-apostille-order-2-choices\/","title":{"rendered":"ESPA\u00d1OL Florida Apostilla Orden 2 Opciones"},"content":{"rendered":"<div data-elementor-type=\"wp-page\" data-elementor-id=\"11612\" class=\"elementor elementor-11612\" data-elementor-post-type=\"page\">\n\t\t\t\t\t\t<section data-particle_enable=\"false\" data-particle-mobile-disabled=\"false\" class=\"elementor-section elementor-top-section elementor-element elementor-element-d863353 elementor-section-boxed elementor-section-height-default elementor-section-height-default\" data-id=\"d863353\" data-element_type=\"section\" data-e-type=\"section\">\n\t\t\t\t\t\t<div class=\"elementor-container elementor-column-gap-default\">\n\t\t\t\t\t<div class=\"elementor-column elementor-col-50 elementor-top-column elementor-element elementor-element-ec0f138\" data-id=\"ec0f138\" data-element_type=\"column\" data-e-type=\"column\">\n\t\t\t<div class=\"elementor-widget-wrap elementor-element-populated\">\n\t\t\t\t\t\t<div class=\"elementor-element elementor-element-e69e868 elementor-widget elementor-widget-text-editor\" data-id=\"e69e868\" data-element_type=\"widget\" data-e-type=\"widget\" data-widget_type=\"text-editor.default\">\n\t\t\t\t<div class=\"elementor-widget-container\">\n\t\t\t\t\t\t\t\t\t<p><span style=\"color: #0000ff;\">Apostillas - English<\/span><\/p>\t\t\t\t\t\t\t\t<\/div>\n\t\t\t\t<\/div>\n\t\t\t\t\t<\/div>\n\t\t<\/div>\n\t\t\t\t<div class=\"elementor-column elementor-col-50 elementor-top-column elementor-element elementor-element-b1227e6\" data-id=\"b1227e6\" data-element_type=\"column\" data-e-type=\"column\">\n\t\t\t<div class=\"elementor-widget-wrap elementor-element-populated\">\n\t\t\t\t\t\t<div class=\"elementor-element elementor-element-050d58c elementor-align-right elementor-widget__width-initial elementor-widget elementor-widget-button\" data-id=\"050d58c\" data-element_type=\"widget\" data-e-type=\"widget\" data-widget_type=\"button.default\">\n\t\t\t\t<div class=\"elementor-widget-container\">\n\t\t\t\t\t\t\t\t\t<div class=\"elementor-button-wrapper\">\n\t\t\t\t\t<a class=\"elementor-button elementor-button-link elementor-size-lg\" href=\"https:\/\/floridadocument.com\/apostilla-florida\/\">\n\t\t\t\t\t\t<span class=\"elementor-button-content-wrapper\">\n\t\t\t\t\t\t\t\t\t<span class=\"elementor-button-text\">Volver a la P\u00e1gina Principal de Apostilla<\/span>\n\t\t\t\t\t<\/span>\n\t\t\t\t\t<\/a>\n\t\t\t\t<\/div>\n\t\t\t\t\t\t\t\t<\/div>\n\t\t\t\t<\/div>\n\t\t\t\t\t<\/div>\n\t\t<\/div>\n\t\t\t\t\t<\/div>\n\t\t<\/section>\n\t\t\t\t<section data-particle_enable=\"false\" data-particle-mobile-disabled=\"false\" class=\"elementor-section elementor-top-section elementor-element elementor-element-79a48c3 elementor-section-boxed elementor-section-height-default elementor-section-height-default\" data-id=\"79a48c3\" data-element_type=\"section\" data-e-type=\"section\">\n\t\t\t\t\t\t<div class=\"elementor-container elementor-column-gap-default\">\n\t\t\t\t\t<div class=\"elementor-column elementor-col-100 elementor-top-column elementor-element elementor-element-856d030\" data-id=\"856d030\" data-element_type=\"column\" data-e-type=\"column\">\n\t\t\t<div class=\"elementor-widget-wrap elementor-element-populated\">\n\t\t\t\t\t\t<div class=\"elementor-element elementor-element-64ec0ec elementor-widget elementor-widget-spacer\" data-id=\"64ec0ec\" data-element_type=\"widget\" data-e-type=\"widget\" data-widget_type=\"spacer.default\">\n\t\t\t\t<div class=\"elementor-widget-container\">\n\t\t\t\t\t\t\t<div class=\"elementor-spacer\">\n\t\t\t<div class=\"elementor-spacer-inner\"><\/div>\n\t\t<\/div>\n\t\t\t\t\t\t<\/div>\n\t\t\t\t<\/div>\n\t\t\t\t\t<\/div>\n\t\t<\/div>\n\t\t\t\t\t<\/div>\n\t\t<\/section>\n\t\t\t\t<section data-particle_enable=\"false\" data-particle-mobile-disabled=\"false\" class=\"elementor-section elementor-top-section elementor-element elementor-element-51b46aa elementor-section-boxed elementor-section-height-default elementor-section-height-default\" data-id=\"51b46aa\" data-element_type=\"section\" data-e-type=\"section\">\n\t\t\t\t\t\t<div class=\"elementor-container elementor-column-gap-default\">\n\t\t\t\t\t<div class=\"elementor-column elementor-col-100 elementor-top-column elementor-element elementor-element-25f4caa\" data-id=\"25f4caa\" data-element_type=\"column\" data-e-type=\"column\">\n\t\t\t<div class=\"elementor-widget-wrap elementor-element-populated\">\n\t\t\t\t\t\t<div class=\"elementor-element elementor-element-31a8097 elementor-widget elementor-widget-heading\" data-id=\"31a8097\" data-element_type=\"widget\" data-e-type=\"widget\" data-widget_type=\"heading.default\">\n\t\t\t\t<div class=\"elementor-widget-container\">\n\t\t\t\t\t<h2 class=\"elementor-heading-title elementor-size-default\">Haz clic en el bot\u00f3n que mejor describa tu pedido:<\/h2>\t\t\t\t<\/div>\n\t\t\t\t<\/div>\n\t\t\t\t\t<\/div>\n\t\t<\/div>\n\t\t\t\t\t<\/div>\n\t\t<\/section>\n\t\t<div data-particle_enable=\"false\" data-particle-mobile-disabled=\"false\" class=\"elementor-element elementor-element-c07be57 e-flex e-con-boxed e-con e-parent\" data-id=\"c07be57\" data-element_type=\"container\" data-e-type=\"container\">\n\t\t\t\t\t<div class=\"e-con-inner\">\n\t\t\t\t<div class=\"elementor-element elementor-element-4c51194 elementor-widget-divider--view-line elementor-widget elementor-widget-divider\" data-id=\"4c51194\" data-element_type=\"widget\" data-e-type=\"widget\" data-widget_type=\"divider.default\">\n\t\t\t\t<div class=\"elementor-widget-container\">\n\t\t\t\t\t\t\t<div class=\"elementor-divider\">\n\t\t\t<span class=\"elementor-divider-separator\">\n\t\t\t\t\t\t<\/span>\n\t\t<\/div>\n\t\t\t\t\t\t<\/div>\n\t\t\t\t<\/div>\n\t\t\t\t\t<\/div>\n\t\t\t\t<\/div>\n\t\t\t\t<section data-particle_enable=\"false\" data-particle-mobile-disabled=\"false\" class=\"elementor-section elementor-top-section elementor-element elementor-element-25a5b74 elementor-section-boxed elementor-section-height-default elementor-section-height-default\" data-id=\"25a5b74\" data-element_type=\"section\" data-e-type=\"section\">\n\t\t\t\t\t\t<div class=\"elementor-container elementor-column-gap-default\">\n\t\t\t\t\t<div class=\"elementor-column elementor-col-50 elementor-top-column elementor-element elementor-element-0f9fe6e\" data-id=\"0f9fe6e\" data-element_type=\"column\" data-e-type=\"column\">\n\t\t\t<div class=\"elementor-widget-wrap elementor-element-populated\">\n\t\t\t\t\t\t<div class=\"elementor-element elementor-element-b2ed0a5 elementor-align-left elementor-widget elementor-widget-button\" data-id=\"b2ed0a5\" data-element_type=\"widget\" data-e-type=\"widget\" data-widget_type=\"button.default\">\n\t\t\t\t<div class=\"elementor-widget-container\">\n\t\t\t\t\t\t\t\t\t<div class=\"elementor-button-wrapper\">\n\t\t\t\t\t<a class=\"elementor-button elementor-button-link elementor-size-xl\" href=\"https:\/\/floridadocument.com\/spanish-florida-apostille-with-ron-embeded-order-form\/\">\n\t\t\t\t\t\t<span class=\"elementor-button-content-wrapper\">\n\t\t\t\t\t\t\t\t\t<span class=\"elementor-button-text\">Al menos uno (1) de mis documentos requiere notarizaci\u00f3n en l\u00ednea.<\/span>\n\t\t\t\t\t<\/span>\n\t\t\t\t\t<\/a>\n\t\t\t\t<\/div>\n\t\t\t\t\t\t\t\t<\/div>\n\t\t\t\t<\/div>\n\t\t\t\t\t<\/div>\n\t\t<\/div>\n\t\t\t\t<div class=\"elementor-column elementor-col-50 elementor-top-column elementor-element elementor-element-2bd08f8\" data-id=\"2bd08f8\" data-element_type=\"column\" data-e-type=\"column\">\n\t\t\t<div class=\"elementor-widget-wrap elementor-element-populated\">\n\t\t\t\t\t\t<div class=\"elementor-element elementor-element-9703265 elementor-align-left elementor-widget elementor-widget-button\" data-id=\"9703265\" data-element_type=\"widget\" data-e-type=\"widget\" data-widget_type=\"button.default\">\n\t\t\t\t<div class=\"elementor-widget-container\">\n\t\t\t\t\t\t\t\t\t<div class=\"elementor-button-wrapper\">\n\t\t\t\t\t<a class=\"elementor-button elementor-button-link elementor-size-xl\" href=\"https:\/\/floridadocument.com\/spanish-apostille-embeded-order-form\/\">\n\t\t\t\t\t\t<span class=\"elementor-button-content-wrapper\">\n\t\t\t\t\t\t\t\t\t<span class=\"elementor-button-text\">Ninguno de mis documentos requiere notarizaci\u00f3n en l\u00ednea.<\/span>\n\t\t\t\t\t<\/span>\n\t\t\t\t\t<\/a>\n\t\t\t\t<\/div>\n\t\t\t\t\t\t\t\t<\/div>\n\t\t\t\t<\/div>\n\t\t\t\t\t<\/div>\n\t\t<\/div>\n\t\t\t\t\t<\/div>\n\t\t<\/section>\n\t\t<div data-particle_enable=\"false\" data-particle-mobile-disabled=\"false\" class=\"elementor-element elementor-element-b5f307e e-flex e-con-boxed e-con e-parent\" data-id=\"b5f307e\" data-element_type=\"container\" data-e-type=\"container\">\n\t\t\t\t\t<div class=\"e-con-inner\">\n\t\t<div data-particle_enable=\"false\" data-particle-mobile-disabled=\"false\" class=\"elementor-element elementor-element-d22af96 e-con-full e-flex e-con e-child\" data-id=\"d22af96\" data-element_type=\"container\" data-e-type=\"container\">\n\t\t\t\t<div class=\"elementor-element elementor-element-aba49a2 elementor-widget elementor-widget-text-editor\" data-id=\"aba49a2\" data-element_type=\"widget\" data-e-type=\"widget\" data-widget_type=\"text-editor.default\">\n\t\t\t\t<div class=\"elementor-widget-container\">\n\t\t\t\t\t\t\t\t\t<ul><li>Cartas de verificaci\u00f3n de Seguro Social y beneficios de pensi\u00f3n<\/li><li>Transcripciones y diplomas de escuelas privadas<\/li><li>Copias de pasaportes y licencias de conducir Copias de otros documentos no registrables<\/li><\/ul>\t\t\t\t\t\t\t\t<\/div>\n\t\t\t\t<\/div>\n\t\t\t\t<\/div>\n\t\t<div data-particle_enable=\"false\" data-particle-mobile-disabled=\"false\" class=\"elementor-element elementor-element-55d2f3c e-con-full e-flex e-con e-child\" data-id=\"55d2f3c\" data-element_type=\"container\" data-e-type=\"container\">\n\t\t\t\t<\/div>\n\t\t\t\t\t<\/div>\n\t\t\t\t<\/div>\n\t\t\t\t<\/div>","protected":false},"excerpt":{"rendered":"<p>Apostillas - English Regresar a la P\u00e1gina Principal de Apostilla Haz clic en el bot\u00f3n que mejor describa tu pedido: Al menos uno (1) de mis documentos requiere notarizaci\u00f3n en l\u00ednea. Ninguno de mis documentos requiere notarizaci\u00f3n en l\u00ednea. Cartas de verificaci\u00f3n de Seguro Social y beneficios de pensi\u00f3n Transcripciones y diplomas de escuelas privadas ... <a title=\"ESPA\u00d1OL Florida Apostilla Orden 2 Opciones\" class=\"read-more\" href=\"https:\/\/floridadocument.com\/es\/spanish-florida-apostille-order-2-choices\/\" aria-label=\"Leer m\u00e1s sobre SPANISH Florida Apostille Order 2 Choices\">Seguir leyendo<\/a><\/p>","protected":false},"author":4,"featured_media":0,"parent":0,"menu_order":0,"comment_status":"closed","ping_status":"closed","template":"elementor_canvas","meta":{"_lmt_disableupdate":"no","_lmt_disable":"","_monsterinsights_skip_tracking":false,"_monsterinsights_sitenote_active":false,"_monsterinsights_sitenote_note":"","_monsterinsights_sitenote_category":0,"generate_page_header":"","footnotes":""},"class_list":["post-11612","page","type-page","status-publish"],"_links":{"self":[{"href":"https:\/\/floridadocument.com\/es\/wp-json\/wp\/v2\/pages\/11612","targetHints":{"allow":["GET"]}}],"collection":[{"href":"https:\/\/floridadocument.com\/es\/wp-json\/wp\/v2\/pages"}],"about":[{"href":"https:\/\/floridadocument.com\/es\/wp-json\/wp\/v2\/types\/page"}],"author":[{"embeddable":true,"href":"https:\/\/floridadocument.com\/es\/wp-json\/wp\/v2\/users\/4"}],"replies":[{"embeddable":true,"href":"https:\/\/floridadocument.com\/es\/wp-json\/wp\/v2\/comments?post=11612"}],"version-history":[{"count":1,"href":"https:\/\/floridadocument.com\/es\/wp-json\/wp\/v2\/pages\/11612\/revisions"}],"predecessor-version":[{"id":16246,"href":"https:\/\/floridadocument.com\/es\/wp-json\/wp\/v2\/pages\/11612\/revisions\/16246"}],"wp:attachment":[{"href":"https:\/\/floridadocument.com\/es\/wp-json\/wp\/v2\/media?parent=11612"}],"curies":[{"name":"wp","href":"https:\/\/api.w.org\/{rel}","templated":true}]}}