{"id":12041,"date":"2023-10-01T12:14:00","date_gmt":"2023-10-01T16:14:00","guid":{"rendered":"https:\/\/floridadocument.com\/?page_id=12041"},"modified":"2025-07-06T12:39:29","modified_gmt":"2025-07-06T16:39:29","slug":"online-notarization-ron-order-form-spanish","status":"publish","type":"page","link":"https:\/\/floridadocument.com\/es\/online-notarization-ron-order-form-spanish\/","title":{"rendered":"Formulario de pedido de notarizaci\u00f3n en l\u00ednea (RON) - ESPA\u00d1OL"},"content":{"rendered":"<div data-elementor-type=\"wp-page\" data-elementor-id=\"12041\" class=\"elementor elementor-12041\" data-elementor-post-type=\"page\">\n\t\t\t\t<div data-particle_enable=\"false\" data-particle-mobile-disabled=\"false\" class=\"elementor-element elementor-element-48c473a e-flex e-con-boxed e-con e-parent\" data-id=\"48c473a\" data-element_type=\"container\" data-e-type=\"container\">\n\t\t\t\t\t<div class=\"e-con-inner\">\n\t\t\t\t<div class=\"elementor-element elementor-element-7557aec elementor-widget elementor-widget-html\" data-id=\"7557aec\" data-element_type=\"widget\" data-e-type=\"widget\" data-widget_type=\"html.default\">\n\t\t\t\t<div class=\"elementor-widget-container\">\n\t\t\t\t\t<a name=\"form1679184922\" id=\"formAnchor1679184922\"><\/a>\r\n<script src=\"https:\/\/fs22.formsite.com\/include\/form\/embedManager.js?1679184922\"><\/script>\r\n<script>\r\nEmbedManager.embed({\r\n\tkey: \"https:\/\/fs22.formsite.com\/res\/showFormEmbed?EParam=m_OmK8apOTCLFP8Ovs7sA5yVOhTxx49YK5oMHUOxJy8&1679184922\",\r\n\twidth: \"100%\"\r\n});\r\n<\/script>\t\t\t\t<\/div>\n\t\t\t\t<\/div>\n\t\t\t\t\t<\/div>\n\t\t\t\t<\/div>\n\t\t\t\t<\/div>","protected":false},"excerpt":{"rendered":"","protected":false},"author":4,"featured_media":0,"parent":0,"menu_order":0,"comment_status":"closed","ping_status":"closed","template":"elementor_canvas","meta":{"_lmt_disableupdate":"no","_lmt_disable":"","_monsterinsights_skip_tracking":false,"_monsterinsights_sitenote_active":false,"_monsterinsights_sitenote_note":"","_monsterinsights_sitenote_category":0,"generate_page_header":"","footnotes":""},"class_list":["post-12041","page","type-page","status-publish"],"_links":{"self":[{"href":"https:\/\/floridadocument.com\/es\/wp-json\/wp\/v2\/pages\/12041","targetHints":{"allow":["GET"]}}],"collection":[{"href":"https:\/\/floridadocument.com\/es\/wp-json\/wp\/v2\/pages"}],"about":[{"href":"https:\/\/floridadocument.com\/es\/wp-json\/wp\/v2\/types\/page"}],"author":[{"embeddable":true,"href":"https:\/\/floridadocument.com\/es\/wp-json\/wp\/v2\/users\/4"}],"replies":[{"embeddable":true,"href":"https:\/\/floridadocument.com\/es\/wp-json\/wp\/v2\/comments?post=12041"}],"version-history":[{"count":0,"href":"https:\/\/floridadocument.com\/es\/wp-json\/wp\/v2\/pages\/12041\/revisions"}],"wp:attachment":[{"href":"https:\/\/floridadocument.com\/es\/wp-json\/wp\/v2\/media?parent=12041"}],"curies":[{"name":"wp","href":"https:\/\/api.w.org\/{rel}","templated":true}]}}