{"id":13212,"date":"2025-01-04T20:01:48","date_gmt":"2025-01-05T01:01:48","guid":{"rendered":"https:\/\/floridadocument.com\/?page_id=13212"},"modified":"2025-01-04T20:06:19","modified_gmt":"2025-01-05T01:06:19","slug":"terms-of-service-for-mobile-notary-services","status":"publish","type":"page","link":"https:\/\/floridadocument.com\/es\/terms-of-service-for-mobile-notary-services\/","title":{"rendered":"Condiciones de servicio de los servicios notariales m\u00f3viles"},"content":{"rendered":"<div data-elementor-type=\"wp-page\" data-elementor-id=\"13212\" class=\"elementor elementor-13212\" data-elementor-post-type=\"page\">\n\t\t\t\t<div data-particle_enable=\"false\" data-particle-mobile-disabled=\"false\" class=\"elementor-element elementor-element-7955af0 e-flex e-con-boxed e-con e-parent\" data-id=\"7955af0\" data-element_type=\"container\" data-e-type=\"container\">\n\t\t\t\t\t<div class=\"e-con-inner\">\n\t\t\t\t<div class=\"elementor-element elementor-element-84b4451 elementor-widget elementor-widget-heading\" data-id=\"84b4451\" data-element_type=\"widget\" data-e-type=\"widget\" data-widget_type=\"heading.default\">\n\t\t\t\t<div class=\"elementor-widget-container\">\n\t\t\t\t\t<h2 class=\"elementor-heading-title elementor-size-default\">Condiciones de servicio de los servicios notariales m\u00f3viles<\/h2>\t\t\t\t<\/div>\n\t\t\t\t<\/div>\n\t\t\t\t\t<\/div>\n\t\t\t\t<\/div>\n\t\t<div data-particle_enable=\"false\" data-particle-mobile-disabled=\"false\" class=\"elementor-element elementor-element-f7ca3a7 e-flex e-con-boxed e-con e-parent\" data-id=\"f7ca3a7\" data-element_type=\"container\" data-e-type=\"container\">\n\t\t\t\t\t<div class=\"e-con-inner\">\n\t\t\t\t<div class=\"elementor-element elementor-element-6ab44a8 elementor-widget elementor-widget-text-editor\" data-id=\"6ab44a8\" data-element_type=\"widget\" data-e-type=\"widget\" data-widget_type=\"text-editor.default\">\n\t\t\t\t<div class=\"elementor-widget-container\">\n\t\t\t\t\t\t\t\t\t<p>Fecha de entrada en vigor:  6 de enero de 2025<\/p><p>Bienvenido a Florida Document Specialists. Al utilizar nuestros servicios de notario m\u00f3vil, usted acepta los siguientes t\u00e9rminos y condiciones. Por favor l\u00e9alos cuidadosamente antes de reservar una cita.<\/p><ol><li><strong> Descripci\u00f3n del servicio<\/strong><\/li><\/ol><p>Florida Document Specialists proporciona servicios profesionales de notario m\u00f3vil dentro del Condado de West Volusia, incluyendo DeLand, Astor, Astor Park, De Leon Springs, Barberville, y Pearson. Nuestros servicios incluyen la notarizaci\u00f3n de documentos, la provisi\u00f3n de testigos (si est\u00e1n disponibles), y el desplazamiento a los lugares designados por el cliente, incluyendo hogares, oficinas, hospitales y lugares p\u00fablicos.<\/p><ol start=\"2\"><li><strong> Elegibilidad para el servicio<\/strong><\/li><\/ol><p>Usted debe tener al menos 18 a\u00f1os de edad y poseer una identificaci\u00f3n v\u00e1lida, emitida por el gobierno para utilizar nuestros servicios notariales. Las formas aceptables de identificaci\u00f3n incluyen pero no se limitan a:<\/p><ul><li>Permiso de conducir o documento de identidad expedido por el Estado<\/li><li>Pasaporte (Los pasaportes extranjeros deben estar sellados por el USCIS).<\/li><li>Cartilla militar de EE.UU.<\/li><li>Tarjeta de residente permanente (tarjeta verde)<\/li><li>Permiso de conducir o documento de identidad expedido por Canad\u00e1 o M\u00e9xico<\/li><\/ul><ol start=\"3\"><li><strong> Alcance de los servicios notariales<\/strong><\/li><\/ol><p>Nuestros notarios m\u00f3viles est\u00e1n autorizados a:<\/p><ul><li>Administrar juramentos y afirmaciones<\/li><li>Agradecimientos<\/li><li>Firmas de testigos o testigos<\/li><li>Certificar o dar fe de copias de documentos<\/li><\/ul><p>No proporcionamos asesoramiento jur\u00eddico ni preparamos documentos legales a menos que estemos expl\u00edcitamente autorizados para ello.<\/p><ol start=\"4\"><li><strong> Salud mental del firmante<\/strong><\/li><\/ol><p>Es responsabilidad del cliente asegurarse de que el firmante est\u00e1 en su sano juicio y es capaz de comprender la naturaleza y el significado del documento que firma. Nuestros notarios est\u00e1n obligados a evaluar si el firmante parece mentalmente competente en el momento de la certificaci\u00f3n. Si el notario determina que el firmante no est\u00e1 actuando por su propia voluntad o carece de la capacidad mental para comprender la transacci\u00f3n, el notario puede negarse a proceder con la notarizaci\u00f3n. Se seguir\u00e1 aplicando una tarifa m\u00ednima.<\/p><ol start=\"5\"><li><strong>Tasas y pagos<\/strong><\/li><\/ol><ul><li>Tasa de notarizaci\u00f3n: $10 por firma notarial, seg\u00fan lo permitido por la ley del estado de Florida.<\/li><li>Tasa de desplazamiento: A partir de $45 para localidades dentro de nuestra \u00e1rea de servicio.<\/li><li>Recargo fuera de horario: Las citas programadas despu\u00e9s de las 21:00 tendr\u00e1n un recargo de $60.<\/li><li>Tasa de testigo: $50 por testigo, si est\u00e1 disponible.<\/li><\/ul><p>El pago debe efectuarse en el momento del servicio. Aceptamos tarjetas de cr\u00e9dito\/d\u00e9bito o efectivo.<\/p><ol start=\"6\"><li><strong> Programaci\u00f3n y anulaci\u00f3n de citas<\/strong><\/li><\/ol><ul><li>Las citas pueden concertarse por tel\u00e9fono o a trav\u00e9s de nuestra p\u00e1gina web.<\/li><li>Si un notario llega al lugar programado y la cita no puede llevarse a cabo debido a que el cliente no ha proporcionado la documentaci\u00f3n o identificaci\u00f3n adecuada, se seguir\u00e1 aplicando una tarifa m\u00ednima de $45.<\/li><li>Si el notario m\u00f3vil considera que el lugar no es seguro o tiene dudas sobre la seguridad, Florida Document Specialists se reserva el derecho de negar el servicio. En tales casos, se aplicar\u00e1 una tarifa m\u00ednima de $45.<\/li><\/ul><ol start=\"7\"><li><strong> Provisi\u00f3n para testigos<\/strong><\/li><\/ol><p>Si su documento requiere testigos y usted no puede proporcionarlos, podemos organizar testigos a una tarifa de $50 por testigo, sujeto a disponibilidad. Los testigos proporcionados por Florida Document Specialists est\u00e1n presentes \u00fanicamente para presenciar la firma de los documentos y no revisan ni asesoran sobre el contenido de los mismos.<\/p><ol start=\"8\"><li><strong> Responsabilidades del cliente<\/strong><\/li><\/ol><ul><li>Aseg\u00farese de que todos los documentos que se van a autenticar est\u00e1n completos y listos para firmar.<\/li><li>Proporcionar una identificaci\u00f3n v\u00e1lida para todos los firmantes.<\/li><li>Inf\u00f3rmenos con antelaci\u00f3n de cualquier requisito especial, como testigos adicionales o instrucciones espec\u00edficas para la firma.<\/li><\/ul><ol start=\"9\"><li><strong> Limitaci\u00f3n de responsabilidad<\/strong><\/li><\/ol><p>Nuestros notarios realizan servicios de acuerdo con las leyes y regulaciones estatales aplicables. Aunque tomamos todas las precauciones razonables para garantizar un servicio preciso y profesional, Florida Document Specialists no se hace responsable de:<\/p><ul><li>La legalidad o validez de los documentos notariales.<\/li><li>Cualquier problema derivado de documentos mal elaborados.<\/li><li>Cualquier p\u00e9rdida o da\u00f1o resultante del incumplimiento de estas condiciones por parte del cliente.<strong> Confidencialidad<\/strong><\/li><\/ul><p>Respetamos su privacidad y nos comprometemos a mantener la confidencialidad de todos los documentos y la informaci\u00f3n compartida durante el proceso de notarizaci\u00f3n. Nuestros notarios se adhieren a estrictas normas profesionales para garantizar la protecci\u00f3n de su informaci\u00f3n personal.<\/p><ol start=\"11\"><li><strong> Fuerza mayor<\/strong><\/li><\/ol><p>Florida Document Specialists no se hace responsable de los retrasos o la no prestaci\u00f3n de servicios debidos a circunstancias fuera de nuestro control, incluyendo pero no limitado a desastres naturales, accidentes, acciones gubernamentales o actos de Dios.<\/p><ol start=\"12\"><li><strong> Derecho aplicable<\/strong><\/li><\/ol><p>Estos t\u00e9rminos se regir\u00e1n e interpretar\u00e1n de acuerdo con las leyes del Estado de Florida. Cualquier disputa que surja de estos t\u00e9rminos o de nuestros servicios estar\u00e1 sujeta a la jurisdicci\u00f3n exclusiva de los tribunales del Condado de Volusia, Florida.<\/p><ol start=\"13\"><li><strong> Enmiendas<\/strong><\/li><\/ol><p>Nos reservamos el derecho a modificar estas Condiciones del servicio en cualquier momento. Cualquier cambio ser\u00e1 publicado en nuestro sitio web, y el uso continuado de nuestros servicios constituye la aceptaci\u00f3n de los t\u00e9rminos revisados.<\/p><ol start=\"14\"><li><strong> Informaci\u00f3n de contacto<\/strong><\/li><\/ol><p>Si tiene alguna pregunta o duda sobre estas Condiciones de servicio, p\u00f3ngase en contacto con nosotros:<\/p><p>Florida Document Specialists<br \/>435 S. Ridgewood Ave. Daytona Beach, FL 32114<br \/>Tel: 386-256-5540<br \/>Correo electr\u00f3nico: <a href=\"mailto:notary@floridadocument.com\">notary@floridadocument.com<\/a><br \/>P\u00e1gina web: <a href=\"https:\/\/floridadocument.com\/es\/\">https:\/\/floridadocument.com<\/a><\/p><p>Gracias por elegir Florida Document Specialists para sus necesidades notariales m\u00f3viles. \u00a1Esperamos poder servirle!<\/p>\t\t\t\t\t\t\t\t<\/div>\n\t\t\t\t<\/div>\n\t\t\t\t\t<\/div>\n\t\t\t\t<\/div>\n\t\t\t\t<\/div>","protected":false},"excerpt":{"rendered":"<p>Condiciones de servicio para servicios notariales m\u00f3viles Fecha de entrada en vigor:  6 de enero de 2025 Bienvenido a Florida Document Specialists. Al utilizar nuestros servicios notary m\u00f3vil, usted acepta los siguientes t\u00e9rminos y condiciones. L\u00e9alas atentamente antes de reservar una cita. Descripci\u00f3n del servicio Florida Document Specialists ofrece servicios profesionales de notary m\u00f3vil en el oeste del condado de Volusia, incluyendo DeLand, ... <a title=\"Condiciones de servicio de los servicios notariales m\u00f3viles\" class=\"read-more\" href=\"https:\/\/floridadocument.com\/es\/terms-of-service-for-mobile-notary-services\/\" aria-label=\"Leer m\u00e1s sobre Condiciones de servicio de los servicios notariales m\u00f3viles\">Seguir leyendo<\/a><\/p>","protected":false},"author":4,"featured_media":0,"parent":0,"menu_order":0,"comment_status":"closed","ping_status":"closed","template":"","meta":{"_lmt_disableupdate":"","_lmt_disable":"","_monsterinsights_skip_tracking":false,"_monsterinsights_sitenote_active":false,"_monsterinsights_sitenote_note":"","_monsterinsights_sitenote_category":0,"generate_page_header":"","footnotes":""},"class_list":["post-13212","page","type-page","status-publish"],"_links":{"self":[{"href":"https:\/\/floridadocument.com\/es\/wp-json\/wp\/v2\/pages\/13212","targetHints":{"allow":["GET"]}}],"collection":[{"href":"https:\/\/floridadocument.com\/es\/wp-json\/wp\/v2\/pages"}],"about":[{"href":"https:\/\/floridadocument.com\/es\/wp-json\/wp\/v2\/types\/page"}],"author":[{"embeddable":true,"href":"https:\/\/floridadocument.com\/es\/wp-json\/wp\/v2\/users\/4"}],"replies":[{"embeddable":true,"href":"https:\/\/floridadocument.com\/es\/wp-json\/wp\/v2\/comments?post=13212"}],"version-history":[{"count":0,"href":"https:\/\/floridadocument.com\/es\/wp-json\/wp\/v2\/pages\/13212\/revisions"}],"wp:attachment":[{"href":"https:\/\/floridadocument.com\/es\/wp-json\/wp\/v2\/media?parent=13212"}],"curies":[{"name":"wp","href":"https:\/\/api.w.org\/{rel}","templated":true}]}}