{"id":13289,"date":"2025-01-13T09:36:04","date_gmt":"2025-01-13T14:36:04","guid":{"rendered":"https:\/\/floridadocument.com\/?page_id=13289"},"modified":"2025-12-18T10:51:17","modified_gmt":"2025-12-18T15:51:17","slug":"id-complycube-portal-verify-13289","status":"publish","type":"page","link":"https:\/\/floridadocument.com\/es\/id-complycube-portal-verify-13289\/","title":{"rendered":"Verificaci\u00f3n de identidad - ComplyCube"},"content":{"rendered":"<div data-elementor-type=\"wp-page\" data-elementor-id=\"13289\" class=\"elementor elementor-13289\" data-elementor-post-type=\"page\">\n\t\t\t\t<div data-particle_enable=\"false\" data-particle-mobile-disabled=\"false\" class=\"elementor-element elementor-element-2df4893 e-flex e-con-boxed e-con e-parent\" data-id=\"2df4893\" data-element_type=\"container\" data-e-type=\"container\">\n\t\t\t\t\t<div class=\"e-con-inner\">\n\t\t\t\t<div class=\"elementor-element elementor-element-e15ce65 elementor-widget-divider--view-line elementor-widget elementor-widget-divider\" data-id=\"e15ce65\" data-element_type=\"widget\" data-e-type=\"widget\" data-widget_type=\"divider.default\">\n\t\t\t\t<div class=\"elementor-widget-container\">\n\t\t\t\t\t\t\t<div class=\"elementor-divider\">\n\t\t\t<span class=\"elementor-divider-separator\">\n\t\t\t\t\t\t<\/span>\n\t\t<\/div>\n\t\t\t\t\t\t<\/div>\n\t\t\t\t<\/div>\n\t\t\t\t\t<\/div>\n\t\t\t\t<\/div>\n\t\t<div data-particle_enable=\"false\" data-particle-mobile-disabled=\"false\" class=\"elementor-element elementor-element-dafc509 e-flex e-con-boxed e-con e-parent\" data-id=\"dafc509\" data-element_type=\"container\" data-e-type=\"container\">\n\t\t\t\t\t<div class=\"e-con-inner\">\n\t\t\t\t<div class=\"elementor-element elementor-element-c3e6fc5 elementor-widget elementor-widget-text-editor\" data-id=\"c3e6fc5\" data-element_type=\"widget\" data-e-type=\"widget\" data-widget_type=\"text-editor.default\">\n\t\t\t\t<div class=\"elementor-widget-container\">\n\t\t\t\t\t\t\t\t\t<div style=\"font-family: 'Open Sans', -apple-system, BlinkMacSystemFont, 'Segoe UI', Arial, sans-serif; background: #ffffff; border-radius: 18px; padding: 28px 32px; box-shadow: 0 10px 30px rgba(15, 23, 42, 0.06);\">\n\n<!-- H1 -->\n<h1 style=\"margin: 0 0 18px 0; font-size: 2.1rem; line-height: 1.3; font-weight: 800; letter-spacing: -0.02em; color: #163b8f;\">Florida Document Specialists \u2013 Portal de verificaci\u00f3n de identidad<\/h1>\n<!-- H2 in colored summary box with blue left line -->\n<div style=\"display: inline-block; padding: 12px 18px; border-radius: 14px; background: #eef2ff; border-left: 4px solid #2563eb; box-shadow: 0 6px 18px rgba(15, 23, 42, 0.06);\">\n<h2 style=\"margin: 0; font-size: 1.05rem; line-height: 1.4; font-weight: bold; color: #111827;\">Opci\u00f3n 1 (la mejor y m\u00e1s r\u00e1pida)<\/h2>\n<\/div>\n<\/div>\t\t\t\t\t\t\t\t<\/div>\n\t\t\t\t<\/div>\n\t\t\t\t\t<\/div>\n\t\t\t\t<\/div>\n\t\t<div data-particle_enable=\"false\" data-particle-mobile-disabled=\"false\" class=\"elementor-element elementor-element-0fca481 e-flex e-con-boxed e-con e-parent\" data-id=\"0fca481\" data-element_type=\"container\" data-e-type=\"container\">\n\t\t\t\t\t<div class=\"e-con-inner\">\n\t\t<div data-particle_enable=\"false\" data-particle-mobile-disabled=\"false\" class=\"elementor-element elementor-element-5729a50 e-con-full e-flex e-con e-child\" data-id=\"5729a50\" data-element_type=\"container\" data-e-type=\"container\">\n\t\t\t\t<div class=\"elementor-element elementor-element-1838a0c elementor-widget elementor-widget-image\" data-id=\"1838a0c\" data-element_type=\"widget\" data-e-type=\"widget\" data-widget_type=\"image.default\">\n\t\t\t\t<div class=\"elementor-widget-container\">\n\t\t\t\t\t\t\t\t\t\t\t\t\t\t\t<img fetchpriority=\"high\" decoding=\"async\" width=\"840\" height=\"560\" src=\"https:\/\/floridadocument.com\/wp-content\/uploads\/2025\/07\/SCAN_WITH_PHONE_TO_BEGIN_IMAGE-1024x683.jpg\" class=\"attachment-large size-large wp-image-15181\" alt=\"\" srcset=\"https:\/\/floridadocument.com\/wp-content\/uploads\/2025\/07\/SCAN_WITH_PHONE_TO_BEGIN_IMAGE-1024x683.jpg 1024w, https:\/\/floridadocument.com\/wp-content\/uploads\/2025\/07\/SCAN_WITH_PHONE_TO_BEGIN_IMAGE-300x200.jpg 300w, https:\/\/floridadocument.com\/wp-content\/uploads\/2025\/07\/SCAN_WITH_PHONE_TO_BEGIN_IMAGE-768x512.jpg 768w, https:\/\/floridadocument.com\/wp-content\/uploads\/2025\/07\/SCAN_WITH_PHONE_TO_BEGIN_IMAGE-18x12.jpg 18w, https:\/\/floridadocument.com\/wp-content\/uploads\/2025\/07\/SCAN_WITH_PHONE_TO_BEGIN_IMAGE.jpg 1536w\" sizes=\"(max-width: 840px) 100vw, 840px\" \/>\t\t\t\t\t\t\t\t\t\t\t\t\t\t\t<\/div>\n\t\t\t\t<\/div>\n\t\t\t\t<\/div>\n\t\t<div data-particle_enable=\"false\" data-particle-mobile-disabled=\"false\" class=\"elementor-element elementor-element-7196115 e-con-full e-flex e-con e-child\" data-id=\"7196115\" data-element_type=\"container\" data-e-type=\"container\">\n\t\t\t\t<div class=\"elementor-element elementor-element-35062a0 elementor-widget elementor-widget-image\" data-id=\"35062a0\" data-element_type=\"widget\" data-e-type=\"widget\" data-widget_type=\"image.default\">\n\t\t\t\t<div class=\"elementor-widget-container\">\n\t\t\t\t\t\t\t\t\t\t\t\t<figure class=\"wp-caption\">\n\t\t\t\t\t\t\t\t\t\t<img decoding=\"async\" width=\"300\" height=\"300\" src=\"https:\/\/floridadocument.com\/wp-content\/uploads\/2025\/07\/COMPLY-CUBE-IDV-MOBILE-300x300.png\" class=\"attachment-medium size-medium wp-image-15179\" alt=\"\" srcset=\"https:\/\/floridadocument.com\/wp-content\/uploads\/2025\/07\/COMPLY-CUBE-IDV-MOBILE-300x300.png 300w, https:\/\/floridadocument.com\/wp-content\/uploads\/2025\/07\/COMPLY-CUBE-IDV-MOBILE-1024x1024.png 1024w, https:\/\/floridadocument.com\/wp-content\/uploads\/2025\/07\/COMPLY-CUBE-IDV-MOBILE-150x150.png 150w, https:\/\/floridadocument.com\/wp-content\/uploads\/2025\/07\/COMPLY-CUBE-IDV-MOBILE-768x768.png 768w, https:\/\/floridadocument.com\/wp-content\/uploads\/2025\/07\/COMPLY-CUBE-IDV-MOBILE-1536x1536.png 1536w, https:\/\/floridadocument.com\/wp-content\/uploads\/2025\/07\/COMPLY-CUBE-IDV-MOBILE-2048x2048.png 2048w, https:\/\/floridadocument.com\/wp-content\/uploads\/2025\/07\/COMPLY-CUBE-IDV-MOBILE-12x12.png 12w, https:\/\/floridadocument.com\/wp-content\/uploads\/2025\/07\/COMPLY-CUBE-IDV-MOBILE-700x700.png 700w\" sizes=\"(max-width: 300px) 100vw, 300px\" \/>\t\t\t\t\t\t\t\t\t\t\t<figcaption class=\"widget-image-caption wp-caption-text\">Escanee este c\u00f3digo con su tel\u00e9fono m\u00f3vil<\/figcaption>\n\t\t\t\t\t\t\t\t\t\t<\/figure>\n\t\t\t\t\t\t\t\t\t<\/div>\n\t\t\t\t<\/div>\n\t\t\t\t<\/div>\n\t\t\t\t\t<\/div>\n\t\t\t\t<\/div>\n\t\t<div data-particle_enable=\"false\" data-particle-mobile-disabled=\"false\" class=\"elementor-element elementor-element-e73b7b8 e-flex e-con-boxed e-con e-parent\" data-id=\"e73b7b8\" data-element_type=\"container\" data-e-type=\"container\">\n\t\t\t\t\t<div class=\"e-con-inner\">\n\t\t\t\t<div class=\"elementor-element elementor-element-ec6f68f elementor-widget-divider--view-line elementor-widget elementor-widget-divider\" data-id=\"ec6f68f\" data-element_type=\"widget\" data-e-type=\"widget\" data-widget_type=\"divider.default\">\n\t\t\t\t<div class=\"elementor-widget-container\">\n\t\t\t\t\t\t\t<div class=\"elementor-divider\">\n\t\t\t<span class=\"elementor-divider-separator\">\n\t\t\t\t\t\t<\/span>\n\t\t<\/div>\n\t\t\t\t\t\t<\/div>\n\t\t\t\t<\/div>\n\t\t\t\t\t<\/div>\n\t\t\t\t<\/div>\n\t\t<div data-particle_enable=\"false\" data-particle-mobile-disabled=\"false\" class=\"elementor-element elementor-element-de0d947 e-flex e-con-boxed e-con e-parent\" data-id=\"de0d947\" data-element_type=\"container\" data-e-type=\"container\">\n\t\t\t\t\t<div class=\"e-con-inner\">\n\t\t\t\t<div class=\"elementor-element elementor-element-9ce9929 elementor-widget elementor-widget-text-editor\" data-id=\"9ce9929\" data-element_type=\"widget\" data-e-type=\"widget\" data-widget_type=\"text-editor.default\">\n\t\t\t\t<div class=\"elementor-widget-container\">\n\t\t\t\t\t\t\t\t\t<div style=\"display: inline-block; padding: 12px 18px; border-radius: 14px; background: #eef2ff; border-left: 4px solid #2563eb; box-shadow: 0 6px 18px rgba(15, 23, 42, 0.06);\">\n  <h2 style=\"margin: 0; font-size: 1.05rem; line-height: 1.4; font-weight: bold; color: #111827;\">\n    Opci\u00f3n 2 (utilice su computadora)\n  <\/h2>\n<\/div>\n\t\t\t\t\t\t\t\t<\/div>\n\t\t\t\t<\/div>\n\t\t\t\t\t<\/div>\n\t\t\t\t<\/div>\n\t\t<div data-particle_enable=\"false\" data-particle-mobile-disabled=\"false\" class=\"elementor-element elementor-element-f8e3267 e-flex e-con-boxed e-con e-parent\" data-id=\"f8e3267\" data-element_type=\"container\" data-e-type=\"container\">\n\t\t\t\t\t<div class=\"e-con-inner\">\n\t\t\t\t<div class=\"elementor-element elementor-element-f33b8c9 elementor-widget elementor-widget-text-editor\" data-id=\"f33b8c9\" data-element_type=\"widget\" data-e-type=\"widget\" data-widget_type=\"text-editor.default\">\n\t\t\t\t<div class=\"elementor-widget-container\">\n\t\t\t\t\t\t\t\t\t<div style=\"font-family: 'Open Sans', Arial, sans-serif; color: #111827; line-height: 1.75; max-width: 820px; margin: 0 auto;\">\n\n  <!-- Overline -->\n  <p style=\"text-transform: uppercase; letter-spacing: 0.16em; font-size: 14px; font-weight: 800; color: #374151; margin: 0 0 8px;\">\n    Verificaci\u00f3n segura de la identidad\n  <\/p>\n\n  <!-- Heading -->\n  <h2 style=\"margin: 0 0 12px; font-size: 26px; line-height: 1.25; color: #1e40af; font-weight: 900;\">\n    Completa tu verificaci\u00f3n de identidad en l\u00ednea\n  <\/h2>\n\n  <!-- Description -->\n  <p style=\"margin: 0 0 18px; font-size: 16.5px;\">\n    Para continuar, necesitamos verificar su identidad mediante un proceso seguro y compatible con dispositivos m\u00f3viles. Este paso confirma su identificaci\u00f3n oficial y valida su identidad en tiempo real. Solo toma unos minutos y funciona en cualquier tel\u00e9fono inteligente, tableta o computadora.\n  <\/p>\n\n  <!-- Callout Box -->\n  <div style=\"background: #f8fafc; border: 1px solid #dbeafe; border-left: 5px solid #1e40af; border-radius: 10px; padding: 18px 20px; margin-bottom: 22px;\">\n    <p style=\"margin: 0; font-size: 15.5px;\">\n      <strong>Lo que necesitar\u00e1s:<\/strong> Una identificaci\u00f3n con foto v\u00e1lida emitida por el gobierno y un dispositivo con c\u00e1mara. Se le guiar\u00e1 paso a paso a lo largo del proceso.\n    <\/p>\n  <\/div>\n\n  <!-- Button -->\n  <div style=\"text-align: left; margin-bottom: 6px;\">\n    <a href=\"https:\/\/floridadocument.com\/es\/id-verification-complycube-mobile\/\"\n       target=\"_blank\"\n       style=\"display: inline-block; background: #1e40af; color: #ffffff; text-decoration: none;              padding: 14px 26px; font-size: 16px; font-weight: 700; border-radius: 999px;              box-shadow: 0 6px 16px rgba(30, 64, 175, 0.25);\">\n      Inicie ahora la verificaci\u00f3n de identidad\n    <\/a>\n  <\/div>\n\n  <!-- Fine Print -->\n  <p style=\"margin: 10px 0 0; font-size: 13.5px; color: #4b5563;\">\n    Esta verificaci\u00f3n es necesaria por motivos de cumplimiento normativo y seguridad. Si tienes alguna pregunta o problema, ponte en contacto con nuestro equipo antes de continuar.\n  <\/p>\n\n<\/div>\n\t\t\t\t\t\t\t\t<\/div>\n\t\t\t\t<\/div>\n\t\t\t\t\t<\/div>\n\t\t\t\t<\/div>\n\t\t<div data-particle_enable=\"false\" data-particle-mobile-disabled=\"false\" class=\"elementor-element elementor-element-d3865db e-flex e-con-boxed e-con e-parent\" data-id=\"d3865db\" data-element_type=\"container\" data-e-type=\"container\">\n\t\t\t\t\t<div class=\"e-con-inner\">\n\t\t\t\t<div class=\"elementor-element elementor-element-30468b2 elementor-widget-divider--view-line elementor-widget elementor-widget-divider\" data-id=\"30468b2\" data-element_type=\"widget\" data-e-type=\"widget\" data-widget_type=\"divider.default\">\n\t\t\t\t<div class=\"elementor-widget-container\">\n\t\t\t\t\t\t\t<div class=\"elementor-divider\">\n\t\t\t<span class=\"elementor-divider-separator\">\n\t\t\t\t\t\t<\/span>\n\t\t<\/div>\n\t\t\t\t\t\t<\/div>\n\t\t\t\t<\/div>\n\t\t\t\t\t<\/div>\n\t\t\t\t<\/div>\n\t\t<div data-particle_enable=\"false\" data-particle-mobile-disabled=\"false\" class=\"elementor-element elementor-element-4103b92 e-flex e-con-boxed e-con e-parent\" data-id=\"4103b92\" data-element_type=\"container\" data-e-type=\"container\">\n\t\t\t\t\t<div class=\"e-con-inner\">\n\t\t\t\t<div class=\"elementor-element elementor-element-716aefc elementor-widget elementor-widget-text-editor\" data-id=\"716aefc\" data-element_type=\"widget\" data-e-type=\"widget\" data-widget_type=\"text-editor.default\">\n\t\t\t\t<div class=\"elementor-widget-container\">\n\t\t\t\t\t\t\t\t\t<p style=\"text-align: center;\">Si tiene alguna pregunta o necesita ayuda, llame al 800-255-5287 o env\u00ede un correo electr\u00f3nico a\u00a0<a href=\"mailto:notary@floridadocument.com\">notary@floridadocument.com<\/a><\/p>\t\t\t\t\t\t\t\t<\/div>\n\t\t\t\t<\/div>\n\t\t\t\t\t<\/div>\n\t\t\t\t<\/div>\n\t\t\t\t<\/div>","protected":false},"excerpt":{"rendered":"<p>Florida Document Specialists \u2013 ID Verification Portal Option\u00a01 (Best and Fastest) Scan This Code with Your Mobile Phone Option&nbsp;2 (Use Your Computer) Secure Identity Verification Complete Your Online ID Verification To move forward, we need to verify your identity using a secure, mobile-friendly process. This step confirms your government-issued ID and validates your identity in &#8230; <a title=\"Verificaci\u00f3n de identidad - ComplyCube\" class=\"read-more\" href=\"https:\/\/floridadocument.com\/es\/id-complycube-portal-verify-13289\/\" aria-label=\"M\u00e1s informaci\u00f3n sobre la verificaci\u00f3n de identidad - ComplyCube\">Seguir leyendo<\/a><\/p>","protected":false},"author":4,"featured_media":0,"parent":0,"menu_order":0,"comment_status":"closed","ping_status":"closed","template":"elementor_canvas","meta":{"_lmt_disableupdate":"no","_lmt_disable":"","_monsterinsights_skip_tracking":false,"_monsterinsights_sitenote_active":false,"_monsterinsights_sitenote_note":"","_monsterinsights_sitenote_category":0,"generate_page_header":"","footnotes":""},"class_list":["post-13289","page","type-page","status-publish"],"_links":{"self":[{"href":"https:\/\/floridadocument.com\/es\/wp-json\/wp\/v2\/pages\/13289","targetHints":{"allow":["GET"]}}],"collection":[{"href":"https:\/\/floridadocument.com\/es\/wp-json\/wp\/v2\/pages"}],"about":[{"href":"https:\/\/floridadocument.com\/es\/wp-json\/wp\/v2\/types\/page"}],"author":[{"embeddable":true,"href":"https:\/\/floridadocument.com\/es\/wp-json\/wp\/v2\/users\/4"}],"replies":[{"embeddable":true,"href":"https:\/\/floridadocument.com\/es\/wp-json\/wp\/v2\/comments?post=13289"}],"version-history":[{"count":10,"href":"https:\/\/floridadocument.com\/es\/wp-json\/wp\/v2\/pages\/13289\/revisions"}],"predecessor-version":[{"id":19065,"href":"https:\/\/floridadocument.com\/es\/wp-json\/wp\/v2\/pages\/13289\/revisions\/19065"}],"wp:attachment":[{"href":"https:\/\/floridadocument.com\/es\/wp-json\/wp\/v2\/media?parent=13289"}],"curies":[{"name":"wp","href":"https:\/\/api.w.org\/{rel}","templated":true}]}}