{"id":15893,"date":"2025-08-11T18:53:10","date_gmt":"2025-08-11T22:53:10","guid":{"rendered":"https:\/\/floridadocument.com\/?page_id=15893"},"modified":"2025-11-07T17:35:27","modified_gmt":"2025-11-07T22:35:27","slug":"privacy-policy","status":"publish","type":"page","link":"https:\/\/floridadocument.com\/es\/privacy-policy\/","title":{"rendered":"Pol\u00edtica de privacidad"},"content":{"rendered":"<div data-elementor-type=\"wp-page\" data-elementor-id=\"15893\" class=\"elementor elementor-15893\" data-elementor-post-type=\"page\">\n\t\t\t\t<div data-particle_enable=\"false\" data-particle-mobile-disabled=\"false\" class=\"elementor-element elementor-element-376abd5d e-flex e-con-boxed e-con e-parent\" data-id=\"376abd5d\" data-element_type=\"container\" data-e-type=\"container\">\n\t\t\t\t\t<div class=\"e-con-inner\">\n\t\t\t\t<div class=\"elementor-element elementor-element-cae962a elementor-widget elementor-widget-heading\" data-id=\"cae962a\" data-element_type=\"widget\" data-e-type=\"widget\" data-widget_type=\"heading.default\">\n\t\t\t\t<div class=\"elementor-widget-container\">\n\t\t\t\t\t<h1 class=\"elementor-heading-title elementor-size-default\">Pol\u00edtica de privacidad<\/h1>\t\t\t\t<\/div>\n\t\t\t\t<\/div>\n\t\t\t\t<div class=\"elementor-element elementor-element-73e17c5e elementor-widget elementor-widget-text-editor\" data-id=\"73e17c5e\" data-element_type=\"widget\" data-e-type=\"widget\" data-widget_type=\"text-editor.default\">\n\t\t\t\t<div class=\"elementor-widget-container\">\n\t\t\t\t\t\t\t\t\t<p data-start=\"303\" data-end=\"581\"><strong>En Florida Document Specialists nos pasamos el d\u00eda lidiando con papeleo, no con sus datos.<\/strong> Esta p\u00e1gina explica c\u00f3mo tratamos su informaci\u00f3n cuando trabaja con nosotros para apostillas, notarizaci\u00f3n en l\u00ednea (RON), eRecording, huellas dactilares LiveScan y otras aventuras relacionadas con documentos.<\/p>\n<hr data-start=\"583\" data-end=\"586\" \/>\n<h3 data-start=\"588\" data-end=\"606\"><strong data-start=\"592\" data-end=\"606\">Qui\u00e9nes somos<\/strong><\/h3>\n<p data-start=\"607\" data-end=\"999\">Florida Document Specialists es el nombre comercial de <strong data-start=\"657\" data-end=\"697\">Mariposa Professional Services, Inc.<\/strong>situado en <strong data-start=\"710\" data-end=\"760\">435 S. Ridgewood Ave., Daytona Beach, FL 32114<\/strong>.<br \/><br data-start=\"761\" data-end=\"764\" \/>Nuestra p\u00e1gina web: <a class=\"decorated-link\" href=\"https:\/\/floridadocument.com\/es\/\" target=\"_new\" rel=\"noopener\" data-start=\"777\" data-end=\"835\">https:\/\/floridadocument.com<\/a><br \/><br data-start=\"835\" data-end=\"838\" \/>Proporcionamos servicios de mecanograf\u00eda y administrativos relacionados con documentos, notarizaci\u00f3n remota, procesamiento de apostillas, eRecording y servicios seguros de comprobaci\u00f3n de antecedentes LiveScan para clientes de todo Estados Unidos y del extranjero.<\/p>\n<hr data-start=\"1001\" data-end=\"1004\" \/>\n<h3 data-start=\"1006\" data-end=\"1039\"><strong data-start=\"1010\" data-end=\"1039\">Qu\u00e9 recopilamos (y por qu\u00e9)<\/strong><\/h3>\n<p data-start=\"1040\" data-end=\"1121\">S\u00f3lo pedimos lo necesario para hacer el trabajo, nada m\u00e1s, nada raro.<\/p>\n<ul data-start=\"1123\" data-end=\"1569\">\n<li data-start=\"1123\" data-end=\"1190\">\n<p data-start=\"1125\" data-end=\"1190\"><strong data-start=\"1125\" data-end=\"1143\">Detalles b\u00e1sicos:<\/strong> nombre, correo electr\u00f3nico, tel\u00e9fono, direcci\u00f3n postal y de facturaci\u00f3n.<\/p>\n<\/li>\n<li data-start=\"1191\" data-end=\"1281\">\n<p data-start=\"1193\" data-end=\"1281\"><strong data-start=\"1193\" data-end=\"1213\">Documentos e identificaciones:<\/strong> lo que cargue para la certificaci\u00f3n notarial, la apostilla o la comprobaci\u00f3n de antecedentes.<\/p>\n<\/li>\n<li data-start=\"1282\" data-end=\"1385\">\n<p data-start=\"1284\" data-end=\"1385\"><strong data-start=\"1284\" data-end=\"1301\">Informaci\u00f3n sobre el pago:<\/strong> procesadas a trav\u00e9s de Stripe, Square o Helcim (nunca vemos el n\u00famero completo de su tarjeta).<\/p>\n<\/li>\n<li data-start=\"1386\" data-end=\"1486\">\n<p data-start=\"1388\" data-end=\"1486\"><strong data-start=\"1388\" data-end=\"1407\">Bits t\u00e9cnicos:<\/strong> Direcci\u00f3n IP, tipo de navegador y sistema operativo: datos est\u00e1ndar de an\u00e1lisis web.<\/p>\n<\/li>\n<li data-start=\"1487\" data-end=\"1569\">\n<p data-start=\"1489\" data-end=\"1569\"><strong data-start=\"1489\" data-end=\"1529\">Cualquier otra cosa que comparta voluntariamente:<\/strong> correos electr\u00f3nicos, formularios o llamadas con nuestro personal.<\/p>\n<\/li>\n<\/ul>\n<hr data-start=\"1571\" data-end=\"1574\" \/>\n<h3 data-start=\"1576\" data-end=\"1611\"><strong data-start=\"1580\" data-end=\"1611\">C\u00f3mo utilizamos su informaci\u00f3n<\/strong><\/h3>\n<p data-start=\"1612\" data-end=\"1672\"><strong>Tus datos hacen posible la magia entre bastidores. La utilizamos para:<\/strong><\/p>\n<ol data-start=\"1674\" data-end=\"2069\">\n<li data-start=\"1674\" data-end=\"1724\">\n<p data-start=\"1677\" data-end=\"1724\">Prestar y completar los servicios solicitados.<\/p>\n<\/li>\n<li data-start=\"1725\" data-end=\"1784\">\n<p data-start=\"1728\" data-end=\"1784\">Comunicarnos su pedido, cita o consulta.<\/p>\n<\/li>\n<li data-start=\"1785\" data-end=\"1816\">\n<p data-start=\"1788\" data-end=\"1816\">Procese los pagos de forma segura.<\/p>\n<\/li>\n<li data-start=\"1817\" data-end=\"1921\">\n<p data-start=\"1820\" data-end=\"1921\">Cumplir los requisitos legales y reglamentarios (los proveedores de notaries y LiveScan deben conservar determinados registros).<\/p>\n<\/li>\n<li data-start=\"1922\" data-end=\"1962\">\n<p data-start=\"1925\" data-end=\"1962\">Prevenir el fraude y mejorar la seguridad.<\/p>\n<\/li>\n<li data-start=\"1963\" data-end=\"1998\">\n<p data-start=\"1966\" data-end=\"1998\">Mejorar nuestro sitio y nuestros servicios.<\/p>\n<\/li>\n<li data-start=\"1999\" data-end=\"2069\">\n<p data-start=\"2002\" data-end=\"2069\">Enviar ocasionalmente actualizaciones u ofertas (puede darse de baja en cualquier momento).<\/p>\n<\/li>\n<\/ol>\n<p data-start=\"2071\" data-end=\"2169\">No vendemos ni alquilamos su informaci\u00f3n, nunca. Ese no es nuestro modelo de negocio y nunca lo ser\u00e1.<\/p>\n<hr data-start=\"2171\" data-end=\"2174\" \/>\n<h3 data-start=\"2176\" data-end=\"2204\"><strong data-start=\"2180\" data-end=\"2204\">Cookies y rastreo<\/strong><\/h3>\n<p data-start=\"2205\" data-end=\"2382\">Nuestro sitio web utiliza cookies y herramientas anal\u00edticas para agilizar y facilitar la navegaci\u00f3n. Si lo desea, puede desactivar las cookies en su navegador, pero el sitio podr\u00eda perder parte de su encanto.<\/p>\n<hr data-start=\"2384\" data-end=\"2387\" \/>\n<h3 data-start=\"2389\" data-end=\"2416\"><strong data-start=\"2393\" data-end=\"2416\">Compartir informaci\u00f3n<\/strong><\/h3>\n<p data-start=\"2417\" data-end=\"2478\">S\u00f3lo compartimos datos con socios de confianza que nos ayudan a operar:<\/p>\n<ul data-start=\"2480\" data-end=\"2685\">\n<li data-start=\"2480\" data-end=\"2531\">\n<p data-start=\"2482\" data-end=\"2531\"><strong data-start=\"2482\" data-end=\"2505\">Procesadores de pago:<\/strong> Raya, Cuadrado, Helcim.<\/p>\n<\/li>\n<li data-start=\"2532\" data-end=\"2608\">\n<p data-start=\"2534\" data-end=\"2608\"><strong data-start=\"2534\" data-end=\"2574\">Proveedores de verificaci\u00f3n y entrega:<\/strong> correo electr\u00f3nico, DNI o socios de mensajer\u00eda.<\/p>\n<\/li>\n<li data-start=\"2609\" data-end=\"2685\">\n<p data-start=\"2611\" data-end=\"2685\"><strong data-start=\"2611\" data-end=\"2632\">Cumplimiento legal:<\/strong> tribunales u organismos, pero s\u00f3lo cuando lo exija la ley.<\/p>\n<\/li>\n<\/ul>\n<p data-start=\"2687\" data-end=\"2736\">Eso es todo: ni bazar de datos ni \u201csocios sorpresa\u201d.\u201d<\/p>\n<hr data-start=\"2738\" data-end=\"2741\" \/>\n<h3 data-start=\"2743\" data-end=\"2765\"><strong data-start=\"2747\" data-end=\"2765\">Conservaci\u00f3n de datos<\/strong><\/h3>\n<p data-start=\"2766\" data-end=\"2820\">Conservamos su informaci\u00f3n s\u00f3lo el tiempo necesario para:<\/p>\n<ul data-start=\"2822\" data-end=\"2994\">\n<li data-start=\"2822\" data-end=\"2854\">\n<p data-start=\"2824\" data-end=\"2854\">Finalice su solicitud de servicio.<\/p>\n<\/li>\n<li data-start=\"2855\" data-end=\"2949\">\n<p data-start=\"2857\" data-end=\"2949\">Cumplir las normas estatales y federales de conservaci\u00f3n de notar\u00edas, apostillas y huellas dactilares.<\/p>\n<\/li>\n<li data-start=\"2950\" data-end=\"2994\">\n<p data-start=\"2952\" data-end=\"2994\">Cumplir los requisitos contables y fiscales.<\/p>\n<\/li>\n<\/ul>\n<p data-start=\"2996\" data-end=\"3067\">Cuando se acaba el tiempo, tus archivos se eliminan de forma segura, sin cabos sueltos.<\/p>\n<hr data-start=\"3069\" data-end=\"3072\" \/>\n<h3 data-start=\"3074\" data-end=\"3093\"><strong data-start=\"3078\" data-end=\"3093\">Sus derechos<\/strong><\/h3>\n<p data-start=\"3094\" data-end=\"3126\">Tienes todo el control. T\u00fa puedes:<\/p>\n<ul data-start=\"3128\" data-end=\"3302\">\n<li data-start=\"3128\" data-end=\"3169\">\n<p data-start=\"3130\" data-end=\"3169\"><strong data-start=\"3130\" data-end=\"3140\">Acceda a<\/strong> los datos personales que poseemos.<\/p>\n<\/li>\n<li data-start=\"3170\" data-end=\"3206\">\n<p data-start=\"3172\" data-end=\"3206\"><strong data-start=\"3172\" data-end=\"3183\">Correcto<\/strong> nada inexacto.<\/p>\n<\/li>\n<li data-start=\"3207\" data-end=\"3236\">\n<p data-start=\"3209\" data-end=\"3236\"><strong data-start=\"3209\" data-end=\"3220\">No participar<\/strong> de marketing.<\/p>\n<\/li>\n<li data-start=\"3237\" data-end=\"3302\">\n<p data-start=\"3239\" data-end=\"3302\"><strong data-start=\"3239\" data-end=\"3259\">Solicitud de supresi\u00f3n<\/strong> (a menos que una ley nos diga que debemos cumplirla).<\/p>\n<\/li>\n<\/ul>\n<p data-start=\"3304\" data-end=\"3356\">Correo electr\u00f3nico <strong data-start=\"3310\" data-end=\"3338\"><a class=\"decorated-link cursor-pointer\" rel=\"noopener\" data-start=\"3312\" data-end=\"3336\">info@floridadocument.com<\/a><\/strong> para cualquiera de ellos.<\/p>\n<hr data-start=\"3358\" data-end=\"3361\" \/>\n<h3 data-start=\"3363\" data-end=\"3379\"><strong data-start=\"3367\" data-end=\"3379\">Seguridad<\/strong><\/h3>\n<p data-start=\"3380\" data-end=\"3494\">Sus documentos viven en <strong data-start=\"3403\" data-end=\"3448\">La nube encriptada de conocimiento cero de Sync.com<\/strong>, lo que significa que ni siquiera Sync puede mirar.<br data-start=\"3479\" data-end=\"3482\" \/>Tambi\u00e9n utilizamos:<\/p>\n<ul data-start=\"3496\" data-end=\"3737\">\n<li data-start=\"3496\" data-end=\"3544\">\n<p data-start=\"3498\" data-end=\"3544\"><strong data-start=\"3498\" data-end=\"3520\">Cifrado SSL\/TLS<\/strong> para cada conexi\u00f3n.<\/p>\n<\/li>\n<li data-start=\"3545\" data-end=\"3615\">\n<p data-start=\"3547\" data-end=\"3615\"><strong data-start=\"3547\" data-end=\"3568\">Acceso basado en funciones<\/strong> para que s\u00f3lo el personal autorizado vea lo que debe.<\/p>\n<\/li>\n<li data-start=\"3616\" data-end=\"3670\">\n<p data-start=\"3618\" data-end=\"3670\"><strong data-start=\"3618\" data-end=\"3643\">Control continuo<\/strong> de actividades sospechosas.<\/p>\n<\/li>\n<li data-start=\"3671\" data-end=\"3737\">\n<p data-start=\"3673\" data-end=\"3737\"><strong data-start=\"3673\" data-end=\"3695\">Supresi\u00f3n definitiva<\/strong> una vez expirado el plazo legal de conservaci\u00f3n.<\/p>\n<\/li>\n<\/ul>\n<p data-start=\"3739\" data-end=\"3853\">Incluso en el peor de los casos (una filtraci\u00f3n de datos de nuestro proveedor de almacenamiento), nadie m\u00e1s que nosotros podr\u00e1 leer sus archivos.<\/p>\n<hr data-start=\"3855\" data-end=\"3858\" \/>\n<h3 data-start=\"3860\" data-end=\"3898\"><strong data-start=\"3864\" data-end=\"3898\">LiveScan y comprobaci\u00f3n de antecedentes<\/strong><\/h3>\n<p data-start=\"3899\" data-end=\"4223\">Para los servicios de toma de huellas dactilares y comprobaci\u00f3n de antecedentes, los datos personales se transmiten directamente a trav\u00e9s de sistemas seguros aprobados por el FDLE. Cumplimos con todas las normas de privacidad federales y de Florida que rigen la informaci\u00f3n biom\u00e9trica y de antecedentes penales. Los datos de huellas dactilares nunca se almacenan en nuestros sistemas locales una vez finalizada la transmisi\u00f3n.<\/p>\n<hr data-start=\"4225\" data-end=\"4228\" \/>\n<h3 data-start=\"4230\" data-end=\"4260\"><strong data-start=\"4234\" data-end=\"4260\">Cambios en esta pol\u00edtica<\/strong><\/h3>\n<p data-start=\"4261\" data-end=\"4395\">Ocasionalmente actualizamos esta pol\u00edtica a medida que cambian la tecnolog\u00eda, las leyes o los niveles de cafe\u00edna. Cuando lo hacemos, la nueva fecha en la parte superior le permite saber.<\/p>\n<hr data-start=\"4397\" data-end=\"4400\" \/>\n<h3 data-start=\"4402\" data-end=\"4420\"><strong data-start=\"4406\" data-end=\"4420\">P\u00f3ngase en contacto con nosotros<\/strong><\/h3>\n<p data-start=\"4421\" data-end=\"4553\"><strong data-start=\"4421\" data-end=\"4453\">Florida Document Specialists<\/strong><br data-start=\"4453\" data-end=\"4456\" \/>435 S. Ridgewood Ave.<br data-start=\"4477\" data-end=\"4480\" \/>Daytona Beach, FL 32114<br data-start=\"4503\" data-end=\"4506\" \/>\ud83d\udce7 <a class=\"decorated-link cursor-pointer\" rel=\"noopener\" data-start=\"4509\" data-end=\"4533\">info@floridadocument.com<\/a>\ud83d\udcde (386) 256-5540 o 800-255-5287<\/p>\n<hr data-start=\"4555\" data-end=\"4558\" \/>\n<p data-start=\"4560\" data-end=\"4793\" data-is-last-node=\"\" data-is-only-node=\"\"><strong data-start=\"4560\" data-end=\"4576\">Conclusi\u00f3n:<\/strong> Tratamos la informaci\u00f3n confidencial del mismo modo que sus documentos importantes: con precisi\u00f3n, privacidad y un toque de paranoia profesional. Su confianza es nuestra licencia comercial, y tenemos la intenci\u00f3n de mantener ambas impecables.<\/p>\t\t\t\t\t\t\t\t<\/div>\n\t\t\t\t<\/div>\n\t\t\t\t\t<\/div>\n\t\t\t\t<\/div>\n\t\t\t\t<\/div>","protected":false},"excerpt":{"rendered":"<p>Pol\u00edtica de privacidad En Florida Document Specialists nos pasamos el d\u00eda gestionando papeleo, no sus datos. Esta p\u00e1gina explica c\u00f3mo tratamos su informaci\u00f3n cuando trabaja con nosotros para apostillas, notarizaci\u00f3n en l\u00ednea (RON), eRecording, huellas dactilares LiveScan y otras aventuras relacionadas con documentos. Qui\u00e9nes somos Florida Document Specialists es el nombre comercial de Mariposa Professional Services, Inc, ... <a title=\"Pol\u00edtica de privacidad\" class=\"read-more\" href=\"https:\/\/floridadocument.com\/es\/privacy-policy\/\" aria-label=\"M\u00e1s informaci\u00f3n sobre Pol\u00edtica de privacidad\">Seguir leyendo<\/a><\/p>","protected":false},"author":4,"featured_media":0,"parent":0,"menu_order":0,"comment_status":"closed","ping_status":"closed","template":"","meta":{"_lmt_disableupdate":"no","_lmt_disable":"","_monsterinsights_skip_tracking":false,"_monsterinsights_sitenote_active":false,"_monsterinsights_sitenote_note":"","_monsterinsights_sitenote_category":0,"generate_page_header":"","footnotes":""},"class_list":["post-15893","page","type-page","status-publish"],"_links":{"self":[{"href":"https:\/\/floridadocument.com\/es\/wp-json\/wp\/v2\/pages\/15893","targetHints":{"allow":["GET"]}}],"collection":[{"href":"https:\/\/floridadocument.com\/es\/wp-json\/wp\/v2\/pages"}],"about":[{"href":"https:\/\/floridadocument.com\/es\/wp-json\/wp\/v2\/types\/page"}],"author":[{"embeddable":true,"href":"https:\/\/floridadocument.com\/es\/wp-json\/wp\/v2\/users\/4"}],"replies":[{"embeddable":true,"href":"https:\/\/floridadocument.com\/es\/wp-json\/wp\/v2\/comments?post=15893"}],"version-history":[{"count":3,"href":"https:\/\/floridadocument.com\/es\/wp-json\/wp\/v2\/pages\/15893\/revisions"}],"predecessor-version":[{"id":17318,"href":"https:\/\/floridadocument.com\/es\/wp-json\/wp\/v2\/pages\/15893\/revisions\/17318"}],"wp:attachment":[{"href":"https:\/\/floridadocument.com\/es\/wp-json\/wp\/v2\/media?parent=15893"}],"curies":[{"name":"wp","href":"https:\/\/api.w.org\/{rel}","templated":true}]}}