{"id":160,"date":"2017-09-28T09:50:30","date_gmt":"2017-09-28T13:50:30","guid":{"rendered":"https:\/\/floridadocument.com\/?page_id=160"},"modified":"2025-12-17T19:25:23","modified_gmt":"2025-12-18T00:25:23","slug":"nonlawyer-disclosure","status":"publish","type":"page","link":"https:\/\/floridadocument.com\/es\/nonlawyer-disclosure\/","title":{"rendered":"Divulgaci\u00f3n por parte de no abogados"},"content":{"rendered":"<div data-elementor-type=\"wp-page\" data-elementor-id=\"160\" class=\"elementor elementor-160\" data-elementor-post-type=\"page\">\n\t\t\t\t<div data-particle_enable=\"false\" data-particle-mobile-disabled=\"false\" class=\"elementor-element elementor-element-6ad8cd5 e-flex e-con-boxed e-con e-parent\" data-id=\"6ad8cd5\" data-element_type=\"container\" data-e-type=\"container\">\n\t\t\t\t\t<div class=\"e-con-inner\">\n\t\t\t\t<div class=\"elementor-element elementor-element-67c6d61 eael_advanced_menu_hamburger_disable_selected_menu_no eael-advanced-menu-hamburger-align-right eael-advanced-menu--no eael-hamburger--tablet elementor-widget elementor-widget-eael-advanced-menu\" data-id=\"67c6d61\" data-element_type=\"widget\" data-e-type=\"widget\" data-widget_type=\"eael-advanced-menu.skin-one\">\n\t\t\t\t<div class=\"elementor-widget-container\">\n\t\t\t\t\t<style>\n                        @media screen and (max-width: 1024px) {\n                            .eael-hamburger--tablet {\n                                .eael-advanced-menu-horizontal,\n                                .eael-advanced-menu-vertical {\n                                    display: none;\n                                }\n                            }\n                            .eael-hamburger--tablet {\n                                .eael-advanced-menu-container .eael-advanced-menu-toggle {\n                                    display: block;\n                                }\n                            }\n                        }\n                    <\/style>            <div data-hamburger-icon=\"&lt;svg aria-hidden=&quot;true&quot; class=&quot;e-font-icon-svg e-fas-bars&quot; viewBox=&quot;0 0 448 512&quot; xmlns=&quot;http:\/\/www.w3.org\/2000\/svg&quot;&gt;&lt;path d=&quot;M16 132h416c8.837 0 16-7.163 16-16V76c0-8.837-7.163-16-16-16H16C7.163 60 0 67.163 0 76v40c0 8.837 7.163 16 16 16zm0 160h416c8.837 0 16-7.163 16-16v-40c0-8.837-7.163-16-16-16H16c-8.837 0-16 7.163-16 16v40c0 8.837 7.163 16 16 16zm0 160h416c8.837 0 16-7.163 16-16v-40c0-8.837-7.163-16-16-16H16c-8.837 0-16 7.163-16 16v40c0 8.837 7.163 16 16 16z&quot;&gt;&lt;\/path&gt;&lt;\/svg&gt;\" data-indicator-class=\"&lt;svg aria-hidden=&quot;true&quot; class=&quot;e-font-icon-svg e-fas-angle-down&quot; viewBox=&quot;0 0 320 512&quot; xmlns=&quot;http:\/\/www.w3.org\/2000\/svg&quot;&gt;&lt;path d=&quot;M143 352.3L7 216.3c-9.4-9.4-9.4-24.6 0-33.9l22.6-22.6c9.4-9.4 24.6-9.4 33.9 0l96.4 96.4 96.4-96.4c9.4-9.4 24.6-9.4 33.9 0l22.6 22.6c9.4 9.4 9.4 24.6 0 33.9l-136 136c-9.2 9.4-24.4 9.4-33.8 0z&quot;&gt;&lt;\/path&gt;&lt;\/svg&gt;\" data-dropdown-indicator-class=\"&lt;svg aria-hidden=&quot;true&quot; class=&quot;e-font-icon-svg e-fas-angle-down&quot; viewBox=&quot;0 0 320 512&quot; xmlns=&quot;http:\/\/www.w3.org\/2000\/svg&quot;&gt;&lt;path d=&quot;M143 352.3L7 216.3c-9.4-9.4-9.4-24.6 0-33.9l22.6-22.6c9.4-9.4 24.6-9.4 33.9 0l96.4 96.4 96.4-96.4c9.4-9.4 24.6-9.4 33.9 0l22.6 22.6c9.4 9.4 9.4 24.6 0 33.9l-136 136c-9.2 9.4-24.4 9.4-33.8 0z&quot;&gt;&lt;\/path&gt;&lt;\/svg&gt;\" class=\"eael-advanced-menu-container eael-advanced-menu-align-center eael-advanced-menu-dropdown-align-left\" data-hamburger-breakpoints=\"{&quot;mobile&quot;:&quot;Mobile Portrait (&gt; 740px)&quot;,&quot;tablet&quot;:&quot;Tablet Portrait (&gt; 1024px)&quot;,&quot;desktop&quot;:&quot;Desktop (&gt; 2400px)&quot;,&quot;none&quot;:&quot;None&quot;}\" data-hamburger-device=\"tablet\">\n                <ul id=\"menu-primary-menu\" class=\"eael-advanced-menu eael-advanced-menu-dropdown-animate-fade eael-advanced-menu-indicator eael-advanced-menu-horizontal\"><li id=\"menu-item-170\" class=\"menu-item menu-item-type-post_type menu-item-object-page menu-item-home menu-item-170\"><a href=\"https:\/\/floridadocument.com\/es\/\">Inicio<\/a><\/li>\n<li id=\"menu-item-11519\" class=\"menu-item menu-item-type-custom menu-item-object-custom menu-item-11519\"><a href=\"https:\/\/floridadocument.com\/apostille-florida\/\">Apostillas<\/a><\/li>\n<li id=\"menu-item-11518\" class=\"menu-item menu-item-type-custom menu-item-object-custom menu-item-11518\"><a href=\"http:\/\/floridadocument.com\/es\/online_notary_now\/\">Notario en l\u00ednea<\/a><\/li>\n<li id=\"menu-item-12888\" class=\"menu-item menu-item-type-post_type menu-item-object-page menu-item-12888\"><a href=\"https:\/\/floridadocument.com\/es\/e-recording\/\">Grabaci\u00f3n electr\u00f3nica<\/a><\/li>\n<li id=\"menu-item-16251\" class=\"menu-item menu-item-type-post_type menu-item-object-page menu-item-16251\"><a href=\"https:\/\/floridadocument.com\/es\/livescan-fingerprinting-daytona-beach\/\">Toma de huellas dactilares<\/a><\/li>\n<li id=\"menu-item-3564\" class=\"menu-item menu-item-type-post_type menu-item-object-page menu-item-3564\"><a href=\"https:\/\/floridadocument.com\/es\/florida-lady-bird-deed\/\">Lady Bird Deeds<\/a><\/li>\n<li id=\"menu-item-20079\" class=\"menu-item menu-item-type-post_type menu-item-object-page menu-item-20079\"><a href=\"https:\/\/floridadocument.com\/es\/florida-electronic-wills\/\">Testamento electr\u00f3nico<\/a><\/li>\n<li id=\"menu-item-19938\" class=\"menu-item menu-item-type-post_type menu-item-object-page menu-item-19938\"><a href=\"https:\/\/floridadocument.com\/es\/atf-eft-fingerprinting\/\">ATF EFT File<\/a><\/li>\n<li id=\"menu-item-3608\" class=\"menu-item menu-item-type-custom menu-item-object-custom menu-item-has-children menu-item-3608\"><a href=\"#\">More<\/a>\n<ul class=\"sub-menu\">\n\t<li id=\"menu-item-1404\" class=\"menu-item menu-item-type-post_type menu-item-object-page menu-item-1404\"><a href=\"https:\/\/floridadocument.com\/es\/about\/\">Acerca de<\/a><\/li>\n\t<li id=\"menu-item-12758\" class=\"menu-item menu-item-type-post_type menu-item-object-page menu-item-12758\"><a href=\"https:\/\/floridadocument.com\/es\/family-adoptions\/\">Formularios de adopci\u00f3n (familiar, padrastro, adulto)<\/a><\/li>\n\t<li id=\"menu-item-18991\" class=\"menu-item menu-item-type-post_type menu-item-object-page menu-item-18991\"><a href=\"https:\/\/floridadocument.com\/es\/i9-in-person-inspection\/\">Servicios de identificaci\u00f3n para el cumplimiento de la norma I-9 con garant\u00eda de identidad KYC opcional<\/a><\/li>\n\t<li id=\"menu-item-19465\" class=\"menu-item menu-item-type-post_type menu-item-object-page menu-item-19465\"><a href=\"https:\/\/floridadocument.com\/es\/how-to-get-an-fbi-background-check-apostille\/\">Solicite una verificaci\u00f3n de antecedentes penales del FBI (Resumen IdHS FD-258)<\/a><\/li>\n\t<li id=\"menu-item-15497\" class=\"menu-item menu-item-type-post_type menu-item-object-page menu-item-15497\"><a href=\"https:\/\/floridadocument.com\/es\/south-florida-mobile-notary\/\">Notario m\u00f3vil - Sur de Florida<\/a><\/li>\n\t<li id=\"menu-item-12665\" class=\"menu-item menu-item-type-post_type menu-item-object-page menu-item-12665\"><a href=\"https:\/\/floridadocument.com\/es\/translations\/\">Servicios de traducci\u00f3n<\/a><\/li>\n\t<li id=\"menu-item-13234\" class=\"menu-item menu-item-type-post_type menu-item-object-page menu-item-13234\"><a href=\"https:\/\/floridadocument.com\/es\/mobile-notary-west-volusia\/\">Notario m\u00f3vil (Condado de Volusia, FL)<\/a><\/li>\n<\/ul>\n<\/li>\n<\/ul>                <button class=\"eael-advanced-menu-toggle\" aria-label=\"Men\u00fa de complementos esenciales\">\n                    <svg aria-hidden=\"true\" class=\"e-font-icon-svg e-fas-bars\" viewbox=\"0 0 448 512\" xmlns=\"http:\/\/www.w3.org\/2000\/svg\"><path d=\"M16 132h416c8.837 0 16-7.163 16-16V76c0-8.837-7.163-16-16-16H16C7.163 60 0 67.163 0 76v40c0 8.837 7.163 16 16 16zm0 160h416c8.837 0 16-7.163 16-16v-40c0-8.837-7.163-16-16-16H16c-8.837 0-16 7.163-16 16v40c0 8.837 7.163 16 16 16zm0 160h416c8.837 0 16-7.163 16-16v-40c0-8.837-7.163-16-16-16H16c-8.837 0-16 7.163-16 16v40c0 8.837 7.163 16 16 16z\"><\/path><\/svg>                <\/button>\n            <\/div>\n            \t\t\t\t<\/div>\n\t\t\t\t<\/div>\n\t\t\t\t\t<\/div>\n\t\t\t\t<\/div>\n\t\t<div data-particle_enable=\"false\" data-particle-mobile-disabled=\"false\" class=\"elementor-element elementor-element-060ffab e-flex e-con-boxed e-con e-parent\" data-id=\"060ffab\" data-element_type=\"container\" data-e-type=\"container\">\n\t\t\t\t\t<div class=\"e-con-inner\">\n\t\t\t\t<div class=\"elementor-element elementor-element-7dd3788 elementor-widget elementor-widget-heading\" data-id=\"7dd3788\" data-element_type=\"widget\" data-e-type=\"widget\" data-widget_type=\"heading.default\">\n\t\t\t\t<div class=\"elementor-widget-container\">\n\t\t\t\t\t<h1 class=\"elementor-heading-title elementor-size-default\">Divulgaci\u00f3n por parte de no abogados - Entender lo que los especialistas en documentos de Florida pueden y no pueden hacer por usted<\/h1>\t\t\t\t<\/div>\n\t\t\t\t<\/div>\n\t\t\t\t\t<\/div>\n\t\t\t\t<\/div>\n\t\t<div data-particle_enable=\"false\" data-particle-mobile-disabled=\"false\" class=\"elementor-element elementor-element-d919d03 e-flex e-con-boxed e-con e-parent\" data-id=\"d919d03\" data-element_type=\"container\" data-e-type=\"container\">\n\t\t\t\t\t<div class=\"e-con-inner\">\n\t\t\t\t<div class=\"elementor-element elementor-element-3e363c3 elementor-widget-divider--view-line elementor-widget elementor-widget-divider\" data-id=\"3e363c3\" data-element_type=\"widget\" data-e-type=\"widget\" data-widget_type=\"divider.default\">\n\t\t\t\t<div class=\"elementor-widget-container\">\n\t\t\t\t\t\t\t<div class=\"elementor-divider\">\n\t\t\t<span class=\"elementor-divider-separator\">\n\t\t\t\t\t\t<\/span>\n\t\t<\/div>\n\t\t\t\t\t\t<\/div>\n\t\t\t\t<\/div>\n\t\t\t\t\t<\/div>\n\t\t\t\t<\/div>\n\t\t<div data-particle_enable=\"false\" data-particle-mobile-disabled=\"false\" class=\"elementor-element elementor-element-d50e4e5 e-flex e-con-boxed e-con e-parent\" data-id=\"d50e4e5\" data-element_type=\"container\" data-e-type=\"container\">\n\t\t\t\t\t<div class=\"e-con-inner\">\n\t\t\t\t<div class=\"elementor-element elementor-element-1b26bdd elementor-widget elementor-widget-text-editor\" data-id=\"1b26bdd\" data-element_type=\"widget\" data-e-type=\"widget\" data-widget_type=\"text-editor.default\">\n\t\t\t\t<div class=\"elementor-widget-container\">\n\t\t\t\t\t\t\t\t\t<section style=\"max-width: 900px; margin: 40px auto; padding: 32px; background: #ffffff; border-radius: 18px; border: 1px solid #e5e7eb; box-shadow: 0 6px 22px rgba(0,0,0,0.08); font-family: 'Inter', sans-serif; font-size: 17px; line-height: 1.75; color: #111827;\"><!-- Header -->\n<div style=\"text-align: center; margin-bottom: 28px;\">\n<div style=\"font-size: 32px; font-weight: 800; color: #1f2937; margin-bottom: 8px;\">Informaci\u00f3n importante para no abogados<\/div>\n<div style=\"font-size: 15px; color: #6b7280;\">Informaci\u00f3n transparente, honesta y conforme sobre nuestros servicios.<\/div>\n<\/div>\n<!-- Who We Are -->\n<div style=\"padding: 22px; border-radius: 14px; background: linear-gradient(135deg, #f9fafb, #eef2ff); border: 1px solid #e0e7ff; margin-bottom: 26px;\">\n<h3 style=\"margin-top: 0; font-size: 22px; font-weight: bold; color: #1e3a8a;\">\ud83c\udfe2 Qui\u00e9nes somos<\/h3>\nFlorida Document Specialists y Florida Family Adoptions son divisiones de\n<strong>Mariposa Professional Services, Inc.<\/strong> Somos una empresa con sede en Florida que ofrece:\n<ul style=\"margin-left: 24px; margin-bottom: 12px;\">\n \t<li style=\"list-style-type: none;\">\n<ul style=\"margin-left: 24px; margin-bottom: 12px;\"><!-- Notary & Authentication -->\n \t<li><strong>Notarizaci\u00f3n remota en l\u00ednea (RON)<\/strong> para firmantes estadounidenses e internacionales<\/li>\n \t<li><strong>Procesamiento de apostillas y autentificaciones en Florida y a nivel federal<\/strong><\/li>\n \t<li><strong>Servicios de mensajer\u00eda<\/strong> para el transporte seguro de documentos apostillados<\/li>\n<\/ul>\n<\/li>\n<\/ul>\n<!-- Recording -->\n<ul style=\"margin-left: 24px; margin-bottom: 12px;\">\n \t<li style=\"list-style-type: none;\">\n<ul style=\"margin-left: 24px; margin-bottom: 12px;\">\n \t<li><strong>Documento eRecording<\/strong> con los secretarios judiciales de los condados de Florida participantes<\/li>\n<\/ul>\n<\/li>\n<\/ul>\n<!-- Typing -->\n<ul style=\"margin-left: 24px; margin-bottom: 12px;\">\n \t<li style=\"list-style-type: none;\">\n<ul style=\"margin-left: 24px; margin-bottom: 12px;\">\n \t<li><strong>Servicios de mecanograf\u00eda de documentos y escrituras<\/strong> basado \u00fanicamente en sus instrucciones escritas, incluyendo testamentos, poderes notariales, directivas de atenci\u00f3n m\u00e9dica, escrituras Lady Bird y otros documentos de propiedad de m\u00ednima consideraci\u00f3n.<\/li>\n \t<li><strong>Formulario de adopci\u00f3n de familiares, padrastros y adultos<\/strong> utilizando \u00fanicamente la informaci\u00f3n escrita que usted proporcione<\/li>\n<\/ul>\n<\/li>\n<\/ul>\n<!-- Translation -->\n<ul style=\"margin-left: 24px; margin-bottom: 12px;\">\n \t<li style=\"list-style-type: none;\">\n<ul style=\"margin-left: 24px; margin-bottom: 12px;\">\n \t<li><strong>Traducciones juradas<\/strong> para documentos personales y oficiales<\/li>\n<\/ul>\n<\/li>\n<\/ul>\n<!-- Fingerprinting -->\n<ul style=\"margin-left: 24px; margin-bottom: 12px;\">\n \t<li><strong>Huellas dactilares Livescan<\/strong> con equipo aprobado por el FDLE<\/li>\n \t<li><strong>Comprobaci\u00f3n de antecedentes de nivel 2 del FDLE<\/strong><\/li>\n \t<li><strong>Comprobaci\u00f3n de antecedentes del FBI<\/strong> (presentaci\u00f3n electr\u00f3nica y mediante tarjeta)<\/li>\n \t<li><strong>Huellas de tinta<\/strong> en FD-258 y tarjetas espec\u00edficas de cada Estado<\/li>\n \t<li><strong>Servicios Cardscan<\/strong> conversi\u00f3n de tarjetas de huellas dactilares de tinta a formato electr\u00f3nico listo para el FBI<\/li>\n<\/ul>\n<p style=\"margin-bottom: 0;\">Somos <strong>no es un bufete de abogados<\/strong>, <strong>no paralegales<\/strong>, y no proporcionan asesoramiento jur\u00eddico ni representaci\u00f3n legal.<\/p>\n\n<\/div>\n<!-- Document & Deed Typing -->\n<div style=\"padding: 22px; border-radius: 14px; background: #f9fafb; border: 1px solid #e5e7eb; margin-bottom: 26px;\">\n<h3 style=\"margin-top: 0; font-size: 22px; font-weight: bold; color: #374151;\">Tecleo de documentos y escrituras (solo servicios administrativos)<\/h3>\nEn <strong>usted decide qu\u00e9 documentos o formularios desea utilizar<\/strong>, proporcionamos cuestionarios escritos o formularios de admisi\u00f3n para que pueda proporcionar su informaci\u00f3n completamente por escrito. Utilizando\n<strong>s\u00f3lo la informaci\u00f3n escrita que nos facilite<\/strong>, ingresamos sus datos en los documentos. <strong>que seleccionaste<\/strong>. No revisamos, interpretamos, modificamos ni evaluamos su informaci\u00f3n de ninguna manera. Los proyectos comunes de mecanograf\u00eda administrativa incluyen:\n<ul style=\"margin-left: 24px;\">\n \t<li>Formularios de adopci\u00f3n de parientes, padrastros y adultos mecanografiados a partir de sus respuestas escritas<\/li>\n \t<li>Testamentos simples, poderes notariales y directivas sanitarias mecanografiadas a partir de sus instrucciones escritas.<\/li>\n \t<li>Escrituras de Lady Bird y otros documentos de propiedad de m\u00ednima consideraci\u00f3n mecanografiados a partir de su informaci\u00f3n escrita<\/li>\n \t<li>Cualquier documento en el que facilite por escrito todo el contenido requerido<\/li>\n<\/ul>\n<p style=\"margin-bottom: 0;\">Usted controla el contenido. Nosotros tecleamos lo que usted escribe, exactamente como est\u00e1 escrito.<\/p>\n\n<\/div>\n<!-- What We Cannot Do -->\n<div style=\"padding: 22px; border-radius: 14px; background: #fff7ed; border: 1px solid #fed7aa; margin-bottom: 26px;\">\n<h3 style=\"margin-top: 0; font-size: 22px; font-weight: bold; color: #b45309;\">\ud83d\udeab Lo que no podemos hacer<\/h3>\nComo no somos abogados ni asistentes jur\u00eddicos, no podemos:\n<ul style=\"margin-left: 24px;\">\n \t<li>Indicarle qu\u00e9 documentos o formularios debe utilizar<\/li>\n \t<li>Interpretar leyes o explicarle sus derechos legales<\/li>\n \t<li>Aconsejar si un documento es apropiado para su situaci\u00f3n<\/li>\n \t<li>Proporcionar estrategia jur\u00eddica, orientaci\u00f3n o recomendaciones<\/li>\n<\/ul>\n<\/div>\n<!-- Your Responsibility -->\n<div style=\"padding: 22px; border-radius: 14px; background: #f0fdf4; border: 1px solid #bbf7d0; margin-bottom: 26px;\">\n<h3 style=\"margin-top: 0; font-size: 22px; font-weight: bold; color: #166534;\">Tu responsabilidad<\/h3>\nUsted es responsable de la exactitud, integridad y suficiencia legal de la informaci\u00f3n que proporcione. Nuestra funci\u00f3n se limita a la mecanograf\u00eda administrativa basada exclusivamente en la informaci\u00f3n que usted nos proporcione por escrito.\n<p style=\"margin-bottom: 0;\">Si detecta un error administrativo, lo corregiremos r\u00e1pidamente.<\/p>\n\n<\/div>\n<!-- Need Legal Advice -->\n<div style=\"padding: 22px; border-radius: 14px; background: #eef2ff; border: 1px solid #c7d2fe; margin-bottom: 26px;\">\n<h3 style=\"margin-top: 0; font-size: 22px; font-weight: bold; color: #4338ca;\">\u00bfNecesita asesoramiento legal?<\/h3>\nSi no est\u00e1 seguro de qu\u00e9 documentos necesita o c\u00f3mo proceder, lo mejor es consultar a un abogado con licencia. Entre los recursos \u00fatiles se incluyen:\n<ul style=\"margin-left: 24px;\">\n \t<li><a href=\"https:\/\/www.floridabar.org\/public\/consumer\/pamphlet017\/\" target=\"_blank\" rel=\"noopener\">\nFolleto del Colegio de Abogados de Florida: \"C\u00f3mo contratar a la persona adecuada para que me ayude con mi problema legal\"\n<\/a><\/li>\n \t<li><a href=\"https:\/\/www.floridabar.org\/public\/lrs\/\" target=\"_blank\" rel=\"noopener\">\nServicio de referencia de abogados del Colegio de Abogados de Florida\n<\/a><\/li>\n \t<li><a href=\"https:\/\/www.flcourts.gov\" target=\"_blank\" rel=\"noopener\">\nP\u00e1gina oficial de los tribunales de Florida\n<\/a><\/li>\n \t<li>Colegio de abogados de su condado<\/li>\n<\/ul>\n<\/div>\n<!-- Acknowledgment -->\n<div style=\"padding: 22px; border-radius: 14px; background: #fafaf9; border: 1px solid #e7e5e4;\">\n<h3 style=\"margin-top: 0; font-size: 22px; font-weight: bold; color: #44403c;\">Agradecimiento<\/h3>\n<p style=\"margin-bottom: 0;\">Antes de prestarle asistencia, deber\u00e1 firmar un breve reconocimiento en el que confirme que comprende nuestra condici\u00f3n de no abogados y los l\u00edmites de nuestra funci\u00f3n administrativa.<\/p>\n\n<\/div>\n<\/section>\t\t\t\t\t\t\t\t<\/div>\n\t\t\t\t<\/div>\n\t\t\t\t\t<\/div>\n\t\t\t\t<\/div>\n\t\t<div data-particle_enable=\"false\" data-particle-mobile-disabled=\"false\" class=\"elementor-element elementor-element-2faa625 e-flex e-con-boxed e-con e-parent\" data-id=\"2faa625\" data-element_type=\"container\" data-e-type=\"container\">\n\t\t\t\t\t<div class=\"e-con-inner\">\n\t\t\t\t<div class=\"elementor-element elementor-element-3668ba4 elementor-widget-divider--view-line elementor-widget elementor-widget-divider\" data-id=\"3668ba4\" data-element_type=\"widget\" data-e-type=\"widget\" data-widget_type=\"divider.default\">\n\t\t\t\t<div class=\"elementor-widget-container\">\n\t\t\t\t\t\t\t<div class=\"elementor-divider\">\n\t\t\t<span class=\"elementor-divider-separator\">\n\t\t\t\t\t\t<\/span>\n\t\t<\/div>\n\t\t\t\t\t\t<\/div>\n\t\t\t\t<\/div>\n\t\t\t\t\t<\/div>\n\t\t\t\t<\/div>\n\t\t\t\t<\/div>","protected":false},"excerpt":{"rendered":"<p>Home Apostilles Online Notary eRecording LiveScan Addt&#8217;l Services Adoption Forms (Relative, Stepparent, Adult) I-9 Compliance ID Services with Optional KYC Identity Assurance Lady Bird Deeds Mobile Notary &#8211; South Florida Personal Planning Forms (Wills, POA, Healthcare, Quitclaim Deeds) Translation Services Mobile Notary (Volusia County, FL) About Partner With Us My Important Papers\u2122 Disclosure from Nonlawyers &#8230; <a title=\"Divulgaci\u00f3n por parte de no abogados\" class=\"read-more\" href=\"https:\/\/floridadocument.com\/es\/nonlawyer-disclosure\/\" aria-label=\"Leer m\u00e1s sobre Divulgaci\u00f3n de los no abogados\">Seguir leyendo<\/a><\/p>","protected":false},"author":4,"featured_media":0,"parent":0,"menu_order":4,"comment_status":"closed","ping_status":"closed","template":"elementor_canvas","meta":{"_lmt_disableupdate":"no","_lmt_disable":"","_monsterinsights_skip_tracking":false,"_monsterinsights_sitenote_active":false,"_monsterinsights_sitenote_note":"","_monsterinsights_sitenote_category":0,"generate_page_header":"","footnotes":""},"class_list":["post-160","page","type-page","status-publish"],"_links":{"self":[{"href":"https:\/\/floridadocument.com\/es\/wp-json\/wp\/v2\/pages\/160","targetHints":{"allow":["GET"]}}],"collection":[{"href":"https:\/\/floridadocument.com\/es\/wp-json\/wp\/v2\/pages"}],"about":[{"href":"https:\/\/floridadocument.com\/es\/wp-json\/wp\/v2\/types\/page"}],"author":[{"embeddable":true,"href":"https:\/\/floridadocument.com\/es\/wp-json\/wp\/v2\/users\/4"}],"replies":[{"embeddable":true,"href":"https:\/\/floridadocument.com\/es\/wp-json\/wp\/v2\/comments?post=160"}],"version-history":[{"count":10,"href":"https:\/\/floridadocument.com\/es\/wp-json\/wp\/v2\/pages\/160\/revisions"}],"predecessor-version":[{"id":19062,"href":"https:\/\/floridadocument.com\/es\/wp-json\/wp\/v2\/pages\/160\/revisions\/19062"}],"wp:attachment":[{"href":"https:\/\/floridadocument.com\/es\/wp-json\/wp\/v2\/media?parent=160"}],"curies":[{"name":"wp","href":"https:\/\/api.w.org\/{rel}","templated":true}]}}