{"id":1604,"date":"2019-02-12T16:34:49","date_gmt":"2019-02-12T21:34:49","guid":{"rendered":"https:\/\/floridadocument.com\/?page_id=1604"},"modified":"2021-09-05T15:54:44","modified_gmt":"2021-09-05T19:54:44","slug":"adopciones-de-abuelos-parientes-y-padrastros-en-la-florida","status":"publish","type":"page","link":"https:\/\/floridadocument.com\/es\/family-adoptions\/adopciones-de-abuelos-parientes-y-padrastros-en-la-florida\/","title":{"rendered":"Adopciones"},"content":{"rendered":"<p style=\"text-align: right;\"><a href=\"https:\/\/floridadocument.com\/es\/florida-relative-grandparent-stepparent-adoptions\/\">Para leer en ingl\u00e9s - Haga clic aqu\u00ed<\/a><\/p>\n<h1><img fetchpriority=\"high\" decoding=\"async\" class=\"aligncenter size-full wp-image-1329\" src=\"https:\/\/floridadocument.com\/wp-content\/uploads\/2019\/01\/Adoption-Page-Banner.png\" alt=\"Adopciones de Abuelos, Parientes y Padrastros en la Florida\" width=\"1140\" height=\"457\" \/><\/h1>\n<h2 style=\"text-align: center;\"><strong><span style=\"color: #ff6600;\">Opciones Sin Abogado Para Las Adopciones<br \/>\nde Abuelos, Parientes y Padrastros en la Florida<\/span><\/strong><\/h2>\n<h3><strong><span style=\"color: #3366ff;\">No importa donde viva en Florida, nos reuniremos personalmente con usted para firmar sus formularios de adopci\u00f3n de parientes o padrastros, completos y debidamente preparados. Y eso es s\u00f3lo el comienzo. Proporcionamos notarizaciones gratuitas, radicamos su caso para usted con la Secretar\u00eda del la Corte, manejamos el servicio de emplazamiento de proceso y permaneceremos a su disposici\u00f3n durante todo el proceso para darle apoyo en asuntos de procedimiento, administrativos y emocionales hasta que se finalice su adopci\u00f3n.<\/span><\/strong><\/h3>\n<h3><strong>Las cosas no siempre resultan de la forma en que fueron planeadas, y cuando un beb\u00e9 o ni\u00f1os est\u00e1n involucrados, los riesgos son altos. Alcanzar un final feliz a una situaci\u00f3n familiar dif\u00edcil a menudo requiere mucho trabajo, una planificaci\u00f3n cuidadosa y el compromiso de una familia amorosa.<\/strong><\/h3>\n<h3><span style=\"color: #ff6600;\"><img decoding=\"async\" class=\"alignleft size-full wp-image-458\" src=\"https:\/\/floridadocument.com\/wp-content\/uploads\/2017\/10\/adoption6.jpg\" alt=\"\" width=\"304\" height=\"405\" srcset=\"https:\/\/floridadocument.com\/wp-content\/uploads\/2017\/10\/adoption6.jpg 304w, https:\/\/floridadocument.com\/wp-content\/uploads\/2017\/10\/adoption6-225x300.jpg 225w\" sizes=\"(max-width: 304px) 100vw, 304px\" \/>\u00bfSe requiere que un abogado adopte un familiar o un hijastro en la Florida?<\/span><\/h3>\n<p>No. Si bien la mayor\u00eda de las adopciones de reci\u00e9n nacidos y de DCF en la Florida deben ser manejadas por abogados o agencias de adopci\u00f3n, no es de conocimiento general que las adopciones de abuelos, parientes cercanos, padrastros y adultos, hay opciones sin abogado que pueden ahorrarle miles de d\u00f3lares en honorarios legales y se logra el mismo resultado exacto.<\/p>\n<h3><span style=\"color: #ff6600;\">\u00bfSoy elegible para adoptar?<\/span><\/h3>\n<p>En situaciones en las que un pariente dentro del tercer grado de relaci\u00f3n familiar (es decir, un abuelo, bisabuelo, hermano, t\u00eda o t\u00edo) puede obtener el acuerdo y el consentimiento de los padres, la adopci\u00f3n de un pariente \/ abuelo en Florida puede realizarse sin problemas. Los tribunales los pueden finalizar r\u00e1pidamente.<\/p>\n<p>Del mismo modo, si usted es un padrastro casado que desea adoptar a su hijastro\/a, y el padre\/la madre que no es adoptante est\u00e1 dispuesto\/a a firmar los formularios de adopci\u00f3n requeridos para este tipo de adopci\u00f3n, se puede presentar un caso completo de adopci\u00f3n al Tribunal y la adopci\u00f3n del padrastro puede ser finalizado como un asunto no impugnado despu\u00e9s de una corta audiencia.<\/p>\n<h3><span style=\"color: #ff6600;\">\u00bfQu\u00e9 pasa cuando uno de los padres no da su consentimiento?<\/span><\/h3>\n<p>A\u00fan puede presentar un caso de adopci\u00f3n de pariente, abuelo o padrastro, (auto-representado sin un abogado), incluso si uno de los padre(s) biol\u00f3gico(s) no da su consentimiento para la adopci\u00f3n. Hemos ayudado a numerosas familias en esta situaci\u00f3n a preparar sus documentos de adopci\u00f3n, y la mayor\u00eda de las veces, su caso se resuelve sin problemas. Sin embargo, las adopciones familiares con padres que no dan su consentimiento pueden complicarse, y las partes pro se (auto-representados) pueden querer consultar o contratar a un abogado si lo desean.<\/p>\n<h3><span style=\"color: #ff6600;\">\u00bfQu\u00e9 pasa si mi adopci\u00f3n es complicada y necesito un abogado?<\/span><\/h3>\n<p>Las familias a menudo contratan a un abogado de adopci\u00f3n de Florida para manejar las adopciones complicadas, y esa es una gran idea si necesita asesoramiento legal, defensa o representaci\u00f3n. Un abogado competente en adopci\u00f3n en Florida puede concluir con \u00e9xito la mayor\u00eda de las adopciones y brindarle asesoramiento y orientaci\u00f3n legal en situaciones en las que no se haya obtenido el consentimiento de uno o ambos padres. Si decide que necesita un abogado para comenzar o concluir una adopci\u00f3n familiar en Florida, le sugiero encarecidamente que considere elegir uno que est\u00e9 certificado en adopciones por el Colegio de Abogados en la Florida. La adopci\u00f3n es un \u00e1rea muy especializada del derecho de familia, y no todos los abogados, aun los de pr\u00e1ctica general en ley de familia, est\u00e1n bien versados en sus matices.<\/p>\n<h3><span style=\"color: #ff6600;\">Custodia temporal de Florida por parte de familiares ampliada<\/span><\/h3>\n<p>Si la adopci\u00f3n no es la soluci\u00f3n adecuada para usted, o a\u00fan no est\u00e1 listo para dar ese gran paso, obtener una orden judicial para la custodia temporal puede ser m\u00e1s apropiado para su situaci\u00f3n. Hay muchos abuelos que cr\u00edan a sus nietos en Florida y otros que han solicitado la custodia temporal por parte de la familia extendida, y tambi\u00e9n ayudamos a nuestros clientes a preparar los documentos para este proceso.<\/p>\n<h3><span style=\"color: #ff6600;\"><img decoding=\"async\" class=\"alignleft wp-image-462\" src=\"https:\/\/floridadocument.com\/wp-content\/uploads\/2017\/10\/ffapic2.jpg\" alt=\"\" width=\"244\" height=\"203\" srcset=\"https:\/\/floridadocument.com\/wp-content\/uploads\/2017\/10\/ffapic2.jpg 1174w, https:\/\/floridadocument.com\/wp-content\/uploads\/2017\/10\/ffapic2-300x250.jpg 300w, https:\/\/floridadocument.com\/wp-content\/uploads\/2017\/10\/ffapic2-768x640.jpg 768w, https:\/\/floridadocument.com\/wp-content\/uploads\/2017\/10\/ffapic2-1024x853.jpg 1024w\" sizes=\"(max-width: 244px) 100vw, 244px\" \/><\/span><\/h3>\n<h3><span style=\"color: #ff6600;\">Si ha decidido iniciar su proceso de adopci\u00f3n Pro Se, sin un abogado, tiene opciones<\/span><\/h3>\n<p>Florida Family Adoptions preparar\u00e1 todos los documentos y formularios legales necesarios para su caso utilizando la informaci\u00f3n que usted nos proporcione, y lo guiaremos paso a paso a trav\u00e9s del proceso de presentaci\u00f3n, de principio a fin. Seguiremos a su disposici\u00f3n para continuar brindando apoyo hasta que finalice su adopci\u00f3n. No hay ninguna otra compa\u00f1\u00eda de preparaci\u00f3n de documentos en la Florida que funciona como lo hacemos nosotros. Vea lo que nos destaca de los dem\u00e1s.<\/p>\n<p>He tenido el privilegio de ayudar a muchas familias en la Florida que son ricas en amor, pero escasos en dinero, a alcanzar sus metas. Siempre estoy emocionada cuando mis clientes me llaman para decirme que su caso ha sido aprobado y fechado para su finalizaci\u00f3n por el tribunal sin complicaciones ni problemas. Ver a una familia unirse es siempre gratificante. Ayudar a un ni\u00f1o a lograr la permanencia en un hogar seguro, amoroso y estable es mi tesoro. Si puedo ayudarlo a alcanzar sus metas, me encantar\u00eda hablar con usted. Por favor, ll\u00e1meme hoy para hablar sobre los servicios de preparaci\u00f3n de documentos de adopci\u00f3n que ofrece mi compa\u00f1\u00eda.<\/p>\n<h3><span style=\"color: #ff6600;\">Nuestros servicios de tarifa plana incluyen:<\/span><\/h3>\n<ul>\n<li>Un conjunto completo de formularios de adopci\u00f3n de abuelos \/ parientes, padrastros o adultos propiamente preparados;<img loading=\"lazy\" decoding=\"async\" class=\"alignright wp-image-796\" src=\"https:\/\/floridadocument.com\/wp-content\/uploads\/2018\/12\/Adoption3.jpg\" alt=\"\" width=\"319\" height=\"280\" srcset=\"https:\/\/floridadocument.com\/wp-content\/uploads\/2018\/12\/Adoption3.jpg 1001w, https:\/\/floridadocument.com\/wp-content\/uploads\/2018\/12\/Adoption3-300x264.jpg 300w, https:\/\/floridadocument.com\/wp-content\/uploads\/2018\/12\/Adoption3-768x675.jpg 768w\" sizes=\"(max-width: 319px) 100vw, 319px\" \/><\/li>\n<li>Preparaci\u00f3n de cualquier documento o formulario adicional solicitado por el tribunal;<\/li>\n<li>Una reuni\u00f3n personal en su condado de residencia;<\/li>\n<li>Todas las notarizaciones y testigos requeridos;<\/li>\n<li>Coordinaci\u00f3n de reuniones adicionales con los padres biol\u00f3gicos (si es necesario);<\/li>\n<li>Todos los gastos de env\u00edo y de oficina;<\/li>\n<li>Obtenci\u00f3n de certificado(s) de b\u00fasqueda de registro de padre putativo de Florida;<\/li>\n<li>Asistencia para realizar una b\u00fasqueda diligente de partes ausentes;<\/li>\n<li>Presentar su caso ante el Tribunal de Circuito;<\/li>\n<li>Administrar todo el Servicio de Proceso (Servicio de Citaci\u00f3n) en la Florida o fuera del estado;<\/li>\n<li>Gesti\u00f3n del emplazamiento o servicio de proceso por publicaci\u00f3n si es requerido;<\/li>\n<li>Preparaci\u00f3n de todos los documentos y \u00f3rdenes propuestas requeridas para finalizar su adopci\u00f3n en Florida; y<\/li>\n<li>Asistencia telef\u00f3nica ilimitada para asistencia administrativa y de procedimiento hasta que finalice su adopci\u00f3n.<\/li>\n<li>Los honorarios de presentaci\u00f3n en el tribunal, y los costes asociados con el servicio de una citaci\u00f3n no est\u00e1n incluidos en nuestra tarifa.<\/li>\n<li>Usted puede calificar para una exenci\u00f3n de las tasas de presentaci\u00f3n. P\u00eddanos m\u00e1s informaci\u00f3n sobre los costes judiciales y gubernamentales en su condado.<\/li>\n<\/ul>\n<h3><span style=\"color: #ff6600;\">Es importante que entienda que no somos una firma de abogados:<\/span><\/h3>\n<p>No podemos y no proporcionaremos asesoramiento legal<\/p>\n<p>No podemos abogar por usted, representarlo o comparecer ante el tribunal<\/p>\n<p>Por favor, lea nuestra declaraci\u00f3n de no abogados<\/p>\n<h3><span style=\"color: #ff6600;\">Un poco acerca de mi<\/span><\/h3>\n<p><img loading=\"lazy\" decoding=\"async\" class=\"alignleft wp-image-388\" src=\"https:\/\/floridadocument.com\/wp-content\/uploads\/2017\/09\/mari2016.jpg\" alt=\"\" width=\"140\" height=\"170\" srcset=\"https:\/\/floridadocument.com\/wp-content\/uploads\/2017\/09\/mari2016.jpg 943w, https:\/\/floridadocument.com\/wp-content\/uploads\/2017\/09\/mari2016-246x300.jpg 246w, https:\/\/floridadocument.com\/wp-content\/uploads\/2017\/09\/mari2016-768x937.jpg 768w, https:\/\/floridadocument.com\/wp-content\/uploads\/2017\/09\/mari2016-840x1024.jpg 840w\" sizes=\"(max-width: 140px) 100vw, 140px\" \/>Mi nombre es Marilsa Torres Medina, pero todos me llaman Mari. Soy el propietario de Florida Family Adoptions y usted trabajar\u00e1 directamente conmigo durante la preparaci\u00f3n de sus formularios y documentos de adopci\u00f3n de abuelos \/ parientes, padrastros o adultos de Florida.<\/p>\n<p>Me dedico a servir a los residentes de la Florida, especialmente a los abuelos que cr\u00edan a sus nietos, ofreciendo asistencia de calidad para la adopci\u00f3n de documentos de adopci\u00f3n no legal para las adopciones de parientes, abuelos, padrastros y adultos. Manejo mi negocio legalmente y cumplo con un estricto C\u00f3digo de \u00c9tica.<\/p>\n<p>No soy abogado, pero he trabajado para abogados casi toda mi vida adulta, principalmente como asistente legal de adopci\u00f3n o especialista en programas de adopci\u00f3n. Despu\u00e9s de concluir una carrera muy gratificante, decid\u00ed abrir este negocio y ayudar a las familias necesitadas a preparar los formularios de adopci\u00f3n de Florida pro se.<\/p>\n<p>Nac\u00ed en Caguas, Puerto Rico, y me gradu\u00e9 de la Universidad de Puerto Rico en R\u00edo Piedras.<\/p>\n<p>Comenz\u00e9 trabajo legal en Connecticut en 1982 y continu\u00e9 trabajando exclusivamente en este campo despu\u00e9s de mudarme a Nueva York en 1987 y hasta mi mudanza a Florida en 1997. He dedicado los \u00faltimos 35 a\u00f1os a servir principalmente en la comunidad legal.<\/p>\n<p>Soy completamente biling\u00fce en los idiomas espa\u00f1ol e ingl\u00e9s. Anteriormente fui certificada en el estado de Connecticut como int\u00e9rprete simult\u00e1nea en la sala de audiencias.<\/p>\n<p>Despu\u00e9s de muchos a\u00f1os de servicio trabajando para abogados, ocup\u00e9 el puesto de Directora de Desarrollo de Programas para una agencia de adopciones de Orlando, Florida, de 2006 a 2010. Durante mi mandato como Directora de Desarrollo de Programas, fui invitada por una profesora adjunta en la Escuela de Leyes Barry en Orlando, Florida, para dar una conferencia sobre Procedimientos de Adopci\u00f3n Pr\u00e1ctica y Procesamiento para estudiantes de derecho inscritos en el curso de Adopci\u00f3n de la Florida.<\/p>\n<p>Desde 2005 hasta 2010, form\u00e9 parte de la Junta de Jeremiah's Child, un ministerio de crianza temporal, como su Directora de Programa, y de 2003 a 2009, form\u00e9 parte de la Junta Directiva de Mary's Shelter, un hogar de maternidad para mujeres que hab\u00edan elegido la adopci\u00f3n en Altamonte Springs, Florida. De 2009 a 2011, fui Directora General del Consejo de Adopci\u00f3n de la Florida (FAC), y fui Presidenta del Comit\u00e9 Anual de la Conferencia Estatal de Adopciones de 2007 a 2011.<\/p>\n<p>Mi oficina est\u00e1 ubicada en el Edificio Profesional en Daytona Beach, y atiendo a clientes en toda Florida reuni\u00e9ndolos en sus comunidades para completar los formularios necesarios de adopci\u00f3n de los parientes y los padrastros de la Florida.<\/p>\n<p>En mi tiempo libre, disfruto de la lectura, las escapadas de fin de semana y compartir tiempo con mi perrita Chiweenie, la Duquesa Yazmin Gloriana.  Una de mis pasiones es la prevenci\u00f3n de la crueldad hacia los animales, y defendiendo firmemente la adopci\u00f3n de mascotas a trav\u00e9s de organizaciones de rescate y refugios que no matan.<\/p>\n<p>Por favor, vuelva a menudo. Estaremos actualizando este sitio regularmente con m\u00e1s informaci\u00f3n y noticias sobre las adopciones familiares en Florida.<\/p>\n<h3><span style=\"color: #ff6600;\">\u00bfEstas listo para empezar? Completa uno de los siguientes cuestionarios:<\/span><\/h3>\n<p><a href=\"https:\/\/fs22.formsite.com\/floridadocument\/relative\/index.html\" target=\"_blank\" rel=\"noopener noreferrer\"><img loading=\"lazy\" decoding=\"async\" class=\"alignnone wp-image-948\" src=\"https:\/\/floridadocument.com\/wp-content\/uploads\/2019\/01\/button_relative-adoption-questionnaire.png\" alt=\"Formularios de adopci\u00f3n relativa de Florida y Abuelos criando a sus nietos\" width=\"396\" height=\"82\" \/><\/a><br \/>\n<strong style=\"font-size: 14px;\">Formularios de adopci\u00f3n relativa de Florida y<br \/>\nAbuelos criando a sus nietos<\/strong><\/p>\n<p>&nbsp;<\/p>\n<p><a href=\"https:\/\/fs22.formsite.com\/floridadocument\/form11\/index.html\" target=\"_blank\" rel=\"noopener noreferrer\"><img loading=\"lazy\" decoding=\"async\" class=\"alignnone wp-image-949 size-full\" src=\"https:\/\/floridadocument.com\/wp-content\/uploads\/2019\/01\/button_stepparent-adoption-questionnaire.png\" alt=\"Formularios de adopci\u00f3n de padrastros de la Florida\" width=\"398\" height=\"76\" \/><\/a><br \/>\n<strong><span style=\"font-size: 14px;\">Formularios de adopci\u00f3n de padrinos de la Florida<\/span><\/strong><\/p>\n<p>Florida Family Adoptions es un negocio acreditado por el Better Business Bureau (BBB) con una calificaci\u00f3n de \"A +\". Estamos debidamente registrados con el Departamento de Estado de Florida, Divisi\u00f3n de Corporaciones. Somos miembros de buena reputaci\u00f3n con el Consejo de Adopci\u00f3n de Florida (FAC).  Por favor, lea los comentarios de nuestros clientes en la p\u00e1gina web del BBB.<\/p>\n<p><a id=\"formAnchor1242902889\" name=\"form1242902889\"><\/a><script src=\"https:\/\/fs22.formsite.com\/include\/form\/embedManager.js?1242902889\"><\/script><script>EmbedManager.embed({\tkey: \"https:\/\/fs22.formsite.com\/res\/showFormEmbed?EParam=m%2FOmK8apOTCLFP8Ovs7sA3SKlBogGjHGFzpUCZwnDno%3D&1242902889\",\twidth: \"100%\",\tmobileResponsive: true});<\/script><\/p>","protected":false},"excerpt":{"rendered":"<p>To Read in English &#8211; Click Here Opciones Sin Abogado Para Las Adopciones de Abuelos, Parientes y Padrastros en la Florida No importa d\u00f3nde viva en Florida, nos reuniremos personalmente con usted para firmar sus formularios de adopci\u00f3n de parientes o padrastros, completos y debidamente preparados. Y eso es solo el comienzo. Proporcionamos notarizaciones gratuitas, &#8230; <a title=\"Adopciones\" class=\"read-more\" href=\"https:\/\/floridadocument.com\/es\/family-adoptions\/adopciones-de-abuelos-parientes-y-padrastros-en-la-florida\/\" aria-label=\"Leer m\u00e1s sobre Adopciones\">Seguir leyendo<\/a><\/p>","protected":false},"author":4,"featured_media":0,"parent":473,"menu_order":0,"comment_status":"closed","ping_status":"closed","template":"","meta":{"_lmt_disableupdate":"","_lmt_disable":"","_monsterinsights_skip_tracking":false,"_monsterinsights_sitenote_active":false,"_monsterinsights_sitenote_note":"","_monsterinsights_sitenote_category":0,"generate_page_header":"","footnotes":""},"class_list":["post-1604","page","type-page","status-publish"],"_links":{"self":[{"href":"https:\/\/floridadocument.com\/es\/wp-json\/wp\/v2\/pages\/1604","targetHints":{"allow":["GET"]}}],"collection":[{"href":"https:\/\/floridadocument.com\/es\/wp-json\/wp\/v2\/pages"}],"about":[{"href":"https:\/\/floridadocument.com\/es\/wp-json\/wp\/v2\/types\/page"}],"author":[{"embeddable":true,"href":"https:\/\/floridadocument.com\/es\/wp-json\/wp\/v2\/users\/4"}],"replies":[{"embeddable":true,"href":"https:\/\/floridadocument.com\/es\/wp-json\/wp\/v2\/comments?post=1604"}],"version-history":[{"count":0,"href":"https:\/\/floridadocument.com\/es\/wp-json\/wp\/v2\/pages\/1604\/revisions"}],"up":[{"embeddable":true,"href":"https:\/\/floridadocument.com\/es\/wp-json\/wp\/v2\/pages\/473"}],"wp:attachment":[{"href":"https:\/\/floridadocument.com\/es\/wp-json\/wp\/v2\/media?parent=1604"}],"curies":[{"name":"wp","href":"https:\/\/api.w.org\/{rel}","templated":true}]}}