{"id":17161,"date":"2025-11-05T23:08:21","date_gmt":"2025-11-06T04:08:21","guid":{"rendered":"https:\/\/floridadocument.com\/?page_id=17161"},"modified":"2025-11-14T20:29:59","modified_gmt":"2025-11-15T01:29:59","slug":"service-updates","status":"publish","type":"page","link":"https:\/\/floridadocument.com\/es\/service-updates\/","title":{"rendered":"Aviso sobre antiguos servicios"},"content":{"rendered":"<div data-elementor-type=\"wp-page\" data-elementor-id=\"17161\" class=\"elementor elementor-17161\" data-elementor-post-type=\"page\">\n\t\t\t\t<div data-particle_enable=\"false\" data-particle-mobile-disabled=\"false\" class=\"elementor-element elementor-element-04895e8 e-flex e-con-boxed e-con e-parent\" data-id=\"04895e8\" data-element_type=\"container\" data-e-type=\"container\">\n\t\t\t\t\t<div class=\"e-con-inner\">\n\t\t\t\t<div class=\"elementor-element elementor-element-47e9d12 elementor-widget elementor-widget-heading\" data-id=\"47e9d12\" data-element_type=\"widget\" data-e-type=\"widget\" data-widget_type=\"heading.default\">\n\t\t\t\t<div class=\"elementor-widget-container\">\n\t\t\t\t\t<h1 class=\"elementor-heading-title elementor-size-default\">Gracias por m\u00e1s de una d\u00e9cada de confianza y apoyo<\/h1>\t\t\t\t<\/div>\n\t\t\t\t<\/div>\n\t\t\t\t\t<\/div>\n\t\t\t\t<\/div>\n\t\t<div data-particle_enable=\"false\" data-particle-mobile-disabled=\"false\" class=\"elementor-element elementor-element-a2c6101 e-flex e-con-boxed e-con e-parent\" data-id=\"a2c6101\" data-element_type=\"container\" data-e-type=\"container\">\n\t\t\t\t\t<div class=\"e-con-inner\">\n\t\t<div data-particle_enable=\"false\" data-particle-mobile-disabled=\"false\" class=\"elementor-element elementor-element-4c8b5a7 e-con-full e-flex e-con e-child\" data-id=\"4c8b5a7\" data-element_type=\"container\" data-e-type=\"container\">\n\t\t<div data-particle_enable=\"false\" data-particle-mobile-disabled=\"false\" class=\"elementor-element elementor-element-347410c e-con-full e-flex e-con e-child\" data-id=\"347410c\" data-element_type=\"container\" data-e-type=\"container\">\n\t\t\t\t<div class=\"elementor-element elementor-element-d7d1b82 elementor-widget elementor-widget-text-editor\" data-id=\"d7d1b82\" data-element_type=\"widget\" data-e-type=\"widget\" data-widget_type=\"text-editor.default\">\n\t\t\t\t<div class=\"elementor-widget-container\">\n\t\t\t\t\t\t\t\t\t<p data-start=\"196\" data-end=\"464\">Durante m\u00e1s de diez a\u00f1os, Florida Document Specialists ha tenido el privilegio de prestar asistencia sin abogado a cientos de familias y particulares de Florida en la cumplimentaci\u00f3n de diversos formularios legales, desde adopciones a divorcios de mutuo acuerdo, administraci\u00f3n sumaria, cambios de nombre, solicitudes de custodia temporal y documentos de inmigraci\u00f3n. <strong data-start=\"324\" data-end=\"462\" data-is-last-node=\"\">Nuestra larga reputaci\u00f3n de precisi\u00f3n, profesionalidad y servicio personalizado nos ha convertido en un nombre de confianza en todo Florida y m\u00e1s all\u00e1.<\/strong><\/p>\t\t\t\t\t\t\t\t<\/div>\n\t\t\t\t<\/div>\n\t\t\t\t<\/div>\n\t\t\t\t<\/div>\n\t\t<div data-particle_enable=\"false\" data-particle-mobile-disabled=\"false\" class=\"elementor-element elementor-element-9c7332c e-con-full e-flex e-con e-child\" data-id=\"9c7332c\" data-element_type=\"container\" data-e-type=\"container\">\n\t\t\t\t<div class=\"elementor-element elementor-element-ab474b9 elementor-widget elementor-widget-image\" data-id=\"ab474b9\" data-element_type=\"widget\" data-e-type=\"widget\" data-widget_type=\"image.default\">\n\t\t\t\t<div class=\"elementor-widget-container\">\n\t\t\t\t\t\t\t\t\t\t\t\t<figure class=\"wp-caption\">\n\t\t\t\t\t\t\t\t\t\t<img fetchpriority=\"high\" decoding=\"async\" width=\"840\" height=\"840\" src=\"https:\/\/floridadocument.com\/wp-content\/uploads\/2025\/11\/newold.jpg\" class=\"attachment-large size-large wp-image-17179\" alt=\"Florida document specialists in changing its service offerings.\" srcset=\"https:\/\/floridadocument.com\/wp-content\/uploads\/2025\/11\/newold.jpg 1024w, https:\/\/floridadocument.com\/wp-content\/uploads\/2025\/11\/newold-300x300.jpg 300w, https:\/\/floridadocument.com\/wp-content\/uploads\/2025\/11\/newold-150x150.jpg 150w, https:\/\/floridadocument.com\/wp-content\/uploads\/2025\/11\/newold-768x768.jpg 768w, https:\/\/floridadocument.com\/wp-content\/uploads\/2025\/11\/newold-12x12.jpg 12w, https:\/\/floridadocument.com\/wp-content\/uploads\/2025\/11\/newold-700x700.jpg 700w\" sizes=\"(max-width: 840px) 100vw, 840px\" \/>\t\t\t\t\t\t\t\t\t\t\t<figcaption class=\"widget-image-caption wp-caption-text\">Mirando juntos hacia delante - Estamos entusiasmados con este nuevo cap\u00edtulo y le invitamos a que nos acompa\u00f1e en el viaje.<\/figcaption>\n\t\t\t\t\t\t\t\t\t\t<\/figure>\n\t\t\t\t\t\t\t\t\t<\/div>\n\t\t\t\t<\/div>\n\t\t\t\t<\/div>\n\t\t\t\t\t<\/div>\n\t\t\t\t<\/div>\n\t\t<div data-particle_enable=\"false\" data-particle-mobile-disabled=\"false\" class=\"elementor-element elementor-element-649cf84 e-flex e-con-boxed e-con e-parent\" data-id=\"649cf84\" data-element_type=\"container\" data-e-type=\"container\">\n\t\t\t\t\t<div class=\"e-con-inner\">\n\t\t\t\t<div class=\"elementor-element elementor-element-a44b2bf elementor-widget elementor-widget-text-editor\" data-id=\"a44b2bf\" data-element_type=\"widget\" data-e-type=\"widget\" data-widget_type=\"text-editor.default\">\n\t\t\t\t<div class=\"elementor-widget-container\">\n\t\t\t\t\t\t\t\t\t<p data-start=\"196\" data-end=\"464\">\u00a0Como parte de nuestra reciente renovaci\u00f3n de marca y evoluci\u00f3n empresarial, hemos optado por <strong data-start=\"536\" data-end=\"588\">retirar varias de nuestras anteriores categor\u00edas de servicios<\/strong>, incluyendo:<\/p><ul data-start=\"603\" data-end=\"725\"><li data-start=\"603\" data-end=\"635\"><p data-start=\"605\" data-end=\"635\">Preparaci\u00f3n de documentos de divorcio<\/p><\/li><li data-start=\"636\" data-end=\"672\"><p data-start=\"638\" data-end=\"672\">Administraci\u00f3n sumaria (testamentaria)<\/p><\/li><li data-start=\"673\" data-end=\"725\"><p data-start=\"675\" data-end=\"725\">Custodia provisional y formularios de los tribunales de familia<\/p><\/li><li data-start=\"673\" data-end=\"725\">Preparaci\u00f3n de documentos de inmigraci\u00f3n<\/li><\/ul><p data-start=\"727\" data-end=\"872\">Este cambio nos permite centrarnos exclusivamente en las \u00e1reas en las que podemos ofrecer el m\u00e1ximo nivel de experiencia, seguridad y atenci\u00f3n al cliente.<\/p><h3 data-start=\"874\" data-end=\"903\"><strong>Nuestros principales servicios<\/strong><\/h3><p data-start=\"904\" data-end=\"927\"><strong>Ahora nos especializamos en:<\/strong><\/p><ul data-start=\"928\" data-end=\"1656\"><li data-start=\"928\" data-end=\"1050\"><p data-start=\"930\" data-end=\"1050\"><a href=\"https:\/\/floridadocument.com\/es\/family-adoptions\/\"><strong data-start=\"930\" data-end=\"963\">Preparaci\u00f3n del documento de adopci\u00f3n<\/strong><\/a> - Las adopciones de familiares, padrastros y adultos siguen siendo una de nuestras principales ofertas.<\/p><\/li><li data-start=\"1051\" data-end=\"1171\"><p data-start=\"1053\" data-end=\"1171\"><a href=\"https:\/\/floridadocument.com\/florida-online-notary\/\"><strong data-start=\"1053\" data-end=\"1089\">Notarizaci\u00f3n remota en l\u00ednea (RON)<\/strong><\/a> - Notarizaci\u00f3n en l\u00ednea segura y conforme a las normas para clientes de EE.UU. y el extranjero.<\/p><\/li><li data-start=\"1172\" data-end=\"1269\"><p data-start=\"1174\" data-end=\"1269\"><a href=\"https:\/\/floridadocument.com\/apostille-florida\/\"><strong data-start=\"1174\" data-end=\"1215\">Servicios de apostilla y autenticaci\u00f3n<\/strong><\/a> - Certificaciones estatales, federales e internacionales.<\/p><\/li><li data-start=\"1270\" data-end=\"1373\"><p data-start=\"1272\" data-end=\"1373\"><a href=\"https:\/\/floridadocument.com\/es\/e-recording\/\"><strong data-start=\"1272\" data-end=\"1307\">Registro electr\u00f3nico y preparaci\u00f3n de escrituras<\/strong><\/a> - Incluidas las escrituras de Lady Bird y otros expedientes relacionados con la propiedad.<\/p><\/li><li data-start=\"1374\" data-end=\"1500\"><p data-start=\"1376\" data-end=\"1500\"><a href=\"https:\/\/floridadocument.com\/es\/estate-planning-documents\/\"><strong>Mecanograf\u00eda de documentos de planificaci\u00f3n patrimonial<\/strong><\/a> - Mecanografiado sencillo y asequible de testamentos, poderes y voluntades anticipadas.<\/p><\/li><li data-start=\"1501\" data-end=\"1656\"><p data-start=\"1503\" data-end=\"1656\"><a href=\"https:\/\/floridadocument.com\/es\/livescan-fingerprinting-daytona-beach\/\"><strong data-start=\"1503\" data-end=\"1545\">Huellas dactilares del FBI, FDLE y Livescan<\/strong><\/a> - Captura y env\u00edo electr\u00f3nico r\u00e1pido y profesional de huellas dactilares para comprobaciones de antecedentes y certificaciones.<\/p><\/li><\/ul><h3 data-start=\"1658\" data-end=\"1707\"><strong>Nota para los visitantes que buscan antiguos servicios<\/strong><\/h3><p data-start=\"1708\" data-end=\"1888\">Si ha llegado a esta p\u00e1gina buscando nuestros servicios anteriores, como divorcios, sucesiones o preparaci\u00f3n de documentos de custodia, tenga en cuenta que ya no prestamos esos servicios.<\/p><p data-start=\"1890\" data-end=\"2181\">Por cortes\u00eda, puede visitar el <strong data-start=\"1931\" data-end=\"2016\"><a class=\"decorated-link\" href=\"https:\/\/www.faldp.org\/\" target=\"_new\" rel=\"noopener\" data-start=\"1933\" data-end=\"2014\">Asociaci\u00f3n de Preparadores de Documentos Jur\u00eddicos de Florida (FALDP)<\/a><\/strong>. Su directorio de miembros incluye preparadores de documentos independientes en todo Florida que siguen ofreciendo una amplia gama de servicios de documentos de derecho de familia y sucesiones.<\/p><blockquote data-start=\"2183\" data-end=\"2432\"><p data-start=\"2185\" data-end=\"2432\"><strong data-start=\"2185\" data-end=\"2200\">Descargo de responsabilidad:<\/strong> Florida Document Specialists no est\u00e1 afiliada a la Asociaci\u00f3n de Preparadores de Documentos Legales de Florida (FALDP) y no respalda ni recomienda a ning\u00fan miembro o proveedor espec\u00edfico. Este enlace se proporciona \u00fanicamente para su conveniencia.<\/p><\/blockquote><h3 data-start=\"2434\" data-end=\"2453\"><strong>De cara al futuro<\/strong><\/h3><p data-start=\"2454\" data-end=\"2620\">Nuestro negocio sigue evolucionando en torno a servicios documentales basados en la tecnolog\u00eda que simplifican y garantizan la creaci\u00f3n, certificaci\u00f3n ante notario y registro de documentos importantes.<\/p><p data-start=\"2622\" data-end=\"2781\">Extendemos nuestro m\u00e1s sincero agradecimiento a todos los que han confiado en nosotros a lo largo de los a\u00f1os y les invitamos a explorar nuestra <strong data-start=\"2723\" data-end=\"2743\">servicios actuales<\/strong> para ver c\u00f3mo podemos ayudarle hoy mismo.<\/p>\t\t\t\t\t\t\t\t<\/div>\n\t\t\t\t<\/div>\n\t\t\t\t\t<\/div>\n\t\t\t\t<\/div>\n\t\t<div data-particle_enable=\"false\" data-particle-mobile-disabled=\"false\" class=\"elementor-element elementor-element-cc71c24 e-flex e-con-boxed e-con e-parent\" data-id=\"cc71c24\" data-element_type=\"container\" data-e-type=\"container\">\n\t\t\t\t\t<div class=\"e-con-inner\">\n\t\t\t\t<div class=\"elementor-element elementor-element-468785f elementor-widget elementor-widget-heading\" data-id=\"468785f\" data-element_type=\"widget\" data-e-type=\"widget\" data-widget_type=\"heading.default\">\n\t\t\t\t<div class=\"elementor-widget-container\">\n\t\t\t\t\t<h2 class=\"elementor-heading-title elementor-size-default\">Programa de afiliaci\u00f3n Florida Document Specialists<\/h2>\t\t\t\t<\/div>\n\t\t\t\t<\/div>\n\t\t\t\t\t<\/div>\n\t\t\t\t<\/div>\n\t\t<div data-particle_enable=\"false\" data-particle-mobile-disabled=\"false\" class=\"elementor-element elementor-element-8fd42d8 e-flex e-con-boxed e-con e-parent\" data-id=\"8fd42d8\" data-element_type=\"container\" data-e-type=\"container\">\n\t\t\t\t\t<div class=\"e-con-inner\">\n\t\t\t\t<div class=\"elementor-element elementor-element-2aac651 elementor-widget elementor-widget-text-editor\" data-id=\"2aac651\" data-element_type=\"widget\" data-e-type=\"widget\" data-widget_type=\"text-editor.default\">\n\t\t\t\t<div class=\"elementor-widget-container\">\n\t\t\t\t\t\t\t\t\t<h3 data-start=\"0\" data-end=\"80\"><strong>As\u00f3ciese con nosotros a trav\u00e9s del Programa de Afiliaci\u00f3n Florida Document Specialists<\/strong><\/h3><p data-start=\"82\" data-end=\"496\">A medida que Florida Document Specialists sigue evolucionando y perfeccionando nuestro enfoque en servicios documentales seguros y basados en la tecnolog\u00eda, abrimos la puerta a profesionales y organizaciones de confianza para que crezcan junto a nosotros. Nuestra <strong data-start=\"296\" data-end=\"331\">Programa de afiliados y asociados<\/strong> est\u00e1 dise\u00f1ado para notaries, asistentes jur\u00eddicos, profesionales inmobiliarios, traductores y otros proveedores de servicios que comparten nuestro compromiso con la integridad y la atenci\u00f3n al cliente.<\/p><p data-start=\"498\" data-end=\"844\">Al unirse a nuestra red de afiliados, puede ganar comisiones por remitir clientes a nuestros servicios principales, desde <strong data-start=\"607\" data-end=\"645\">notarizaci\u00f3n y apostillas en l\u00ednea<\/strong> a <strong data-start=\"649\" data-end=\"702\">preparaci\u00f3n de documentos de adopci\u00f3n y planificaci\u00f3n patrimonial<\/strong>. Tanto si trabaja con clientes locales en Florida como en todo el pa\u00eds, nuestro sistema hace que la participaci\u00f3n sea sencilla, transparente y gratificante.<\/p><p data-start=\"846\" data-end=\"1074\" data-is-last-node=\"\" data-is-only-node=\"\">\ud83d\udc49 <strong data-start=\"849\" data-end=\"923\">Descubra c\u00f3mo puede formar parte de nuestra comunidad profesional en expansi\u00f3n.<\/strong> Visite nuestro <a class=\"decorated-link\" href=\"https:\/\/floridadocument.com\/affiliate-associate-program\/\" target=\"_new\" rel=\"noopener\" data-start=\"934\" data-end=\"1016\">P\u00e1gina del Programa de Afiliaci\u00f3n<\/a> para conocer los detalles, las ventajas y c\u00f3mo empezar.<\/p>\t\t\t\t\t\t\t\t<\/div>\n\t\t\t\t<\/div>\n\t\t\t\t\t<\/div>\n\t\t\t\t<\/div>\n\t\t\t\t<\/div>","protected":false},"excerpt":{"rendered":"<p>Gracias por m\u00e1s de una d\u00e9cada de confianza y apoyo. Durante m\u00e1s de diez a\u00f1os, Florida Document Specialists ha tenido el privilegio de brindar asistencia no jur\u00eddica a cientos de familias y personas de Florida en la redacci\u00f3n de diversos formularios legales, desde adopciones hasta divorcios de mutuo acuerdo, administraci\u00f3n sumaria, cambios de nombre, solicitudes de custodia temporal y documentos de inmigraci\u00f3n. Nuestro... <a title=\"Aviso sobre antiguos servicios\" class=\"read-more\" href=\"https:\/\/floridadocument.com\/es\/service-updates\/\" aria-label=\"M\u00e1s informaci\u00f3n sobre el aviso de servicios anteriores\">Seguir leyendo<\/a><\/p>","protected":false},"author":4,"featured_media":0,"parent":0,"menu_order":0,"comment_status":"closed","ping_status":"closed","template":"","meta":{"_lmt_disableupdate":"no","_lmt_disable":"","_monsterinsights_skip_tracking":false,"_monsterinsights_sitenote_active":false,"_monsterinsights_sitenote_note":"","_monsterinsights_sitenote_category":0,"generate_page_header":"","footnotes":""},"class_list":["post-17161","page","type-page","status-publish"],"_links":{"self":[{"href":"https:\/\/floridadocument.com\/es\/wp-json\/wp\/v2\/pages\/17161","targetHints":{"allow":["GET"]}}],"collection":[{"href":"https:\/\/floridadocument.com\/es\/wp-json\/wp\/v2\/pages"}],"about":[{"href":"https:\/\/floridadocument.com\/es\/wp-json\/wp\/v2\/types\/page"}],"author":[{"embeddable":true,"href":"https:\/\/floridadocument.com\/es\/wp-json\/wp\/v2\/users\/4"}],"replies":[{"embeddable":true,"href":"https:\/\/floridadocument.com\/es\/wp-json\/wp\/v2\/comments?post=17161"}],"version-history":[{"count":10,"href":"https:\/\/floridadocument.com\/es\/wp-json\/wp\/v2\/pages\/17161\/revisions"}],"predecessor-version":[{"id":17186,"href":"https:\/\/floridadocument.com\/es\/wp-json\/wp\/v2\/pages\/17161\/revisions\/17186"}],"wp:attachment":[{"href":"https:\/\/floridadocument.com\/es\/wp-json\/wp\/v2\/media?parent=17161"}],"curies":[{"name":"wp","href":"https:\/\/api.w.org\/{rel}","templated":true}]}}