{"id":17209,"date":"2025-11-06T12:57:33","date_gmt":"2025-11-06T17:57:33","guid":{"rendered":"https:\/\/floridadocument.com\/?page_id=17209"},"modified":"2025-11-06T12:57:37","modified_gmt":"2025-11-06T17:57:37","slug":"affiliate-how-it-works","status":"publish","type":"page","link":"https:\/\/floridadocument.com\/es\/affiliate-how-it-works\/","title":{"rendered":"Bajo el cap\u00f3: c\u00f3mo funciona realmente el programa de afiliaci\u00f3n Florida Document Specialists"},"content":{"rendered":"<div data-elementor-type=\"wp-page\" data-elementor-id=\"17209\" class=\"elementor elementor-17209\" data-elementor-post-type=\"page\">\n\t\t\t\t<div data-particle_enable=\"false\" data-particle-mobile-disabled=\"false\" class=\"elementor-element elementor-element-d711c62 e-flex e-con-boxed e-con e-parent\" data-id=\"d711c62\" data-element_type=\"container\" data-e-type=\"container\">\n\t\t\t\t\t<div class=\"e-con-inner\">\n\t\t\t\t<div class=\"elementor-element elementor-element-fe62bab elementor-widget elementor-widget-heading\" data-id=\"fe62bab\" data-element_type=\"widget\" data-e-type=\"widget\" data-widget_type=\"heading.default\">\n\t\t\t\t<div class=\"elementor-widget-container\">\n\t\t\t\t\t<h2 class=\"elementor-heading-title elementor-size-default\">Bajo el cap\u00f3: c\u00f3mo funciona realmente el programa de afiliaci\u00f3n Florida Document Specialists<\/h2>\t\t\t\t<\/div>\n\t\t\t\t<\/div>\n\t\t\t\t\t<\/div>\n\t\t\t\t<\/div>\n\t\t<div data-particle_enable=\"false\" data-particle-mobile-disabled=\"false\" class=\"elementor-element elementor-element-6011755 e-flex e-con-boxed e-con e-parent\" data-id=\"6011755\" data-element_type=\"container\" data-e-type=\"container\">\n\t\t\t\t\t<div class=\"e-con-inner\">\n\t\t\t\t<div class=\"elementor-element elementor-element-ae4f32a elementor-widget elementor-widget-text-editor\" data-id=\"ae4f32a\" data-element_type=\"widget\" data-e-type=\"widget\" data-widget_type=\"text-editor.default\">\n\t\t\t\t<div class=\"elementor-widget-container\">\n\t\t\t\t\t\t\t\t\t<p data-start=\"313\" data-end=\"378\"><strong>La mayor\u00eda de los programas de afiliaci\u00f3n mantienen la mec\u00e1nica en el misterio. Nosotros no.<\/strong><\/p><p data-start=\"380\" data-end=\"547\">Si alguna vez te has preguntado <em data-start=\"404\" data-end=\"409\">c\u00f3mo<\/em> sus pistas de enlace de referencia, <em data-start=\"437\" data-end=\"443\">cuando<\/em> aparecen comisiones, o <em data-start=\"467\" data-end=\"472\">por qu\u00e9<\/em> lo construimos as\u00ed: este es el desglose directo y real.<\/p>\t\t\t\t\t\t\t\t<\/div>\n\t\t\t\t<\/div>\n\t\t\t\t\t<\/div>\n\t\t\t\t<\/div>\n\t\t<div data-particle_enable=\"false\" data-particle-mobile-disabled=\"false\" class=\"elementor-element elementor-element-ff82630 e-flex e-con-boxed e-con e-parent\" data-id=\"ff82630\" data-element_type=\"container\" data-e-type=\"container\">\n\t\t\t\t\t<div class=\"e-con-inner\">\n\t\t\t\t<div class=\"elementor-element elementor-element-306979f elementor-widget elementor-widget-text-editor\" data-id=\"306979f\" data-element_type=\"widget\" data-e-type=\"widget\" data-widget_type=\"text-editor.default\">\n\t\t\t\t<div class=\"elementor-widget-container\">\n\t\t\t\t\t\t\t\t\t<h3 data-start=\"549\" data-end=\"583\"><strong>1. Su enlace de referencia \u00fanico<\/strong><\/h3><p data-start=\"584\" data-end=\"765\">Cuando te registres, recibir\u00e1s tu propio enlace de recomendaci\u00f3n (y el c\u00f3digo QR correspondiente).<br data-start=\"660\" data-end=\"663\" \/>Ese enlace incluye un peque\u00f1o identificador de seguimiento - algo as\u00ed como:<br data-start=\"719\" data-end=\"722\" \/><code data-start=\"722\" data-end=\"763\">https:\/\/floridadocument.com\/?ref=FDS123<\/code><\/p><p data-start=\"767\" data-end=\"911\">Cada vez que alguien hace clic en tu enlace o lo escanea, ese identificador lo acompa\u00f1a en silencio. Piensa en ello como una etiqueta digital con tu nombre que dice: \u201cEste te pertenece\u201d.\u201d<\/p><h3 data-start=\"913\" data-end=\"962\"><strong>2. Galletas que funcionan (sin ser espeluznantes)<\/strong><\/h3><p data-start=\"963\" data-end=\"1153\">Cuando alguien hace clic en su enlace, se instala una cookie en su navegador y dura <strong data-start=\"1037\" data-end=\"1048\">30 d\u00edas<\/strong>.  De este modo, si su recomendado vuelve la semana que viene para terminar su pedido, usted seguir\u00e1 recibiendo el cr\u00e9dito cuando pague.<\/p><p data-start=\"1155\" data-end=\"1273\">Sin rastreo en otros sitios, sin recopilaci\u00f3n de datos personales: s\u00f3lo una forma sencilla de asegurarse de que se le acredita de forma justa.<\/p><h3 data-start=\"1275\" data-end=\"1307\"><strong>3. Seguimiento y finalizaci\u00f3n<\/strong><\/h3><p data-start=\"1308\" data-end=\"1517\">Cuando el cliente finaliza su pedido y se liquida el pago, el sistema registra un <strong data-start=\"1385\" data-end=\"1408\">remisi\u00f3n con \u00e9xito<\/strong>.  Usted no tiene que hacer nada - el ID de referencia permanece con el pedido autom\u00e1ticamente hasta que se verifica.<\/p><h3 data-start=\"1519\" data-end=\"1552\"><strong>4. Verificaci\u00f3n y pagos<\/strong><\/h3><p data-start=\"1553\" data-end=\"1755\">Para que el sistema sea justo para todos, establecemos un breve lapso de tiempo antes de que las comisiones pasen al pago. Esto nos da tiempo para verificar que el pedido es v\u00e1lido, se ha completado y no ha sido reembolsado o cancelado.<\/p><p data-start=\"1757\" data-end=\"1930\">Una vez verificada, la comisi\u00f3n se marca <strong data-start=\"1797\" data-end=\"1809\">aprobado<\/strong> y a\u00f1adido a su <strong data-start=\"1828\" data-end=\"1852\">Cola de pagos del viernes.\u00a0 <\/strong>Es entonces cuando se convierte en dinero real, y s\u00ed, llega a tiempo.<\/p><h3 data-start=\"1932\" data-end=\"1968\"><strong>5. Vida \u00fatil y renovaci\u00f3n de las cookies<\/strong><\/h3><p data-start=\"1969\" data-end=\"2177\">Su cookie de referencia dura <strong data-start=\"1996\" data-end=\"2007\">30 d\u00edas<\/strong>, y cada nueva visita a trav\u00e9s de su enlace reinicia el reloj.<br data-start=\"2064\" data-end=\"2067\" \/>Mantenga su enlace visible -en publicaciones, correos electr\u00f3nicos o su sitio web- y su alcance seguir\u00e1 creciendo autom\u00e1ticamente.<\/p><h3 data-start=\"2179\" data-end=\"2221\"><strong>6. Seguridad y sencillez<\/strong><\/h3><p data-start=\"2222\" data-end=\"2390\">Todo el seguimiento se realiza a trav\u00e9s de conexiones HTTPS seguras. Sin ventanas emergentes, sin scripts publicitarios de terceros y sin trucos.  Es \u00e1gil, transparente y est\u00e1 dise\u00f1ado para hacer su trabajo en silencio.<\/p><h3 data-start=\"2392\" data-end=\"2420\"><strong>7. Vista del panel de control<\/strong><\/h3><p data-start=\"2421\" data-end=\"2454\"><strong>Tu panel de control de afiliado muestra:<\/strong><\/p><ul data-start=\"2455\" data-end=\"2575\"><li data-start=\"2455\" data-end=\"2481\"><p data-start=\"2457\" data-end=\"2481\">Clics y conversiones<\/p><\/li><li data-start=\"2482\" data-end=\"2514\"><p data-start=\"2484\" data-end=\"2514\">Comisiones pendientes y pagadas<\/p><\/li><li data-start=\"2515\" data-end=\"2532\"><p data-start=\"2517\" data-end=\"2532\">Progreso por niveles<\/p><\/li><li data-start=\"2533\" data-end=\"2575\"><p data-start=\"2535\" data-end=\"2575\">Datos de la fuente de remisi\u00f3n (enlace o c\u00f3digo QR)<\/p><\/li><\/ul><p data-start=\"2577\" data-end=\"2655\">Todo se actualiza en tiempo real, para que siempre sepas exactamente a qu\u00e9 atenerte.<\/p><h3 data-start=\"2657\" data-end=\"2682\"><strong>8. Siempre en expansi\u00f3n<\/strong><\/h3><p data-start=\"2683\" data-end=\"2883\">A medida que a\u00f1adimos nuevos servicios, su enlace existente los cubre autom\u00e1ticamente: sin nuevos c\u00f3digos, sin nuevas configuraciones.  Tanto si se trata de una nueva opci\u00f3n de notarizaci\u00f3n como de un servicio de archivo especializado, ya est\u00e1 informado.<\/p><h3 data-start=\"2885\" data-end=\"2915\"><strong>9. Calidad frente a cantidad<\/strong><\/h3><p data-start=\"2916\" data-end=\"3073\">Valoramos <strong data-start=\"2925\" data-end=\"2946\">referencias de calidad<\/strong> - clientes reales, no clics. Los clientes potenciales de alta calidad se traducen en aprobaciones m\u00e1s r\u00e1pidas, pagos m\u00e1s fluidos y, con el tiempo, recompensas de mayor nivel.<\/p><h3 data-start=\"3075\" data-end=\"3105\"><strong>10. \u00bfPreguntas? Preg\u00fantanos.<\/strong><\/h3><p data-start=\"3106\" data-end=\"3278\">Si tienes curiosidad sobre un caso concreto o quieres ver c\u00f3mo funciona tu configuraci\u00f3n, ponte en contacto con nosotros.<br data-start=\"3198\" data-end=\"3201\" \/>Se lo explicaremos de forma clara, honesta y sin tecnicismos.<\/p>\t\t\t\t\t\t\t\t<\/div>\n\t\t\t\t<\/div>\n\t\t\t\t\t<\/div>\n\t\t\t\t<\/div>\n\t\t<div data-particle_enable=\"false\" data-particle-mobile-disabled=\"false\" class=\"elementor-element elementor-element-c865127 e-flex e-con-boxed e-con e-parent\" data-id=\"c865127\" data-element_type=\"container\" data-e-type=\"container\">\n\t\t\t\t\t<div class=\"e-con-inner\">\n\t\t\t\t<div class=\"elementor-element elementor-element-170b2c8 elementor-widget elementor-widget-text-editor\" data-id=\"170b2c8\" data-element_type=\"widget\" data-e-type=\"widget\" data-widget_type=\"text-editor.default\">\n\t\t\t\t<div class=\"elementor-widget-container\">\n\t\t\t\t\t\t\t\t\t<p><strong>Sencilla. Transparente. Justo. Eso es lo que hay bajo el cap\u00f3, y por eso funciona.<\/strong><\/p>\t\t\t\t\t\t\t\t<\/div>\n\t\t\t\t<\/div>\n\t\t\t\t\t<\/div>\n\t\t\t\t<\/div>\n\t\t<div data-particle_enable=\"false\" data-particle-mobile-disabled=\"false\" class=\"elementor-element elementor-element-e97dc19 e-flex e-con-boxed e-con e-parent\" data-id=\"e97dc19\" data-element_type=\"container\" data-e-type=\"container\">\n\t\t\t\t\t<div class=\"e-con-inner\">\n\t\t\t\t<div class=\"elementor-element elementor-element-7d2d31e content-align-cta-center elementor-widget elementor-widget-eael-cta-box\" data-id=\"7d2d31e\" data-element_type=\"widget\" data-e-type=\"widget\" data-widget_type=\"eael-cta-box.default\">\n\t\t\t\t<div class=\"elementor-widget-container\">\n\t\t\t\t\t\t\t<div class=\"eael-call-to-action cta-basic bg-lite cta-preset-2\">\n        <h2 class=\"title eael-cta-heading\">\u00danase al programa de afiliados de Florida Document Specialists<\/h2><p>Gane comisiones semanales por cada cliente que recomiende: sin comisiones, sin cuotas, sin trucos. Recompensas honestas por ayudar a la gente a encontrar servicios documentales de confianza.<\/p><a href=\"https:\/\/floridadocument.com\/es\/affiliate-signup\/\" class=\"cta-button cta-preset-2 cta-btn-preset-2\"><span class=\"btn-icon\"><svg aria-hidden=\"true\" class=\"e-font-icon-svg e-fas-arrow-alt-circle-right\" viewbox=\"0 0 512 512\" xmlns=\"http:\/\/www.w3.org\/2000\/svg\"><path d=\"M256 8c137 0 248 111 248 248S393 504 256 504 8 393 8 256 119 8 256 8zM140 300h116v70.9c0 10.7 13 16.1 20.5 8.5l114.3-114.9c4.7-4.7 4.7-12.2 0-16.9l-114.3-115c-7.6-7.6-20.5-2.2-20.5 8.5V212H140c-6.6 0-12 5.4-12 12v64c0 6.6 5.4 12 12 12z\"><\/path><\/svg><\/span>Solicitar ahora<\/a>\t<\/div>\n\t\t\t\t\t\t\t\t<\/div>\n\t\t\t\t<\/div>\n\t\t\t\t\t<\/div>\n\t\t\t\t<\/div>\n\t\t\t\t<\/div>","protected":false},"excerpt":{"rendered":"<p>Detr\u00e1s de c\u00e1maras: c\u00f3mo funciona realmente el programa de afiliados de Florida Document Specialists La mayor\u00eda de los programas de afiliados mantienen en secreto su funcionamiento. Nosotros no. Si alguna vez te has preguntado c\u00f3mo se rastrea tu enlace de referencia, cu\u00e1ndo aparecen las comisiones o por qu\u00e9 lo hemos dise\u00f1ado as\u00ed, aqu\u00ed tienes una explicaci\u00f3n sencilla y realista. 1. Tu enlace de referencia \u00fanico Cuando te unes, \u2026 <a title=\"Bajo el cap\u00f3: c\u00f3mo funciona realmente el programa de afiliaci\u00f3n Florida Document Specialists\" class=\"read-more\" href=\"https:\/\/floridadocument.com\/es\/affiliate-how-it-works\/\" aria-label=\"M\u00e1s informaci\u00f3n sobre \u00abEntre bastidores: c\u00f3mo funciona realmente el programa de afiliados Florida Document Specialists\u00bb.\">Seguir leyendo<\/a><\/p>","protected":false},"author":4,"featured_media":0,"parent":0,"menu_order":0,"comment_status":"closed","ping_status":"closed","template":"","meta":{"_lmt_disableupdate":"","_lmt_disable":"","_monsterinsights_skip_tracking":false,"_monsterinsights_sitenote_active":false,"_monsterinsights_sitenote_note":"","_monsterinsights_sitenote_category":0,"generate_page_header":"","footnotes":""},"class_list":["post-17209","page","type-page","status-publish"],"_links":{"self":[{"href":"https:\/\/floridadocument.com\/es\/wp-json\/wp\/v2\/pages\/17209","targetHints":{"allow":["GET"]}}],"collection":[{"href":"https:\/\/floridadocument.com\/es\/wp-json\/wp\/v2\/pages"}],"about":[{"href":"https:\/\/floridadocument.com\/es\/wp-json\/wp\/v2\/types\/page"}],"author":[{"embeddable":true,"href":"https:\/\/floridadocument.com\/es\/wp-json\/wp\/v2\/users\/4"}],"replies":[{"embeddable":true,"href":"https:\/\/floridadocument.com\/es\/wp-json\/wp\/v2\/comments?post=17209"}],"version-history":[{"count":4,"href":"https:\/\/floridadocument.com\/es\/wp-json\/wp\/v2\/pages\/17209\/revisions"}],"predecessor-version":[{"id":17213,"href":"https:\/\/floridadocument.com\/es\/wp-json\/wp\/v2\/pages\/17209\/revisions\/17213"}],"wp:attachment":[{"href":"https:\/\/floridadocument.com\/es\/wp-json\/wp\/v2\/media?parent=17209"}],"curies":[{"name":"wp","href":"https:\/\/api.w.org\/{rel}","templated":true}]}}