{"id":17956,"date":"2025-11-19T16:01:16","date_gmt":"2025-11-19T21:01:16","guid":{"rendered":"https:\/\/floridadocument.com\/?page_id=17956"},"modified":"2025-11-19T17:19:17","modified_gmt":"2025-11-19T22:19:17","slug":"affiliate-signup-portal","status":"publish","type":"page","link":"https:\/\/floridadocument.com\/es\/affiliate-signup-portal\/","title":{"rendered":"Portal de registro de afiliados"},"content":{"rendered":"\t\t<div data-elementor-type=\"wp-page\" data-elementor-id=\"17956\" class=\"elementor elementor-17956\" data-elementor-post-type=\"page\">\n\t\t\t\t<div data-particle_enable=\"false\" data-particle-mobile-disabled=\"false\" class=\"elementor-element elementor-element-4ba8d8b e-flex e-con-boxed e-con e-parent\" data-id=\"4ba8d8b\" data-element_type=\"container\" data-e-type=\"container\">\n\t\t\t\t\t<div class=\"e-con-inner\">\n\t\t\t\t<div class=\"elementor-element elementor-element-ceba44a elementor-widget elementor-widget-text-editor\" data-id=\"ceba44a\" data-element_type=\"widget\" data-e-type=\"widget\" data-widget_type=\"text-editor.default\">\n\t\t\t\t<div class=\"elementor-widget-container\">\n\t\t\t\t\t\t\t\t\t<div class=\"fds-home-section\" style=\"font-size: 16px; line-height: 1.6; margin-bottom: 24px;\">\n\n  <!-- Eyebrow \/ Label -->\n  <div style=\"font-size: 14px; font-weight: bold; letter-spacing: 0.14em; text-transform: uppercase; color: #2563eb; margin-bottom: 6px;\">\n    Affiliate Partner Program\n  <\/div>\n\n  <!-- Branded Box -->\n  <div style=\"\n    padding: 18px 20px;\n    border-radius: 14px;\n    border: 1px solid #d6dde8;\n    background: #f6f9fc;\n    box-shadow: 0 8px 18px rgba(15, 23, 42, 0.06);\n  \">\n    <p style=\"margin: 0 0 10px; font-size: 21px; font-weight: bold; color: #111827;\">\n      Earn Weekly Commissions by Referring Clients You Already Help\n    <\/p>\n\n    <p style=\"margin: 0 0 12px; color: #4b5563;\">\n      Join our boutique affiliate program and partner directly with a Florida-based team that handles\n      online notarization, apostilles, and eRecording for clients across the U.S. and around the world.\n      You send the referrals \u2014 we take care of the work and support.\n    <\/p>\n\n    <ul style=\"margin: 0; padding-left: 18px; color: #374151;\">\n      <li style=\"margin-bottom: 4px;\"><strong>Simple sign-up:<\/strong> Get your link and start sharing in minutes.<\/li>\n      <li style=\"margin-bottom: 4px;\"><strong>Transparent payouts:<\/strong> Clear tracking and weekly commission options.<\/li>\n      <li style=\"margin-bottom: 0;\"><strong>Trusted service:<\/strong> Real Florida professionals serving your clients with care.<\/li>\n    <\/ul>\n  <\/div>\n\n<\/div>\n\t\t\t\t\t\t\t\t<\/div>\n\t\t\t\t<\/div>\n\t\t\t\t\t<\/div>\n\t\t\t\t<\/div>\n\t\t\t\t<section data-particle_enable=\"false\" data-particle-mobile-disabled=\"false\" class=\"elementor-section elementor-top-section elementor-element elementor-element-774be942 elementor-section-boxed elementor-section-height-default elementor-section-height-default\" data-id=\"774be942\" data-element_type=\"section\" data-e-type=\"section\">\n\t\t\t\t\t\t<div class=\"elementor-container elementor-column-gap-default\">\n\t\t\t\t\t<div class=\"elementor-column elementor-col-100 elementor-top-column elementor-element elementor-element-614128b1\" data-id=\"614128b1\" data-element_type=\"column\" data-e-type=\"column\">\n\t\t\t<div class=\"elementor-widget-wrap elementor-element-populated\">\n\t\t\t\t\t\t<div class=\"elementor-element elementor-element-46d88e74 elementor-widget elementor-widget-heading\" data-id=\"46d88e74\" data-element_type=\"widget\" data-e-type=\"widget\" data-widget_type=\"heading.default\">\n\t\t\t\t<div class=\"elementor-widget-container\">\n\t\t\t\t\t<h2 class=\"elementor-heading-title elementor-size-default\">Affiliate Registration<\/h2>\t\t\t\t<\/div>\n\t\t\t\t<\/div>\n\t\t\t\t<div class=\"elementor-element elementor-element-6793f123 elementor-button-align-stretch elementor-widget elementor-widget-form\" data-id=\"6793f123\" data-element_type=\"widget\" data-e-type=\"widget\" data-settings=\"{&quot;step_next_label&quot;:&quot;Next&quot;,&quot;step_previous_label&quot;:&quot;Previous&quot;,&quot;button_width&quot;:&quot;100&quot;,&quot;step_type&quot;:&quot;number_text&quot;,&quot;step_icon_shape&quot;:&quot;circle&quot;}\" data-widget_type=\"form.default\">\n\t\t\t\t<div class=\"elementor-widget-container\">\n\t\t\t\t\t\t\t<form class=\"elementor-form\" method=\"post\" name=\"Affiliate Registration\" aria-label=\"Affiliate Registration\">\n\t\t\t<input type=\"hidden\" name=\"post_id\" value=\"17956\"\/>\n\t\t\t<input type=\"hidden\" name=\"form_id\" value=\"6793f123\"\/>\n\t\t\t<input type=\"hidden\" name=\"referer_title\" value=\"Affiliate Signup Portal - Florida Document Specialists\" \/>\n\n\t\t\t\t\t\t\t<input type=\"hidden\" name=\"queried_id\" value=\"17956\"\/>\n\t\t\t\n\t\t\t<div class=\"elementor-form-fields-wrapper elementor-labels-above\">\n\t\t\t\t\t\t\t\t<div class=\"elementor-field-type-text elementor-field-group elementor-column elementor-field-group-name elementor-col-100\">\n\t\t\t\t\t\t\t\t\t\t\t\t<label for=\"form-field-name\" class=\"elementor-field-label\">\n\t\t\t\t\t\t\t\tYour Name\t\t\t\t\t\t\t<\/label>\n\t\t\t\t\t\t\t\t\t\t\t\t\t\t<input size=\"1\" type=\"text\" name=\"form_fields[name]\" id=\"form-field-name\" class=\"elementor-field elementor-size-md  elementor-field-textual\">\n\t\t\t\t\t\t\t\t\t\t\t<\/div>\n\t\t\t\t\t\t\t\t<div class=\"elementor-field-type-text elementor-field-group elementor-column elementor-field-group-username elementor-col-100\">\n\t\t\t\t\t\t\t\t\t\t\t\t<label for=\"form-field-username\" class=\"elementor-field-label\">\n\t\t\t\t\t\t\t\tDesired Username\t\t\t\t\t\t\t<\/label>\n\t\t\t\t\t\t\t\t\t\t\t\t\t\t<input size=\"1\" type=\"text\" name=\"form_fields[username]\" id=\"form-field-username\" class=\"elementor-field elementor-size-md  elementor-field-textual\">\n\t\t\t\t\t\t\t\t\t\t\t<\/div>\n\t\t\t\t\t\t\t\t<div class=\"elementor-field-type-email elementor-field-group elementor-column elementor-field-group-email elementor-col-100 elementor-field-required elementor-mark-required\">\n\t\t\t\t\t\t\t\t\t\t\t\t<label for=\"form-field-email\" class=\"elementor-field-label\">\n\t\t\t\t\t\t\t\tYour Email\t\t\t\t\t\t\t<\/label>\n\t\t\t\t\t\t\t\t\t\t\t\t\t\t<input size=\"1\" type=\"email\" name=\"form_fields[email]\" id=\"form-field-email\" class=\"elementor-field elementor-size-md  elementor-field-textual\" required=\"required\">\n\t\t\t\t\t\t\t\t\t\t\t<\/div>\n\t\t\t\t\t\t\t\t<div class=\"elementor-field-type-email elementor-field-group elementor-column elementor-field-group-payment_email elementor-col-100\">\n\t\t\t\t\t\t\t\t\t\t\t\t<label for=\"form-field-payment_email\" class=\"elementor-field-label\">\n\t\t\t\t\t\t\t\tYour PayPal Account Email (To Get Paid)\t\t\t\t\t\t\t<\/label>\n\t\t\t\t\t\t\t\t\t\t\t\t\t\t<input size=\"1\" type=\"email\" name=\"form_fields[payment_email]\" id=\"form-field-payment_email\" class=\"elementor-field elementor-size-md  elementor-field-textual\">\n\t\t\t\t\t\t\t\t\t\t\t<\/div>\n\t\t\t\t\t\t\t\t<div class=\"elementor-field-type-url elementor-field-group elementor-column elementor-field-group-website_url elementor-col-100\">\n\t\t\t\t\t\t\t\t\t\t\t\t<label for=\"form-field-website_url\" class=\"elementor-field-label\">\n\t\t\t\t\t\t\t\tYour Website URL\t\t\t\t\t\t\t<\/label>\n\t\t\t\t\t\t\t\t\t\t\t\t\t\t<input size=\"1\" type=\"url\" name=\"form_fields[website_url]\" id=\"form-field-website_url\" class=\"elementor-field elementor-size-md  elementor-field-textual\">\n\t\t\t\t\t\t\t\t\t\t\t<\/div>\n\t\t\t\t\t\t\t\t<div class=\"elementor-field-type-textarea elementor-field-group elementor-column elementor-field-group-promotion_method elementor-col-100\">\n\t\t\t\t\t\t\t\t\t\t\t\t<label for=\"form-field-promotion_method\" class=\"elementor-field-label\">\n\t\t\t\t\t\t\t\tHow will you promote us?\t\t\t\t\t\t\t<\/label>\n\t\t\t\t\t\t<textarea class=\"elementor-field-textual elementor-field  elementor-size-md\" name=\"form_fields[promotion_method]\" id=\"form-field-promotion_method\" rows=\"4\"><\/textarea>\t\t\t\t<\/div>\n\t\t\t\t\t\t\t\t<div class=\"elementor-field-type-password elementor-field-group elementor-column elementor-field-group-password elementor-col-100 elementor-field-required elementor-mark-required\">\n\t\t\t\t\t\t\t\t\t\t\t\t<label for=\"form-field-password\" class=\"elementor-field-label\">\n\t\t\t\t\t\t\t\tCreate a Password\t\t\t\t\t\t\t<\/label>\n\t\t\t\t\t\t\t\t\t\t\t\t\t\t<input size=\"1\" type=\"password\" name=\"form_fields[password]\" id=\"form-field-password\" class=\"elementor-field elementor-size-md  elementor-field-textual\" required=\"required\">\n\t\t\t\t\t\t\t\t\t\t\t<\/div>\n\t\t\t\t\t\t\t\t<div class=\"elementor-field-type-checkbox elementor-field-group elementor-column elementor-field-group-field_37dfbf0 elementor-col-100\">\n\t\t\t\t\t\t\t\t\t\t\t\t<label for=\"form-field-field_37dfbf0\" class=\"elementor-field-label\">\n\t\t\t\t\t\t\t\tTerms of Service\t\t\t\t\t\t\t<\/label>\n\t\t\t\t\t\t<div class=\"elementor-field-subgroup  \"><span class=\"elementor-field-option\"><input type=\"checkbox\" value=\"I confirm that I have read and agree to the Affiliate Program &lt;a href=&quot;https:\/\/floridadocument.com\/affiliate-terms-of-use-agreement\/&quot; target=&quot;_blank&quot; rel=&quot;noopener noreferrer&quot;&gt;Terms of Service&lt;\/a&gt;.\" id=\"form-field-field_37dfbf0-0\" name=\"form_fields[field_37dfbf0]\"> <label for=\"form-field-field_37dfbf0-0\">I confirm that I have read and agree to the Affiliate Program <a href=\"https:\/\/floridadocument.com\/affiliate-terms-of-use-agreement\/\" target=\"_blank\" rel=\"noopener noreferrer\">Terms of Service<\/a>.<\/label><\/span><\/div>\t\t\t\t<\/div>\n\t\t\t\t\t\t\t\t<div class=\"elementor-field-group elementor-column elementor-field-type-submit elementor-col-100 e-form__buttons\">\n\t\t\t\t\t<button class=\"elementor-button elementor-size-sm\" type=\"submit\">\n\t\t\t\t\t\t<span class=\"elementor-button-content-wrapper\">\n\t\t\t\t\t\t\t\t\t\t\t\t\t\t\t\t\t\t\t\t\t\t<span class=\"elementor-button-text\">Submit Application<\/span>\n\t\t\t\t\t\t\t\t\t\t\t\t\t<\/span>\n\t\t\t\t\t<\/button>\n\t\t\t\t<\/div>\n\t\t\t<\/div>\n\t\t<\/form>\n\t\t\t\t\t\t<\/div>\n\t\t\t\t<\/div>\n\t\t\t\t\t<\/div>\n\t\t<\/div>\n\t\t\t\t\t<\/div>\n\t\t<\/section>\n\t\t\t\t<\/div>\n\t\t","protected":false},"excerpt":{"rendered":"<p>Programa de socios afiliados Gane comisiones semanales por recomendar a clientes a los que ya ayuda \u00danase a nuestro programa de afiliados boutique y colabore directamente con un equipo con sede en Florida que se encarga de la notarizaci\u00f3n en l\u00ednea, las apostillas y el registro electr\u00f3nico para clientes de todo Estados Unidos y del resto del mundo. Usted nos env\u00eda las recomendaciones y nosotros nos encargamos del trabajo y la asistencia. Registro sencillo: \u2026 <a title=\"Portal de registro de afiliados\" class=\"read-more\" href=\"https:\/\/floridadocument.com\/es\/affiliate-signup-portal\/\" aria-label=\"M\u00e1s informaci\u00f3n sobre el portal de registro de afiliados\">Seguir leyendo<\/a><\/p>","protected":false},"author":4,"featured_media":0,"parent":0,"menu_order":0,"comment_status":"closed","ping_status":"closed","template":"","meta":{"_lmt_disableupdate":"","_lmt_disable":"","_monsterinsights_skip_tracking":false,"_monsterinsights_sitenote_active":false,"_monsterinsights_sitenote_note":"","_monsterinsights_sitenote_category":0,"generate_page_header":"","footnotes":""},"class_list":["post-17956","page","type-page","status-publish"],"_links":{"self":[{"href":"https:\/\/floridadocument.com\/es\/wp-json\/wp\/v2\/pages\/17956","targetHints":{"allow":["GET"]}}],"collection":[{"href":"https:\/\/floridadocument.com\/es\/wp-json\/wp\/v2\/pages"}],"about":[{"href":"https:\/\/floridadocument.com\/es\/wp-json\/wp\/v2\/types\/page"}],"author":[{"embeddable":true,"href":"https:\/\/floridadocument.com\/es\/wp-json\/wp\/v2\/users\/4"}],"replies":[{"embeddable":true,"href":"https:\/\/floridadocument.com\/es\/wp-json\/wp\/v2\/comments?post=17956"}],"version-history":[{"count":10,"href":"https:\/\/floridadocument.com\/es\/wp-json\/wp\/v2\/pages\/17956\/revisions"}],"predecessor-version":[{"id":17981,"href":"https:\/\/floridadocument.com\/es\/wp-json\/wp\/v2\/pages\/17956\/revisions\/17981"}],"wp:attachment":[{"href":"https:\/\/floridadocument.com\/es\/wp-json\/wp\/v2\/media?parent=17956"}],"curies":[{"name":"wp","href":"https:\/\/api.w.org\/{rel}","templated":true}]}}