{"id":18801,"date":"2025-12-07T23:02:43","date_gmt":"2025-12-08T04:02:43","guid":{"rendered":"https:\/\/floridadocument.com\/?page_id=18801"},"modified":"2025-12-08T20:02:43","modified_gmt":"2025-12-09T01:02:43","slug":"order-my-important-papers","status":"publish","type":"page","link":"https:\/\/floridadocument.com\/es\/order-my-important-papers\/","title":{"rendered":"Mis documentos importantes | Portal de pedidos"},"content":{"rendered":"<div data-elementor-type=\"wp-page\" data-elementor-id=\"18801\" class=\"elementor elementor-18801\" data-elementor-post-type=\"page\">\n\t\t\t\t<div data-particle_enable=\"false\" data-particle-mobile-disabled=\"false\" class=\"elementor-element elementor-element-6861f0e e-flex e-con-boxed e-con e-parent\" data-id=\"6861f0e\" data-element_type=\"container\" data-e-type=\"container\">\n\t\t\t\t\t<div class=\"e-con-inner\">\n\t\t\t\t<div class=\"elementor-element elementor-element-0d3451e elementor-widget elementor-widget-text-editor\" data-id=\"0d3451e\" data-element_type=\"widget\" data-e-type=\"widget\" data-widget_type=\"text-editor.default\">\n\t\t\t\t<div class=\"elementor-widget-container\">\n\t\t\t\t\t\t\t\t\t<p><span style=\"color: #0000ff;\"><strong>\u00a1Este servicio estar\u00e1 disponible muy pronto!<\/strong><\/span><\/p><p><span style=\"color: #0000ff;\"><strong>Para una consulta inmediata, llame a Florida Document Specialists al 800-255-5287 o env\u00ede un correo electr\u00f3nico a support@floridadocument.com.<\/strong><\/span><\/p>\t\t\t\t\t\t\t\t<\/div>\n\t\t\t\t<\/div>\n\t\t\t\t\t<\/div>\n\t\t\t\t<\/div>\n\t\t\t\t<\/div>","protected":false},"excerpt":{"rendered":"<p>\u00a1Este servicio estar\u00e1 disponible muy pronto! Para consultas inmediatas, llame al Florida Document Specialists al 800-255-5287 o env\u00ede un correo electr\u00f3nico a support@floridadocument.com.<\/p>","protected":false},"author":4,"featured_media":0,"parent":0,"menu_order":0,"comment_status":"closed","ping_status":"closed","template":"elementor_canvas","meta":{"_lmt_disableupdate":"no","_lmt_disable":"","_monsterinsights_skip_tracking":false,"_monsterinsights_sitenote_active":false,"_monsterinsights_sitenote_note":"","_monsterinsights_sitenote_category":0,"generate_page_header":"","footnotes":""},"class_list":["post-18801","page","type-page","status-publish"],"_links":{"self":[{"href":"https:\/\/floridadocument.com\/es\/wp-json\/wp\/v2\/pages\/18801","targetHints":{"allow":["GET"]}}],"collection":[{"href":"https:\/\/floridadocument.com\/es\/wp-json\/wp\/v2\/pages"}],"about":[{"href":"https:\/\/floridadocument.com\/es\/wp-json\/wp\/v2\/types\/page"}],"author":[{"embeddable":true,"href":"https:\/\/floridadocument.com\/es\/wp-json\/wp\/v2\/users\/4"}],"replies":[{"embeddable":true,"href":"https:\/\/floridadocument.com\/es\/wp-json\/wp\/v2\/comments?post=18801"}],"version-history":[{"count":10,"href":"https:\/\/floridadocument.com\/es\/wp-json\/wp\/v2\/pages\/18801\/revisions"}],"predecessor-version":[{"id":18812,"href":"https:\/\/floridadocument.com\/es\/wp-json\/wp\/v2\/pages\/18801\/revisions\/18812"}],"wp:attachment":[{"href":"https:\/\/floridadocument.com\/es\/wp-json\/wp\/v2\/media?parent=18801"}],"curies":[{"name":"wp","href":"https:\/\/api.w.org\/{rel}","templated":true}]}}