{"id":2710,"date":"2020-12-19T17:45:18","date_gmt":"2020-12-19T22:45:18","guid":{"rendered":"https:\/\/floridadocument.com\/?page_id=2710"},"modified":"2022-10-23T14:36:48","modified_gmt":"2022-10-23T18:36:48","slug":"sample-florida-notarial-language-for-remote-online-notarization","status":"publish","type":"page","link":"https:\/\/floridadocument.com\/es\/sample-florida-notarial-language-for-remote-online-notarization\/","title":{"rendered":"Ejemplo de lenguaje notarial de Florida para la notarizaci\u00f3n remota en l\u00ednea"},"content":{"rendered":"<h3><span style=\"color: #ff6600;\"><strong>Deberes de un notario en l\u00ednea de Florida<\/strong><\/span><\/h3>\n<p>Un online notary de Florida est\u00e1 autorizado a realizar varios actos notariales.  Los actos notariales m\u00e1s comunes son el reconocimiento y el juramento.   La mayor\u00eda de los documentos presentados para la notarizaci\u00f3n en l\u00ednea tienen el lenguaje notarial adecuado ya incluido en el documento.  Algunos no.  Un online notary no est\u00e1 autorizado a decirle qu\u00e9 acta notarial es necesaria para su(s) documento(s).  Si no lo sabe, debe averiguarlo.  A continuaci\u00f3n encontrar\u00e1 una explicaci\u00f3n de cada acta y un modelo de bloque notarial que puede utilizar una vez que haya determinado qu\u00e9 acta notarial necesita.<\/p>\n<hr \/>\n<h3><span style=\"color: #ff6600;\"><strong>Agradecimiento<\/strong><\/span><\/h3>\n<p>La finalidad de un acuse de recibo es que un firmante, cuya identidad ha sido verificada, declare a un notary public en l\u00ednea que conoce el documento que va a firmar y que lo firma voluntariamente para el fin indicado.  Algunos usos comunes de un acuse de recibo:<\/p>\n<ul>\n<li>Poder de representaci\u00f3n<\/li>\n<li>Escrituras<\/li>\n<li>Testamentos<\/li>\n<li>Otros muchos documentos<\/li>\n<\/ul>\n<p><strong>MUESTRA DE RECONOCIMIENTO NOTARIAL EN L\u00cdNEA DE FLORIDA<\/strong><\/p>\n<p>ESTADO DE FLORIDA<br \/>\nCONDADO DE VOLUSIA<\/p>\n<p>El instrumento anterior fue reconocido ante m\u00ed mediante notarizaci\u00f3n en l\u00ednea en _____________ por ___________________________, quien present\u00f3 una Licencia de Conducir de Florida como identificaci\u00f3n.<\/p>\n<p>&nbsp;<\/p>\n<p>_______________________________<br \/>\n(Nombre completo del firmante)<\/p>\n<p>&nbsp;<\/p>\n<p>_______________________________<br \/>\nNotario P\u00fablico del Estado de Florida seg\u00fan FS 117.02<\/p>\n<hr \/>\n<h3><strong><span style=\"color: #ff6600;\">Juramento<\/span><\/strong><\/h3>\n<p>La finalidad de un jurat es que un firmante jure o afirme la veracidad del contenido de un documento ante un notary public en l\u00ednea.  Algunos usos comunes de un jurat notarial son:<\/p>\n<ul>\n<li>Declaraciones juradas<\/li>\n<li>Convenio matrimonial<\/li>\n<li>Peticiones<\/li>\n<li>Diversos formularios de Derecho de familia<\/li>\n<li>Numerosos formularios y documentos<\/li>\n<\/ul>\n<p><strong>EJEMPLO DE JURAMENTO NOTARIAL EN L\u00cdNEA DE FLORIDA<\/strong><\/p>\n<p>ESTADO DE FLORIDA<br \/>\nCONDADO DE VOLUSIA<\/p>\n<p>Jurado o afirmado y suscrito ante m\u00ed mediante notarizaci\u00f3n en l\u00ednea en _____________ por ___________________________, quien present\u00f3 una Licencia de Conducir de Florida como identificaci\u00f3n.<\/p>\n<p>&nbsp;<\/p>\n<p>_______________________________<br \/>\n(Nombre completo del firmante)<\/p>\n<p>&nbsp;<\/p>\n<p>_______________________________<br \/>\nNotario P\u00fablico del Estado de Florida seg\u00fan FS 117.02<\/p>\n<hr \/>\n<h3><span style=\"color: #ff6600;\"><strong>Otros ejemplos de Certificados Notariales de Florida<\/strong><\/span><\/h3>\n<div class=\"Subsection\">\n<div class=\"Paragraph\">\n<p class=\"Flush SpaceAbove Justify\">ESTADO DE FLORIDA<\/p>\n<p class=\"Flush Justify\">CONDADO DE\u00a0<span class=\"HorizontalRule TypeFixed\">\u00a0<\/span><span class=\"HorizontalRule TypeFixed\">\u00a0<\/span><\/p>\n<p class=\"Flush SpaceAbove Justify\">En este\u00a0<span class=\"HorizontalRule TypeFixed\">\u00a0<\/span>\u00a0d\u00eda de\u00a0<span class=\"HorizontalRule TypeFixed\">\u00a0<\/span><span class=\"HorizontalRule TypeFixed\">\u00a0<\/span>,\u00a0<span class=\"Directions\">\u00a0\u00a0(a\u00f1o)\u00a0\u00a0<\/span>Certifico que el documento precedente o adjunto es una fotocopia fiel, exacta, completa e inalterada hecha por m\u00ed de\u00a0<span class=\"Directions\">\u00a0\u00a0(descripci\u00f3n del documento)\u00a0\u00a0<\/span>\u00a0que me present\u00f3 el custodio del documento,\u00a0<span class=\"HorizontalRule TypeFixed\">\u00a0<\/span><span class=\"HorizontalRule TypeFixed\">\u00a0<\/span><span class=\"HorizontalRule TypeFixed\">\u00a0<\/span><span class=\"HorizontalRule TypeFixed\">\u00a0<\/span>y, a mi leal saber y entender, que el documento fotocopiado no es un registro civil ni un registro p\u00fablico cuyas copias certificadas est\u00e9n disponibles en una fuente oficial distinta de un notary public.<\/p>\n<p class=\"AlignRight SpaceAbove Justify\"><span class=\"Directions\">\u00a0\u00a0(Firma y sello del Notario)\u00a0\u00a0<\/span><\/p>\n<p class=\"AlignRight SpaceBelow Justify\"><span class=\"Directions\">\u00a0\u00a0(Nombre del notario mecanografiado, impreso o sellado)\u00a0\u00a0<\/span><\/p>\n<hr \/>\n<\/div>\n<h3 class=\"Paragraph\"><strong><span style=\"color: #ff6600;\"><span class=\"Text Intro Justify\">El notary public deber\u00e1 utilizar un certificado que se ajuste sustancialmente al siguiente modelo para legalizar ante notario una copia de un documento tangible o electr\u00f3nico o una impresi\u00f3n de un documento electr\u00f3nico:<\/span><\/span><\/strong><\/h3>\n<div class=\"Paragraph\">\n<p class=\"Flush SpaceAbove Justify\">ESTADO DE FLORIDA<\/p>\n<p class=\"Flush Justify\">CONDADO DE\u00a0<span class=\"HorizontalRule TypeFixed\">\u00a0<\/span><\/p>\n<p class=\"Flush SpaceAbove Justify\">En este\u00a0<span class=\"HorizontalRule TypeFixed\">\u00a0<\/span>\u00a0d\u00eda de\u00a0<span class=\"HorizontalRule TypeFixed\">\u00a0<\/span><span class=\"HorizontalRule TypeFixed\">\u00a0<\/span>,\u00a0<span class=\"Directions\">\u00a0\u00a0(a\u00f1o)\u00a0\u00a0<\/span>Certifico que el documento precedente o adjunto es fiel, exacto, completo e inalterado.\u00a0<span class=\"Directions\">\u00a0\u00a0(copia de un documento tangible o electr\u00f3nico que me presente el custodio del documento)\u00a0\u00a0<\/span>\u00a0o un\u00a0<span class=\"Directions\">\u00a0\u00a0(impresi\u00f3n realizada por m\u00ed a partir de dicho registro)\u00a0\u00a0<\/span>. Si se trata de una impresi\u00f3n, doy fe adem\u00e1s de que, en el momento de la impresi\u00f3n, ning\u00fan elemento de seguridad, si lo hubiera, presente en el registro electr\u00f3nico, indicaba que el registro hab\u00eda sido alterado desde su ejecuci\u00f3n.<\/p>\n<p class=\"AlignRight SpaceAbove Justify\"><span class=\"Directions\">\u00a0\u00a0(Firma del Notario P\u00fablico - Estado de Florida)\u00a0\u00a0<\/span><\/p>\n<p class=\"AlignRight SpaceBelow Justify\"><span class=\"Directions\">\u00a0\u00a0(Escriba en letra de imprenta, a m\u00e1quina o con sello el nombre del notario)\u00a0\u00a0<\/span><\/p>\n<hr \/>\n<\/div>\n<\/div>\n<div class=\"Subsection\">\n<div class=\"Paragraph\">\n<h3><strong><span style=\"color: #ff6600;\">Juramento<\/span><\/strong><\/h3>\n<p class=\"Flush SpaceAbove Justify\">ESTADO DE FLORIDA<\/p>\n<p class=\"Flush Justify\">CONDADO DE\u00a0<span class=\"HorizontalRule TypeFixed\">\u00a0<\/span><span class=\"HorizontalRule TypeFixed\">\u00a0<\/span><\/p>\n<p class=\"Flush SpaceAbove Justify\">Jurado (o afirmado) y suscrito ante m\u00ed mediante \u2610 presencia f\u00edsica o \u2610 notarizaci\u00f3n en l\u00ednea, este\u00a0<span class=\"HorizontalRule TypeFixed\">\u00a0<\/span>\u00a0d\u00eda de\u00a0<span class=\"HorizontalRule TypeFixed\">\u00a0<\/span><span class=\"HorizontalRule TypeFixed\">\u00a0<\/span>,\u00a0<span class=\"Directions\">\u00a0\u00a0(a\u00f1o)\u00a0\u00a0<\/span>por\u00a0<span class=\"Directions\">\u00a0\u00a0(nombre de la persona que hace la declaraci\u00f3n)\u00a0\u00a0<\/span>.<\/p>\n<p class=\"AlignRight SpaceAbove Justify\"><span class=\"Directions\">\u00a0\u00a0(Firma del Notario P\u00fablico - Estado de Florida)\u00a0\u00a0<\/span><\/p>\n<p class=\"AlignRight Justify\"><span class=\"Directions\">\u00a0\u00a0(Escriba en letra de imprenta, a m\u00e1quina o con sello el nombre del notario)\u00a0\u00a0<\/span><\/p>\n<p class=\"Indent Justify\">Conocido personalmente<span class=\"HorizontalRule TypeFixed\">\u00a0<\/span><span class=\"HorizontalRule TypeFixed\">\u00a0<\/span>\u00a0O Identificaci\u00f3n del producto<span class=\"HorizontalRule TypeFixed\">\u00a0<\/span><span class=\"HorizontalRule TypeFixed\">\u00a0<\/span><\/p>\n<p class=\"Indent SpaceBelow Justify\">Tipo de identificaci\u00f3n producida<span class=\"HorizontalRule TypeVariable\">\u00a0<\/span><\/p>\n<hr \/>\n<h3><strong style=\"color: #ff6600;\"><span class=\"Text Intro Justify\">Para un reconocimiento a t\u00edtulo individual:<\/span><\/strong><\/h3>\n<\/div>\n<div class=\"Paragraph\">\n<p class=\"Flush SpaceAbove Justify\">ESTADO DE FLORIDA<\/p>\n<p class=\"Flush Justify\">CONDADO DE\u00a0<span class=\"HorizontalRule TypeFixed\">\u00a0<\/span><span class=\"HorizontalRule TypeFixed\">\u00a0<\/span><\/p>\n<p class=\"Flush SpaceAbove Justify\">El anterior instrumento fue reconocido ante m\u00ed mediante \u2610 presencia f\u00edsica o \u2610 notarizaci\u00f3n en l\u00ednea, este\u00a0<span class=\"HorizontalRule TypeFixed\">\u00a0<\/span>\u00a0d\u00eda de\u00a0<span class=\"HorizontalRule TypeFixed\">\u00a0<\/span><span class=\"HorizontalRule TypeFixed\">\u00a0<\/span>,\u00a0<span class=\"Directions\">\u00a0\u00a0(a\u00f1o)\u00a0\u00a0<\/span>por\u00a0<span class=\"Directions\">\u00a0\u00a0(nombre de la persona que acusa recibo)\u00a0\u00a0<\/span>.<\/p>\n<p class=\"AlignRight SpaceAbove Justify\"><span class=\"Directions\">\u00a0\u00a0(Firma del Notario P\u00fablico - Estado de Florida)\u00a0\u00a0<\/span><\/p>\n<p class=\"AlignRight Justify\"><span class=\"Directions\">\u00a0\u00a0(Escriba en letra de imprenta, a m\u00e1quina o con sello el nombre del notario)\u00a0\u00a0<\/span><\/p>\n<p class=\"Indent Justify\">Conocido personalmente<span class=\"HorizontalRule TypeFixed\">\u00a0<\/span><span class=\"HorizontalRule TypeFixed\">\u00a0<\/span>\u00a0O Identificaci\u00f3n del producto<span class=\"HorizontalRule TypeFixed\">\u00a0<\/span><span class=\"HorizontalRule TypeFixed\">\u00a0<\/span><\/p>\n<p class=\"Indent SpaceBelow Justify\">Tipo de identificaci\u00f3n producida<span class=\"HorizontalRule TypeVariable\">\u00a0<\/span><\/p>\n<hr \/>\n<\/div>\n<h3 class=\"Paragraph\"><span style=\"color: #ff6600;\"><strong><span class=\"Text Intro Justify\">Para un reconocimiento a t\u00edtulo representativo:<\/span><\/strong><\/span><\/h3>\n<p class=\"Flush SpaceAbove Justify\">ESTADO DE FLORIDA<\/p>\n<p class=\"Flush Justify\">CONDADO DE\u00a0<span class=\"HorizontalRule TypeFixed\">\u00a0<\/span><span class=\"HorizontalRule TypeFixed\">\u00a0<\/span><\/p>\n<p class=\"Flush SpaceAbove Justify\">El anterior instrumento fue reconocido ante m\u00ed mediante \u2610 presencia f\u00edsica o \u2610 notarizaci\u00f3n en l\u00ednea, este\u00a0<span class=\"HorizontalRule TypeFixed\">\u00a0<\/span>\u00a0d\u00eda de\u00a0<span class=\"HorizontalRule TypeFixed\">\u00a0<\/span><span class=\"HorizontalRule TypeFixed\">\u00a0<\/span>,\u00a0<span class=\"Directions\">\u00a0\u00a0(a\u00f1o)\u00a0\u00a0<\/span>por\u00a0<span class=\"Directions\">\u00a0\u00a0(nombre de la persona)\u00a0\u00a0<\/span>\u00a0como\u00a0<span class=\"Directions\">\u00a0\u00a0(tipo de autoridad, . . . por ejemplo, funcionario, fideicomisario, apoderado)\u00a0\u00a0<\/span>\u00a0para\u00a0<span class=\"Directions\">\u00a0\u00a0(nombre de la parte en cuyo nombre se ejecut\u00f3 el instrumento)\u00a0\u00a0<\/span>.<\/p>\n<p class=\"AlignRight SpaceAbove Justify\"><span class=\"Directions\">\u00a0\u00a0(Firma del Notario P\u00fablico - Estado de Florida)\u00a0\u00a0<\/span><\/p>\n<p class=\"AlignRight Justify\"><span class=\"Directions\">\u00a0\u00a0(Escriba en letra de imprenta, a m\u00e1quina o con sello el nombre del notario)\u00a0\u00a0<\/span><\/p>\n<p class=\"Indent Justify\">Conocido personalmente<span class=\"HorizontalRule TypeFixed\">\u00a0<\/span><span class=\"HorizontalRule TypeFixed\">\u00a0<\/span>\u00a0O Identificaci\u00f3n del producto<span class=\"HorizontalRule TypeFixed\">\u00a0<\/span><span class=\"HorizontalRule TypeFixed\">\u00a0<\/span><\/p>\n<p class=\"Indent SpaceBelow Justify\">Tipo de identificaci\u00f3n producida<span class=\"HorizontalRule TypeVariable\">\u00a0<\/span><\/p>\n<hr \/>\n<\/div>\n<h3><strong><span style=\"color: #ff6600;\"><span class=\"Text Intro Justify\">Para un juramento o afirmaci\u00f3n:<\/span><\/span><\/strong><\/h3>\n<div class=\"Subsection\">\n<div class=\"Paragraph\">\n<div class=\"SubParagraph\">\n<p class=\"AlignRight SpaceAbove Justify\"><span class=\"Directions\">\u00a0\u00a0(Nombre)\u00a0\u00a0<\/span>\u2003<span class=\"Directions\">\u00a0\u00a0(Apellido)\u00a0\u00a0<\/span><\/p>\n<p class=\"AlignRight Justify\"><span class=\"Directions\">\u00a0\u00a0Su marca\u00a0\u00a0<\/span><\/p>\n<p class=\"Flush SpaceAbove Justify\">ESTADO DE FLORIDA<\/p>\n<p class=\"Flush Justify\">CONDADO DE\u00a0<span class=\"HorizontalRule TypeFixed\">\u00a0<\/span><span class=\"HorizontalRule TypeFixed\">\u00a0<\/span><\/p>\n<p class=\"Flush SpaceAbove Justify\">Jurado y suscrito ante m\u00ed mediante \u2610 presencia f\u00edsica o \u2610 notarizaci\u00f3n en l\u00ednea, este\u00a0<span class=\"HorizontalRule TypeFixed\">\u00a0<\/span>\u00a0d\u00eda de\u00a0<span class=\"HorizontalRule TypeFixed\">\u00a0<\/span><span class=\"HorizontalRule TypeFixed\">\u00a0<\/span>,\u00a0<span class=\"Directions\">\u00a0\u00a0(a\u00f1o)\u00a0\u00a0<\/span>por\u00a0<span class=\"Directions\">\u00a0\u00a0(nombre de la persona que hace la declaraci\u00f3n)\u00a0\u00a0<\/span>que firm\u00f3 con una marca en presencia de estos testigos:<\/p>\n<p class=\"AlignRight SpaceAbove Justify\"><span class=\"Directions\">\u00a0\u00a0(Firma del Notario P\u00fablico - Estado de Florida)\u00a0\u00a0<\/span><\/p>\n<p class=\"AlignRight Justify\"><span class=\"Directions\">\u00a0\u00a0(Escriba en letra de imprenta, a m\u00e1quina o con sello el nombre del notario)\u00a0\u00a0<\/span><\/p>\n<p class=\"Indent Justify\">Conocido personalmente<span class=\"HorizontalRule TypeFixed\">\u00a0<\/span><span class=\"HorizontalRule TypeFixed\">\u00a0<\/span>\u00a0O Identificaci\u00f3n del producto<span class=\"HorizontalRule TypeFixed\">\u00a0<\/span><span class=\"HorizontalRule TypeFixed\">\u00a0<\/span><\/p>\n<p class=\"Indent SpaceBelow Justify\">Tipo de identificaci\u00f3n producida<span class=\"HorizontalRule TypeVariable\">\u00a0<\/span><\/p>\n<hr \/>\n<h3><strong style=\"color: #ff6600;\"><span class=\"Text Intro Justify\">Para un reconocimiento a t\u00edtulo individual de una persona que firma con una \"Marca\"<\/span><\/strong><\/h3>\n<\/div>\n<div class=\"SubParagraph\">\n<p class=\"AlignRight SpaceAbove Justify\"><span class=\"Directions\">\u00a0\u00a0(Nombre)\u00a0\u00a0<\/span>\u2003<span class=\"Directions\">\u00a0\u00a0(Apellido)\u00a0\u00a0<\/span><\/p>\n<p class=\"AlignRight Justify\"><span class=\"Directions\">\u00a0\u00a0Su marca\u00a0\u00a0<\/span><\/p>\n<p class=\"Flush SpaceAbove Justify\">ESTADO DE FLORIDA<\/p>\n<p class=\"Flush Justify\">CONDADO DE\u00a0<span class=\"HorizontalRule TypeFixed\">\u00a0<\/span><span class=\"HorizontalRule TypeFixed\">\u00a0<\/span><\/p>\n<p class=\"Flush SpaceAbove Justify\">El anterior instrumento fue reconocido ante m\u00ed mediante \u2610 presencia f\u00edsica o \u2610 notarizaci\u00f3n en l\u00ednea, este\u00a0<span class=\"HorizontalRule TypeFixed\">\u00a0<\/span>\u00a0d\u00eda de\u00a0<span class=\"HorizontalRule TypeFixed\">\u00a0<\/span><span class=\"HorizontalRule TypeFixed\">\u00a0<\/span>,\u00a0<span class=\"Directions\">\u00a0\u00a0(a\u00f1o)\u00a0\u00a0<\/span>por\u00a0<span class=\"Directions\">\u00a0\u00a0(nombre de la persona que acusa recibo)\u00a0\u00a0<\/span>que firm\u00f3 con una marca en presencia de estos testigos:<\/p>\n<p class=\"AlignRight SpaceAbove Justify\"><span class=\"Directions\">\u00a0\u00a0(Firma del Notario P\u00fablico - Estado de Florida)\u00a0\u00a0<\/span><\/p>\n<p class=\"AlignRight Justify\"><span class=\"Directions\">\u00a0\u00a0(Escriba en letra de imprenta, a m\u00e1quina o con sello el nombre del notario)\u00a0\u00a0<\/span><\/p>\n<p class=\"Indent Justify\">Conocido personalmente<span class=\"HorizontalRule TypeFixed\">\u00a0<\/span><span class=\"HorizontalRule TypeFixed\">\u00a0<\/span>\u00a0O Identificaci\u00f3n del producto<span class=\"HorizontalRule TypeFixed\">\u00a0<\/span><span class=\"HorizontalRule TypeFixed\">\u00a0<\/span><\/p>\n<p class=\"Indent SpaceBelow Justify\">Tipo de identificaci\u00f3n producida<span class=\"HorizontalRule TypeVariable\">\u00a0<\/span><\/p>\n<hr \/>\n<p>&nbsp;<\/p>\n<\/div>\n<\/div>\n<\/div>","protected":false},"excerpt":{"rendered":"<p>Deberes de un Notario en L\u00ednea de Florida Un online notary de Florida est\u00e1 autorizado a realizar varios actos notariales.  Los actos notariales m\u00e1s comunes son el reconocimiento y el juramento.   La mayor\u00eda de los documentos presentados para la notarizaci\u00f3n en l\u00ednea tienen el lenguaje notarial adecuado ya incluido en el documento.  Algunos no.  Un online notary no est\u00e1 autorizado a ... <a title=\"Ejemplo de lenguaje notarial de Florida para la notarizaci\u00f3n remota en l\u00ednea\" class=\"read-more\" href=\"https:\/\/floridadocument.com\/es\/sample-florida-notarial-language-for-remote-online-notarization\/\" aria-label=\"Leer m\u00e1s sobre Ejemplo de lenguaje notarial de Florida para la notarizaci\u00f3n remota en l\u00ednea\">Seguir leyendo<\/a><\/p>","protected":false},"author":4,"featured_media":0,"parent":0,"menu_order":0,"comment_status":"closed","ping_status":"closed","template":"","meta":{"_lmt_disableupdate":"","_lmt_disable":"","_monsterinsights_skip_tracking":false,"_monsterinsights_sitenote_active":false,"_monsterinsights_sitenote_note":"","_monsterinsights_sitenote_category":0,"generate_page_header":"","footnotes":""},"class_list":["post-2710","page","type-page","status-publish"],"_links":{"self":[{"href":"https:\/\/floridadocument.com\/es\/wp-json\/wp\/v2\/pages\/2710","targetHints":{"allow":["GET"]}}],"collection":[{"href":"https:\/\/floridadocument.com\/es\/wp-json\/wp\/v2\/pages"}],"about":[{"href":"https:\/\/floridadocument.com\/es\/wp-json\/wp\/v2\/types\/page"}],"author":[{"embeddable":true,"href":"https:\/\/floridadocument.com\/es\/wp-json\/wp\/v2\/users\/4"}],"replies":[{"embeddable":true,"href":"https:\/\/floridadocument.com\/es\/wp-json\/wp\/v2\/comments?post=2710"}],"version-history":[{"count":0,"href":"https:\/\/floridadocument.com\/es\/wp-json\/wp\/v2\/pages\/2710\/revisions"}],"wp:attachment":[{"href":"https:\/\/floridadocument.com\/es\/wp-json\/wp\/v2\/media?parent=2710"}],"curies":[{"name":"wp","href":"https:\/\/api.w.org\/{rel}","templated":true}]}}