{"id":4067,"date":"2022-09-25T22:00:35","date_gmt":"2022-09-26T02:00:35","guid":{"rendered":"https:\/\/floridadocument.com\/?page_id=4067"},"modified":"2025-06-29T15:44:00","modified_gmt":"2025-06-29T19:44:00","slug":"online-notarization-ron-quick-order-form","status":"publish","type":"page","link":"https:\/\/floridadocument.com\/es\/online-notarization-ron-quick-order-form\/","title":{"rendered":"Formulario de pedido r\u00e1pido de notarizaci\u00f3n en l\u00ednea (RON)"},"content":{"rendered":"<div data-elementor-type=\"wp-page\" data-elementor-id=\"4067\" class=\"elementor elementor-4067\" data-elementor-post-type=\"page\">\n\t\t\t\t<div data-particle_enable=\"false\" data-particle-mobile-disabled=\"false\" class=\"elementor-element elementor-element-6363627 e-flex e-con-boxed e-con e-parent\" data-id=\"6363627\" data-element_type=\"container\" data-e-type=\"container\">\n\t\t\t\t\t<div class=\"e-con-inner\">\n\t\t\t\t<div class=\"elementor-element elementor-element-979d14d elementor-widget elementor-widget-heading\" data-id=\"979d14d\" data-element_type=\"widget\" data-e-type=\"widget\" data-widget_type=\"heading.default\">\n\t\t\t\t<div class=\"elementor-widget-container\">\n\t\t\t\t\t<h1 class=\"elementor-heading-title elementor-size-default\">Orden r\u00e1pida de notarizaci\u00f3n en l\u00ednea<\/h1>\t\t\t\t<\/div>\n\t\t\t\t<\/div>\n\t\t\t\t\t<\/div>\n\t\t\t\t<\/div>\n\t\t<div data-particle_enable=\"false\" data-particle-mobile-disabled=\"false\" class=\"elementor-element elementor-element-f9737bf e-flex e-con-boxed e-con e-parent\" data-id=\"f9737bf\" data-element_type=\"container\" data-e-type=\"container\">\n\t\t\t\t\t<div class=\"e-con-inner\">\n\t\t\t\t<div class=\"elementor-element elementor-element-aaaa940 elementor-widget elementor-widget-html\" data-id=\"aaaa940\" data-element_type=\"widget\" data-e-type=\"widget\" data-widget_type=\"html.default\">\n\t\t\t\t<div class=\"elementor-widget-container\">\n\t\t\t\t\t<a name=\"form364245230\" id=\"formAnchor364245230\"><\/a>\r\n<script src=\"https:\/\/fs22.formsite.com\/include\/form\/embedManager.js?364245230\"><\/script>\r\n<script>\r\nEmbedManager.embed({\r\n\tkey: \"https:\/\/fs22.formsite.com\/res\/showFormEmbed?EParam=m_OmK8apOTCLFP8Ovs7sAzkluNuWclgLngbtbHWZMa4&364245230\",\r\n\twidth: \"100%\"\r\n});\r\n<\/script>\t\t\t\t<\/div>\n\t\t\t\t<\/div>\n\t\t\t\t\t<\/div>\n\t\t\t\t<\/div>\n\t\t\t\t<\/div>","protected":false},"excerpt":{"rendered":"<p>Orden r\u00e1pida de notarizaci\u00f3n en l\u00ednea<\/p>","protected":false},"author":4,"featured_media":0,"parent":0,"menu_order":0,"comment_status":"closed","ping_status":"closed","template":"elementor_canvas","meta":{"_lmt_disableupdate":"no","_lmt_disable":"","_monsterinsights_skip_tracking":false,"_monsterinsights_sitenote_active":false,"_monsterinsights_sitenote_note":"","_monsterinsights_sitenote_category":0,"generate_page_header":"","footnotes":""},"class_list":["post-4067","page","type-page","status-publish"],"_links":{"self":[{"href":"https:\/\/floridadocument.com\/es\/wp-json\/wp\/v2\/pages\/4067","targetHints":{"allow":["GET"]}}],"collection":[{"href":"https:\/\/floridadocument.com\/es\/wp-json\/wp\/v2\/pages"}],"about":[{"href":"https:\/\/floridadocument.com\/es\/wp-json\/wp\/v2\/types\/page"}],"author":[{"embeddable":true,"href":"https:\/\/floridadocument.com\/es\/wp-json\/wp\/v2\/users\/4"}],"replies":[{"embeddable":true,"href":"https:\/\/floridadocument.com\/es\/wp-json\/wp\/v2\/comments?post=4067"}],"version-history":[{"count":0,"href":"https:\/\/floridadocument.com\/es\/wp-json\/wp\/v2\/pages\/4067\/revisions"}],"wp:attachment":[{"href":"https:\/\/floridadocument.com\/es\/wp-json\/wp\/v2\/media?parent=4067"}],"curies":[{"name":"wp","href":"https:\/\/api.w.org\/{rel}","templated":true}]}}