{"id":4986,"date":"2023-05-02T20:53:20","date_gmt":"2023-05-03T00:53:20","guid":{"rendered":"https:\/\/floridadocument.com\/?page_id=4986"},"modified":"2023-05-02T21:33:57","modified_gmt":"2023-05-03T01:33:57","slug":"our-code-of-ethics","status":"publish","type":"page","link":"https:\/\/floridadocument.com\/es\/our-code-of-ethics\/","title":{"rendered":"C\u00f3digo \u00e9tico de Florida Document Specialists"},"content":{"rendered":"<div data-elementor-type=\"wp-page\" data-elementor-id=\"4986\" class=\"elementor elementor-4986\" data-elementor-post-type=\"page\">\n\t\t\t\t<div data-particle_enable=\"false\" data-particle-mobile-disabled=\"false\" class=\"elementor-element elementor-element-df57792 e-flex e-con-boxed e-con e-parent\" data-id=\"df57792\" data-element_type=\"container\" data-e-type=\"container\">\n\t\t\t\t\t<div class=\"e-con-inner\">\n\t\t\t\t<div class=\"elementor-element elementor-element-064d3e3 elementor-widget-divider--view-line elementor-widget elementor-widget-divider\" data-id=\"064d3e3\" data-element_type=\"widget\" data-e-type=\"widget\" data-widget_type=\"divider.default\">\n\t\t\t\t<div class=\"elementor-widget-container\">\n\t\t\t\t\t\t\t<div class=\"elementor-divider\">\n\t\t\t<span class=\"elementor-divider-separator\">\n\t\t\t\t\t\t<\/span>\n\t\t<\/div>\n\t\t\t\t\t\t<\/div>\n\t\t\t\t<\/div>\n\t\t\t\t\t<\/div>\n\t\t\t\t<\/div>\n\t\t<div data-particle_enable=\"false\" data-particle-mobile-disabled=\"false\" class=\"elementor-element elementor-element-828fd77 e-flex e-con-boxed e-con e-parent\" data-id=\"828fd77\" data-element_type=\"container\" data-e-type=\"container\">\n\t\t\t\t\t<div class=\"e-con-inner\">\n\t\t<div data-particle_enable=\"false\" data-particle-mobile-disabled=\"false\" class=\"elementor-element elementor-element-bc72275 e-con-full e-flex e-con e-child\" data-id=\"bc72275\" data-element_type=\"container\" data-e-type=\"container\">\n\t\t\t\t<div class=\"elementor-element elementor-element-be42570 elementor-widget elementor-widget-heading\" data-id=\"be42570\" data-element_type=\"widget\" data-e-type=\"widget\" data-widget_type=\"heading.default\">\n\t\t\t\t<div class=\"elementor-widget-container\">\n\t\t\t\t\t<h1 class=\"elementor-heading-title elementor-size-default\">Nuestro juramento y compromiso:<\/h1>\t\t\t\t<\/div>\n\t\t\t\t<\/div>\n\t\t\t\t<\/div>\n\t\t<div data-particle_enable=\"false\" data-particle-mobile-disabled=\"false\" class=\"elementor-element elementor-element-9e5f17d e-con-full e-flex e-con e-child\" data-id=\"9e5f17d\" data-element_type=\"container\" data-e-type=\"container\">\n\t\t\t\t<div class=\"elementor-element elementor-element-7678020 elementor-widget elementor-widget-image\" data-id=\"7678020\" data-element_type=\"widget\" data-e-type=\"widget\" data-widget_type=\"image.default\">\n\t\t\t\t<div class=\"elementor-widget-container\">\n\t\t\t\t\t\t\t\t\t\t\t\t\t\t\t<img decoding=\"async\" src=\"https:\/\/floridadocument.com\/wp-content\/uploads\/2019\/01\/Ethics.jpg\" title=\"\" alt=\"Florida Document Specialists Ethics\" loading=\"lazy\" \/>\t\t\t\t\t\t\t\t\t\t\t\t\t\t\t<\/div>\n\t\t\t\t<\/div>\n\t\t\t\t<\/div>\n\t\t\t\t\t<\/div>\n\t\t\t\t<\/div>\n\t\t<div data-particle_enable=\"false\" data-particle-mobile-disabled=\"false\" class=\"elementor-element elementor-element-adf7a5f e-flex e-con-boxed e-con e-parent\" data-id=\"adf7a5f\" data-element_type=\"container\" data-e-type=\"container\">\n\t\t\t\t\t<div class=\"e-con-inner\">\n\t\t\t\t<div class=\"elementor-element elementor-element-ecae066 elementor-widget elementor-widget-text-editor\" data-id=\"ecae066\" data-element_type=\"widget\" data-e-type=\"widget\" data-widget_type=\"text-editor.default\">\n\t\t\t\t<div class=\"elementor-widget-container\">\n\t\t\t\t\t\t\t\t\t<ul><li>Cultivar la confianza<\/li><li>Practicar una publicidad honesta<\/li><li>Mantener la veracidad<\/li><li>Garantizar la transparencia<\/li><li>Mantener los compromisos<\/li><li>Mantener la capacidad de respuesta<\/li><li>Proteger la intimidad<\/li><li>Demostrar integridad<\/li><li>Evitar el asesoramiento jur\u00eddico<\/li><li>Facilite a los clientes informaci\u00f3n para tomar decisiones con conocimiento de causa<\/li><li>Cumplir las leyes y normativas federales, estatales y locales<\/li><li>Divulgar con transparencia los costes y las condiciones pertinentes<\/li><li>Identificarse como preparadores de documentos jur\u00eddicos, no como asistentes jur\u00eddicos<\/li><li>Remitir a los clientes a abogados para obtener orientaci\u00f3n jur\u00eddica<\/li><li>Actuar con \u00e9tica<\/li><li>Abogar por una legislaci\u00f3n que apoye el acceso p\u00fablico al sistema jur\u00eddico<\/li><\/ul>\t\t\t\t\t\t\t\t<\/div>\n\t\t\t\t<\/div>\n\t\t\t\t\t<\/div>\n\t\t\t\t<\/div>\n\t\t<div data-particle_enable=\"false\" data-particle-mobile-disabled=\"false\" class=\"elementor-element elementor-element-380d15c e-flex e-con-boxed e-con e-parent\" data-id=\"380d15c\" data-element_type=\"container\" data-e-type=\"container\">\n\t\t\t\t\t<div class=\"e-con-inner\">\n\t\t\t\t<div class=\"elementor-element elementor-element-a90566f elementor-widget-divider--view-line elementor-widget elementor-widget-divider\" data-id=\"a90566f\" data-element_type=\"widget\" data-e-type=\"widget\" data-widget_type=\"divider.default\">\n\t\t\t\t<div class=\"elementor-widget-container\">\n\t\t\t\t\t\t\t<div class=\"elementor-divider\">\n\t\t\t<span class=\"elementor-divider-separator\">\n\t\t\t\t\t\t<\/span>\n\t\t<\/div>\n\t\t\t\t\t\t<\/div>\n\t\t\t\t<\/div>\n\t\t\t\t\t<\/div>\n\t\t\t\t<\/div>\n\t\t<div data-particle_enable=\"false\" data-particle-mobile-disabled=\"false\" class=\"elementor-element elementor-element-b36e268 e-flex e-con-boxed e-con e-parent\" data-id=\"b36e268\" data-element_type=\"container\" data-e-type=\"container\">\n\t\t\t\t\t<div class=\"e-con-inner\">\n\t\t\t\t<div class=\"elementor-element elementor-element-f6c7fdf elementor-widget elementor-widget-html\" data-id=\"f6c7fdf\" data-element_type=\"widget\" data-e-type=\"widget\" data-widget_type=\"html.default\">\n\t\t\t\t<div class=\"elementor-widget-container\">\n\t\t\t\t\t<a name=\"form2131450656\" id=\"formAnchor2131450656\"><\/a>\r\n<script src=\"https:\/\/fs22.formsite.com\/include\/form\/embedManager.js?2131450656\"><\/script>\r\n<script>\r\nEmbedManager.embed({\r\n\tkey: \"https:\/\/fs22.formsite.com\/res\/showFormEmbed?EParam=m_OmK8apOTCLFP8Ovs7sA0WklWeCC-uXFzpUCZwnDno&2131450656\",\r\n\twidth: \"100%\"\r\n});\r\n<\/script>\t\t\t\t<\/div>\n\t\t\t\t<\/div>\n\t\t\t\t\t<\/div>\n\t\t\t\t<\/div>\n\t\t\t\t<\/div>","protected":false},"excerpt":{"rendered":"<p>Nuestro juramento y compromiso: Cultivar la Confianza Practicar la Publicidad Honesta Defender la Veracidad Garantizar la Transparencia Mantener los Compromisos Mantener la Capacidad de Respuesta Proteger la Privacidad Demostrar Integridad Evitar el Asesoramiento Jur\u00eddico Facilitar a los Clientes Informaci\u00f3n para la Toma de Decisiones Informadas Cumplir las Leyes y Reglamentos Federales, Estatales y Locales Revelar los Costes y los T\u00e9rminos Relevantes Transparentemente Identificarse como Preparadores de Documentos Jur\u00eddicos, No ... <a title=\"C\u00f3digo \u00e9tico de Florida Document Specialists\" class=\"read-more\" href=\"https:\/\/floridadocument.com\/es\/our-code-of-ethics\/\" aria-label=\"M\u00e1s informaci\u00f3n sobre el C\u00f3digo \u00c9tico de Florida Document Specialists\">Seguir leyendo<\/a><\/p>","protected":false},"author":4,"featured_media":0,"parent":0,"menu_order":0,"comment_status":"closed","ping_status":"closed","template":"","meta":{"_lmt_disableupdate":"","_lmt_disable":"","_monsterinsights_skip_tracking":false,"_monsterinsights_sitenote_active":false,"_monsterinsights_sitenote_note":"","_monsterinsights_sitenote_category":0,"generate_page_header":"","footnotes":""},"class_list":["post-4986","page","type-page","status-publish"],"_links":{"self":[{"href":"https:\/\/floridadocument.com\/es\/wp-json\/wp\/v2\/pages\/4986","targetHints":{"allow":["GET"]}}],"collection":[{"href":"https:\/\/floridadocument.com\/es\/wp-json\/wp\/v2\/pages"}],"about":[{"href":"https:\/\/floridadocument.com\/es\/wp-json\/wp\/v2\/types\/page"}],"author":[{"embeddable":true,"href":"https:\/\/floridadocument.com\/es\/wp-json\/wp\/v2\/users\/4"}],"replies":[{"embeddable":true,"href":"https:\/\/floridadocument.com\/es\/wp-json\/wp\/v2\/comments?post=4986"}],"version-history":[{"count":0,"href":"https:\/\/floridadocument.com\/es\/wp-json\/wp\/v2\/pages\/4986\/revisions"}],"wp:attachment":[{"href":"https:\/\/floridadocument.com\/es\/wp-json\/wp\/v2\/media?parent=4986"}],"curies":[{"name":"wp","href":"https:\/\/api.w.org\/{rel}","templated":true}]}}