{"id":532,"date":"2017-10-29T18:21:07","date_gmt":"2017-10-29T22:21:07","guid":{"rendered":"https:\/\/floridadocument.com\/?page_id=532"},"modified":"2025-11-05T23:23:34","modified_gmt":"2025-11-06T04:23:34","slug":"inmigracion-2","status":"publish","type":"page","link":"https:\/\/floridadocument.com\/es\/legal-document-preparation-online-notarization-apostille-services-florida\/inmigracion-2\/","title":{"rendered":"Abrazando el Nuevo Rostro de la Inmigraci\u00f3n en EE.UU."},"content":{"rendered":"<div data-elementor-type=\"wp-page\" data-elementor-id=\"532\" class=\"elementor elementor-532\" data-elementor-post-type=\"page\">\n\t\t\t\t<div data-particle_enable=\"false\" data-particle-mobile-disabled=\"false\" class=\"elementor-element elementor-element-83ca537 e-flex e-con-boxed e-con e-parent\" data-id=\"83ca537\" data-element_type=\"container\" data-e-type=\"container\">\n\t\t\t\t\t<div class=\"e-con-inner\">\n\t\t<div data-particle_enable=\"false\" data-particle-mobile-disabled=\"false\" class=\"elementor-element elementor-element-7bcb422 e-con-full e-flex e-con e-child\" data-id=\"7bcb422\" data-element_type=\"container\" data-e-type=\"container\">\n\t\t\t\t<\/div>\n\t\t<div data-particle_enable=\"false\" data-particle-mobile-disabled=\"false\" class=\"elementor-element elementor-element-86b5ac8 e-con-full e-flex e-con e-child\" data-id=\"86b5ac8\" data-element_type=\"container\" data-e-type=\"container\">\n\t\t\t\t<div class=\"elementor-element elementor-element-68fadf4 elementor-widget elementor-widget-text-editor\" data-id=\"68fadf4\" data-element_type=\"widget\" data-e-type=\"widget\" data-widget_type=\"text-editor.default\">\n\t\t\t\t<div class=\"elementor-widget-container\">\n\t\t\t\t\t\t\t\t\t<p style=\"text-align: right;\"><a href=\"https:\/\/floridadocument.com\/es\/immigration\/\"><strong>Haga clic aqu\u00ed para verlo en ingl\u00e9s<\/strong><\/a><\/p>\t\t\t\t\t\t\t\t<\/div>\n\t\t\t\t<\/div>\n\t\t\t\t<\/div>\n\t\t\t\t\t<\/div>\n\t\t\t\t<\/div>\n\t\t<div data-particle_enable=\"false\" data-particle-mobile-disabled=\"false\" class=\"elementor-element elementor-element-98ebcb8 e-flex e-con-boxed e-con e-parent\" data-id=\"98ebcb8\" data-element_type=\"container\" data-e-type=\"container\">\n\t\t\t\t\t<div class=\"e-con-inner\">\n\t\t\t\t<div class=\"elementor-element elementor-element-3b187a3 elementor-widget elementor-widget-heading\" data-id=\"3b187a3\" data-element_type=\"widget\" data-e-type=\"widget\" data-widget_type=\"heading.default\">\n\t\t\t\t<div class=\"elementor-widget-container\">\n\t\t\t\t\t<h2 class=\"elementor-heading-title elementor-size-default\">Abrazando el Nuevo Rostro de la Inmigraci\u00f3n en EE.UU.<\/h2>\t\t\t\t<\/div>\n\t\t\t\t<\/div>\n\t\t\t\t\t<\/div>\n\t\t\t\t<\/div>\n\t\t<div data-particle_enable=\"false\" data-particle-mobile-disabled=\"false\" class=\"elementor-element elementor-element-e9df79a e-flex e-con-boxed e-con e-parent\" data-id=\"e9df79a\" data-element_type=\"container\" data-e-type=\"container\">\n\t\t\t\t\t<div class=\"e-con-inner\">\n\t\t<div data-particle_enable=\"false\" data-particle-mobile-disabled=\"false\" class=\"elementor-element elementor-element-88b3851 e-con-full e-flex e-con e-child\" data-id=\"88b3851\" data-element_type=\"container\" data-e-type=\"container\">\n\t\t\t\t<div class=\"elementor-element elementor-element-7af188a elementor-widget elementor-widget-text-editor\" data-id=\"7af188a\" data-element_type=\"widget\" data-e-type=\"widget\" data-widget_type=\"text-editor.default\">\n\t\t\t\t<div class=\"elementor-widget-container\">\n\t\t\t\t\t\t\t\t\t<p>A medida que el panorama de la inmigraci\u00f3n en los Estados Unidos evoluciona, trae consigo una multitud de nuevas oportunidades. Cada d\u00eda, innumerables individuos se encuentran buscando formas de estabilizar su estado migratorio por una variedad de razones. Ya sean aspiraciones personales, el futuro de sus familias o la b\u00fasqueda de oportunidades profesionales, existe una amplia gama de caminos migratorios disponibles.<\/p>\t\t\t\t\t\t\t\t<\/div>\n\t\t\t\t<\/div>\n\t\t\t\t<\/div>\n\t\t<div data-particle_enable=\"false\" data-particle-mobile-disabled=\"false\" class=\"elementor-element elementor-element-e705a06 e-con-full e-flex e-con e-child\" data-id=\"e705a06\" data-element_type=\"container\" data-e-type=\"container\">\n\t\t\t\t<div class=\"elementor-element elementor-element-b78121d elementor-widget elementor-widget-image\" data-id=\"b78121d\" data-element_type=\"widget\" data-e-type=\"widget\" data-widget_type=\"image.default\">\n\t\t\t\t<div class=\"elementor-widget-container\">\n\t\t\t\t\t\t\t\t\t\t\t\t\t\t\t<img decoding=\"async\" src=\"https:\/\/floridadocument.com\/wp-content\/uploads\/2021\/09\/flags_edited.jpg\" title=\"\" alt=\"Help with USCIS Immigration Documents\" loading=\"lazy\" \/>\t\t\t\t\t\t\t\t\t\t\t\t\t\t\t<\/div>\n\t\t\t\t<\/div>\n\t\t\t\t<\/div>\n\t\t\t\t\t<\/div>\n\t\t\t\t<\/div>\n\t\t<div data-particle_enable=\"false\" data-particle-mobile-disabled=\"false\" class=\"elementor-element elementor-element-08e9716 e-flex e-con-boxed e-con e-parent\" data-id=\"08e9716\" data-element_type=\"container\" data-e-type=\"container\">\n\t\t\t\t\t<div class=\"e-con-inner\">\n\t\t\t\t<div class=\"elementor-element elementor-element-fab95b8 elementor-widget-divider--view-line elementor-widget elementor-widget-divider\" data-id=\"fab95b8\" data-element_type=\"widget\" data-e-type=\"widget\" data-widget_type=\"divider.default\">\n\t\t\t\t<div class=\"elementor-widget-container\">\n\t\t\t\t\t\t\t<div class=\"elementor-divider\">\n\t\t\t<span class=\"elementor-divider-separator\">\n\t\t\t\t\t\t<\/span>\n\t\t<\/div>\n\t\t\t\t\t\t<\/div>\n\t\t\t\t<\/div>\n\t\t\t\t\t<\/div>\n\t\t\t\t<\/div>\n\t\t<div data-particle_enable=\"false\" data-particle-mobile-disabled=\"false\" class=\"elementor-element elementor-element-c5cc287 e-flex e-con-boxed e-con e-parent\" data-id=\"c5cc287\" data-element_type=\"container\" data-e-type=\"container\">\n\t\t\t\t\t<div class=\"e-con-inner\">\n\t\t\t\t<div class=\"elementor-element elementor-element-6a25e82 elementor-widget elementor-widget-heading\" data-id=\"6a25e82\" data-element_type=\"widget\" data-e-type=\"widget\" data-widget_type=\"heading.default\">\n\t\t\t\t<div class=\"elementor-widget-container\">\n\t\t\t\t\t<h2 class=\"elementor-heading-title elementor-size-default\">Escogiendo a Florida Document Specialists<\/h2>\t\t\t\t<\/div>\n\t\t\t\t<\/div>\n\t\t\t\t\t<\/div>\n\t\t\t\t<\/div>\n\t\t<div data-particle_enable=\"false\" data-particle-mobile-disabled=\"false\" class=\"elementor-element elementor-element-d96bf11 e-flex e-con-boxed e-con e-parent\" data-id=\"d96bf11\" data-element_type=\"container\" data-e-type=\"container\">\n\t\t\t\t\t<div class=\"e-con-inner\">\n\t\t\t\t<div class=\"elementor-element elementor-element-4f850c1 elementor-widget elementor-widget-text-editor\" data-id=\"4f850c1\" data-element_type=\"widget\" data-e-type=\"widget\" data-widget_type=\"text-editor.default\">\n\t\t\t\t<div class=\"elementor-widget-container\">\n\t\t\t\t\t\t\t\t\t<p>Si su b\u00fasqueda lo condujo aqu\u00ed a trav\u00e9s de la b\u00fasqueda \"Ayuda con Inmigraci\u00f3n Cerca de M\u00ed,\" es evidente que est\u00e1 en busca de un socio de confianza y confiable para ayudar a navegar su proceso de inmigraci\u00f3n. No importa d\u00f3nde se encuentre en Florida, desde la belleza costera de Daytona Beach hasta el bullicioso paisaje urbano de Miami, Florida Document Specialists est\u00e1 aqu\u00ed, comprometidos a ayudarlo a alcanzar sus metas de inmigraci\u00f3n de manera oportuna y asequible.<\/p>\t\t\t\t\t\t\t\t<\/div>\n\t\t\t\t<\/div>\n\t\t\t\t\t<\/div>\n\t\t\t\t<\/div>\n\t\t<div data-particle_enable=\"false\" data-particle-mobile-disabled=\"false\" class=\"elementor-element elementor-element-0e2b7fd e-flex e-con-boxed e-con e-parent\" data-id=\"0e2b7fd\" data-element_type=\"container\" data-e-type=\"container\">\n\t\t\t\t\t<div class=\"e-con-inner\">\n\t\t\t\t<div class=\"elementor-element elementor-element-74cc482 elementor-widget-divider--view-line elementor-widget elementor-widget-divider\" data-id=\"74cc482\" data-element_type=\"widget\" data-e-type=\"widget\" data-widget_type=\"divider.default\">\n\t\t\t\t<div class=\"elementor-widget-container\">\n\t\t\t\t\t\t\t<div class=\"elementor-divider\">\n\t\t\t<span class=\"elementor-divider-separator\">\n\t\t\t\t\t\t<\/span>\n\t\t<\/div>\n\t\t\t\t\t\t<\/div>\n\t\t\t\t<\/div>\n\t\t\t\t\t<\/div>\n\t\t\t\t<\/div>\n\t\t<div data-particle_enable=\"false\" data-particle-mobile-disabled=\"false\" class=\"elementor-element elementor-element-30801b5 e-flex e-con-boxed e-con e-parent\" data-id=\"30801b5\" data-element_type=\"container\" data-e-type=\"container\">\n\t\t\t\t\t<div class=\"e-con-inner\">\n\t\t\t\t<div class=\"elementor-element elementor-element-f194c0a elementor-widget elementor-widget-heading\" data-id=\"f194c0a\" data-element_type=\"widget\" data-e-type=\"widget\" data-widget_type=\"heading.default\">\n\t\t\t\t<div class=\"elementor-widget-container\">\n\t\t\t\t\t<h2 class=\"elementor-heading-title elementor-size-default\">Nuestros Servicios de Inmigraci\u00f3n Comprensivos<\/h2>\t\t\t\t<\/div>\n\t\t\t\t<\/div>\n\t\t\t\t\t<\/div>\n\t\t\t\t<\/div>\n\t\t<div data-particle_enable=\"false\" data-particle-mobile-disabled=\"false\" class=\"elementor-element elementor-element-5dfb7f3 e-flex e-con-boxed e-con e-parent\" data-id=\"5dfb7f3\" data-element_type=\"container\" data-e-type=\"container\">\n\t\t\t\t\t<div class=\"e-con-inner\">\n\t\t\t\t<div class=\"elementor-element elementor-element-2acebf6 elementor-widget elementor-widget-text-editor\" data-id=\"2acebf6\" data-element_type=\"widget\" data-e-type=\"widget\" data-widget_type=\"text-editor.default\">\n\t\t\t\t<div class=\"elementor-widget-container\">\n\t\t\t\t\t\t\t\t\t<p><strong>Florida Document Specialists ofrece una amplia gama de asistencia econ\u00f3mica con una multitud de formularios y procesos de inmigraci\u00f3n:<\/strong><\/p><h2>Solicitud I-90 para Reemplazar la Tarjeta de Residente Permanente<\/h2><p>El servicio de Solicitud I-90 est\u00e1 destinado para aquellos que necesitan reemplazar una Tarjeta de Residente Permanente perdida, caducada o da\u00f1ada, tambi\u00e9n conocida como Green Card. Nuestro equipo experimentado lo guiar\u00e1 paso a paso para completar y enviar el Formulario I-90 al USCIS.<\/p><h2>Estatus de Protecci\u00f3n Temporal<\/h2><p>Brindamos asistencia pr\u00e1ctica a individuos de pa\u00edses que luchan con conflictos en curso o desastres catastr\u00f3ficos. Ayudamos a solicitar el Estatus de Protecci\u00f3n Temporal, un estado migratorio de emergencia otorgado a nacionales de pa\u00edses espec\u00edficamente designados.<\/p><h2>Solicitudes de Ciudadan\u00eda\/ Naturalizaci\u00f3n de EE. UU. (N-400)<\/h2><p>\u00bfBusca convertirse en ciudadano de EE. UU. a trav\u00e9s del proceso de naturalizaci\u00f3n? Nuestros servicios incluyen orientaci\u00f3n integral para completar y enviar el formulario N-400, gui\u00e1ndolo a trav\u00e9s de cada fase del proceso de solicitud.<\/p><h2>Asilo Pol\u00edtico<\/h2><p>Para aquellos que temen persecuci\u00f3n o da\u00f1o en su pa\u00eds de origen debido a razones pol\u00edticas, religiosas u otras, ofrecemos servicios de preparaci\u00f3n y env\u00edo cuidadosos para la solicitud de Asilo Pol\u00edtico.<\/p><h2>Petici\u00f3n de Visa Basada en la Familia - Green Cards<\/h2><p>Estamos comprometidos a ayudar a unir familias. Nuestro equipo ayuda en la preparaci\u00f3n y env\u00edo de solicitudes de Green Cards basadas en la familia, permitiendo a los miembros de la familia de ciudadanos estadounidenses o residentes permanentes lograr la residencia permanente.<\/p><h2>Peticiones de C\u00f3nyuges Maltratados<\/h2><p>Navegar por el sistema de inmigraci\u00f3n puede ser complejo, especialmente para los c\u00f3nyuges maltratados. Ofrecemos asistencia especializada para solicitar beneficios de inmigraci\u00f3n de manera independiente de un abusador, a trav\u00e9s de las disposiciones de la Ley de Violencia Contra las Mujeres (VAWA).<\/p><h2>Peticiones I-130 y I-485<\/h2><p>Estamos aqu\u00ed para simplificar el proceso de inmigraci\u00f3n basado en la familia a trav\u00e9s de la preparaci\u00f3n y env\u00edo de peticiones I-130 e I-485, formularios cruciales utilizados por los miembros de la familia para patrocinar a un pariente para obtener una Green Card.<\/p><h2>Visado de prometido K1\/K2<\/h2><p>Si usted es un ciudadano estadounidense que busca traer a su prometido(a) extranjero(a) a los EE. UU., podemos guiarlo a trav\u00e9s del proceso de preparaci\u00f3n y env\u00edo de la documentaci\u00f3n necesaria para una visa de prometido(a).<\/p><h2>Cumplimiento de la Forma I-9<\/h2><p>Ayudamos a las empresas a mantenerse en cumplimiento con la ley de inmigraci\u00f3n, gui\u00e1ndolas a trav\u00e9s de la correcta cumplimentaci\u00f3n del Formulario I-9, que verifica la identidad y la autorizaci\u00f3n de empleo de sus empleados.<\/p><h2>Paquetes de Documentos para Procesamiento Consular<\/h2><p>Si est\u00e1 solicitando visados, Green Cards u otros beneficios de inmigraci\u00f3n a trav\u00e9s de una embajada o consulado de EE. UU. en el extranjero, le asistimos en la preparaci\u00f3n de los paquetes de documentos necesarios para agilizar el proceso.<\/p><h2>Servicios de Traducci\u00f3n Multiling\u00fce<\/h2><p>Navegar por el proceso de inmigraci\u00f3n a menudo requiere lidiar con documentos en idiomas distintos al ingl\u00e9s. En Florida Document Specialists, estamos preparados para cerrar esa brecha. Ofrecemos servicios de traducci\u00f3n profesional para m\u00e1s de cien idiomas diferentes. Nuestras traducciones est\u00e1n meticulosamente elaboradas para cumplir con los requisitos del USCIS, asegurando que sean aceptadas sin problemas. No importa en qu\u00e9 idioma est\u00e9n sus documentos, estamos aqu\u00ed para asegurar una comunicaci\u00f3n clara y un proceso de inmigraci\u00f3n sin problemas.<\/p>\t\t\t\t\t\t\t\t<\/div>\n\t\t\t\t<\/div>\n\t\t\t\t\t<\/div>\n\t\t\t\t<\/div>\n\t\t<div data-particle_enable=\"false\" data-particle-mobile-disabled=\"false\" class=\"elementor-element elementor-element-faede5e e-flex e-con-boxed e-con e-parent\" data-id=\"faede5e\" data-element_type=\"container\" data-e-type=\"container\">\n\t\t\t\t\t<div class=\"e-con-inner\">\n\t\t\t\t<div class=\"elementor-element elementor-element-dd8c6a8 elementor-widget elementor-widget-heading\" data-id=\"dd8c6a8\" data-element_type=\"widget\" data-e-type=\"widget\" data-widget_type=\"heading.default\">\n\t\t\t\t<div class=\"elementor-widget-container\">\n\t\t\t\t\t<h2 class=\"elementor-heading-title elementor-size-default\">Cu\u00e1ndo Consultar a un Abogado de Inmigraci\u00f3n Certificado<\/h2>\t\t\t\t<\/div>\n\t\t\t\t<\/div>\n\t\t\t\t\t<\/div>\n\t\t\t\t<\/div>\n\t\t<div data-particle_enable=\"false\" data-particle-mobile-disabled=\"false\" class=\"elementor-element elementor-element-99fdd58 e-flex e-con-boxed e-con e-parent\" data-id=\"99fdd58\" data-element_type=\"container\" data-e-type=\"container\">\n\t\t\t\t\t<div class=\"e-con-inner\">\n\t\t\t\t<div class=\"elementor-element elementor-element-84da00d elementor-widget elementor-widget-text-editor\" data-id=\"84da00d\" data-element_type=\"widget\" data-e-type=\"widget\" data-widget_type=\"text-editor.default\">\n\t\t\t\t<div class=\"elementor-widget-container\">\n\t\t\t\t\t\t\t\t\t<p>Para asuntos de inmigraci\u00f3n particularmente complejos que requieran asesoramiento o representaci\u00f3n legal, se recomienda consultar a un abogado de inmigraci\u00f3n certificado. Estos profesionales pueden manejar de manera competente su caso con el Servicio de Ciudadan\u00eda e Inmigraci\u00f3n de los Estados Unidos (USCIS). Si necesita servicios de inmigraci\u00f3n legal en Daytona Beach, Miami o en cualquier otro lugar de Florida, el Servicio de Referencia de Abogados de la Barra de Florida puede guiarlo a un abogado de inmigraci\u00f3n local calificado.<\/p>\t\t\t\t\t\t\t\t<\/div>\n\t\t\t\t<\/div>\n\t\t\t\t\t<\/div>\n\t\t\t\t<\/div>\n\t\t<div data-particle_enable=\"false\" data-particle-mobile-disabled=\"false\" class=\"elementor-element elementor-element-bd813f5 e-flex e-con-boxed e-con e-parent\" data-id=\"bd813f5\" data-element_type=\"container\" data-e-type=\"container\">\n\t\t\t\t\t<div class=\"e-con-inner\">\n\t\t\t\t<div class=\"elementor-element elementor-element-0060383 elementor-widget elementor-widget-heading\" data-id=\"0060383\" data-element_type=\"widget\" data-e-type=\"widget\" data-widget_type=\"heading.default\">\n\t\t\t\t<div class=\"elementor-widget-container\">\n\t\t\t\t\t<h2 class=\"elementor-heading-title elementor-size-default\">El Valor de las Alternativas No Jur\u00eddicas<\/h2>\t\t\t\t<\/div>\n\t\t\t\t<\/div>\n\t\t\t\t\t<\/div>\n\t\t\t\t<\/div>\n\t\t<div data-particle_enable=\"false\" data-particle-mobile-disabled=\"false\" class=\"elementor-element elementor-element-72f0356 e-flex e-con-boxed e-con e-parent\" data-id=\"72f0356\" data-element_type=\"container\" data-e-type=\"container\">\n\t\t\t\t\t<div class=\"e-con-inner\">\n\t\t<div data-particle_enable=\"false\" data-particle-mobile-disabled=\"false\" class=\"elementor-element elementor-element-3b40a91 e-con-full e-flex e-con e-child\" data-id=\"3b40a91\" data-element_type=\"container\" data-e-type=\"container\">\n\t\t\t\t<div class=\"elementor-element elementor-element-34c7400 elementor-widget elementor-widget-text-editor\" data-id=\"34c7400\" data-element_type=\"widget\" data-e-type=\"widget\" data-widget_type=\"text-editor.default\">\n\t\t\t\t<div class=\"elementor-widget-container\">\n\t\t\t\t\t\t\t\t\t<p>Para asuntos de inmigraci\u00f3n sencillos, no siempre necesita asumir el coste de los honorarios de un abogado. Florida Document Specialists ofrece una alternativa no jur\u00eddica econ\u00f3mica para estos casos. Con nuestra promesa de una preparaci\u00f3n r\u00e1pida y meticulosa de sus formularios de inmigraci\u00f3n, se ahorra una cantidad significativa de recursos.<\/p>\t\t\t\t\t\t\t\t<\/div>\n\t\t\t\t<\/div>\n\t\t\t\t<\/div>\n\t\t<div data-particle_enable=\"false\" data-particle-mobile-disabled=\"false\" class=\"elementor-element elementor-element-09b0e4f e-con-full e-flex e-con e-child\" data-id=\"09b0e4f\" data-element_type=\"container\" data-e-type=\"container\">\n\t\t\t\t<div class=\"elementor-element elementor-element-5b5b8a8 elementor-widget elementor-widget-image\" data-id=\"5b5b8a8\" data-element_type=\"widget\" data-e-type=\"widget\" data-widget_type=\"image.default\">\n\t\t\t\t<div class=\"elementor-widget-container\">\n\t\t\t\t\t\t\t\t\t\t\t\t\t\t\t<img decoding=\"async\" src=\"https:\/\/floridadocument.com\/wp-content\/uploads\/2019\/01\/IMMIGRATION-2.jpg\" title=\"\" alt=\"Immigration Document Preparation Services in Florida\" loading=\"lazy\" \/>\t\t\t\t\t\t\t\t\t\t\t\t\t\t\t<\/div>\n\t\t\t\t<\/div>\n\t\t\t\t<\/div>\n\t\t\t\t\t<\/div>\n\t\t\t\t<\/div>\n\t\t<div data-particle_enable=\"false\" data-particle-mobile-disabled=\"false\" class=\"elementor-element elementor-element-5a71f1a e-flex e-con-boxed e-con e-parent\" data-id=\"5a71f1a\" data-element_type=\"container\" data-e-type=\"container\">\n\t\t\t\t\t<div class=\"e-con-inner\">\n\t\t\t\t<div class=\"elementor-element elementor-element-5c86403 elementor-widget elementor-widget-text-editor\" data-id=\"5c86403\" data-element_type=\"widget\" data-e-type=\"widget\" data-widget_type=\"text-editor.default\">\n\t\t\t\t<div class=\"elementor-widget-container\">\n\t\t\t\t\t\t\t\t\t<p>Nuestro equipo tiene una vasta experiencia en la preparaci\u00f3n de tr\u00e1mites de inmigraci\u00f3n de EE. UU. y nos mantenemos actualizados con el \u00faltimo Software de Gesti\u00f3n de Casos y Formularios de Inmigraci\u00f3n. Estamos dedicados a garantizar que su trayectoria de inm<\/p>\t\t\t\t\t\t\t\t<\/div>\n\t\t\t\t<\/div>\n\t\t\t\t\t<\/div>\n\t\t\t\t<\/div>\n\t\t<div data-particle_enable=\"false\" data-particle-mobile-disabled=\"false\" class=\"elementor-element elementor-element-a91175f e-flex e-con-boxed e-con e-parent\" data-id=\"a91175f\" data-element_type=\"container\" data-e-type=\"container\">\n\t\t\t\t\t<div class=\"e-con-inner\">\n\t\t\t\t<div class=\"elementor-element elementor-element-00e5454 elementor-widget-divider--view-line elementor-widget elementor-widget-divider\" data-id=\"00e5454\" data-element_type=\"widget\" data-e-type=\"widget\" data-widget_type=\"divider.default\">\n\t\t\t\t<div class=\"elementor-widget-container\">\n\t\t\t\t\t\t\t<div class=\"elementor-divider\">\n\t\t\t<span class=\"elementor-divider-separator\">\n\t\t\t\t\t\t<\/span>\n\t\t<\/div>\n\t\t\t\t\t\t<\/div>\n\t\t\t\t<\/div>\n\t\t\t\t\t<\/div>\n\t\t\t\t<\/div>\n\t\t<div data-particle_enable=\"false\" data-particle-mobile-disabled=\"false\" class=\"elementor-element elementor-element-5288fde e-flex e-con-boxed e-con e-parent\" data-id=\"5288fde\" data-element_type=\"container\" data-e-type=\"container\">\n\t\t\t\t\t<div class=\"e-con-inner\">\n\t\t\t\t<div class=\"elementor-element elementor-element-0bccbb3 elementor-widget elementor-widget-html\" data-id=\"0bccbb3\" data-element_type=\"widget\" data-e-type=\"widget\" data-widget_type=\"html.default\">\n\t\t\t\t<div class=\"elementor-widget-container\">\n\t\t\t\t\t<a name=\"form1242902889\" id=\"formAnchor1242902889\"><\/a>\r\n<script src=\"https:\/\/fs22.formsite.com\/include\/form\/embedManager.js?1242902889\"><\/script>\r\n<script>\r\nEmbedManager.embed({\r\n\tkey: \"https:\/\/fs22.formsite.com\/res\/showFormEmbed?EParam=m_OmK8apOTCLFP8Ovs7sA3SKlBogGjHGFzpUCZwnDno&1242902889\",\r\n\twidth: \"100%\"\r\n});\r\n<\/script>\t\t\t\t<\/div>\n\t\t\t\t<\/div>\n\t\t\t\t\t<\/div>\n\t\t\t\t<\/div>\n\t\t\t\t<\/div>","protected":false},"excerpt":{"rendered":"<p>Click Here to View in English Abrazando el Nuevo Rostro de la Inmigraci\u00f3n en EE.UU. A medida que el panorama de la inmigraci\u00f3n en los Estados Unidos evoluciona, trae consigo una multitud de nuevas oportunidades. Cada d\u00eda, innumerables individuos se encuentran buscando formas de estabilizar su estado migratorio por una variedad de razones. Ya sean &#8230; <a title=\"Abrazando el Nuevo Rostro de la Inmigraci\u00f3n en EE.UU.\" class=\"read-more\" href=\"https:\/\/floridadocument.com\/es\/legal-document-preparation-online-notarization-apostille-services-florida\/inmigracion-2\/\" aria-label=\"Read more about Abrazando el Nuevo Rostro de la Inmigraci\u00f3n en EE.UU.\">Seguir leyendo<\/a><\/p>","protected":false},"author":4,"featured_media":0,"parent":156,"menu_order":0,"comment_status":"closed","ping_status":"closed","template":"","meta":{"_lmt_disableupdate":"no","_lmt_disable":"","_monsterinsights_skip_tracking":false,"_monsterinsights_sitenote_active":false,"_monsterinsights_sitenote_note":"","_monsterinsights_sitenote_category":0,"generate_page_header":"","footnotes":""},"class_list":["post-532","page","type-page","status-publish"],"_links":{"self":[{"href":"https:\/\/floridadocument.com\/es\/wp-json\/wp\/v2\/pages\/532","targetHints":{"allow":["GET"]}}],"collection":[{"href":"https:\/\/floridadocument.com\/es\/wp-json\/wp\/v2\/pages"}],"about":[{"href":"https:\/\/floridadocument.com\/es\/wp-json\/wp\/v2\/types\/page"}],"author":[{"embeddable":true,"href":"https:\/\/floridadocument.com\/es\/wp-json\/wp\/v2\/users\/4"}],"replies":[{"embeddable":true,"href":"https:\/\/floridadocument.com\/es\/wp-json\/wp\/v2\/comments?post=532"}],"version-history":[{"count":1,"href":"https:\/\/floridadocument.com\/es\/wp-json\/wp\/v2\/pages\/532\/revisions"}],"predecessor-version":[{"id":17169,"href":"https:\/\/floridadocument.com\/es\/wp-json\/wp\/v2\/pages\/532\/revisions\/17169"}],"up":[{"embeddable":true,"href":"https:\/\/floridadocument.com\/es\/wp-json\/wp\/v2\/pages\/156"}],"wp:attachment":[{"href":"https:\/\/floridadocument.com\/es\/wp-json\/wp\/v2\/media?parent=532"}],"curies":[{"name":"wp","href":"https:\/\/api.w.org\/{rel}","templated":true}]}}