{"id":7446,"date":"2023-04-19T21:35:40","date_gmt":"2023-04-20T01:35:40","guid":{"rendered":"https:\/\/floridadocument.com\/?page_id=7446"},"modified":"2025-10-22T07:12:34","modified_gmt":"2025-10-22T11:12:34","slug":"fast-florida-apostille-order","status":"publish","type":"page","link":"https:\/\/floridadocument.com\/es\/fast-florida-apostille-order\/","title":{"rendered":"FAST Florida Apostille Order 2 Opciones"},"content":{"rendered":"<div data-elementor-type=\"wp-page\" data-elementor-id=\"7446\" class=\"elementor elementor-7446\" data-elementor-post-type=\"page\">\n\t\t\t\t\t\t<section data-particle_enable=\"false\" data-particle-mobile-disabled=\"false\" class=\"elementor-section elementor-top-section elementor-element elementor-element-de3897d elementor-section-boxed elementor-section-height-default elementor-section-height-default\" data-id=\"de3897d\" data-element_type=\"section\" data-e-type=\"section\">\n\t\t\t\t\t\t<div class=\"elementor-container elementor-column-gap-default\">\n\t\t\t\t\t<div class=\"elementor-column elementor-col-66 elementor-top-column elementor-element elementor-element-dccd14e\" data-id=\"dccd14e\" data-element_type=\"column\" data-e-type=\"column\">\n\t\t\t<div class=\"elementor-widget-wrap elementor-element-populated\">\n\t\t\t\t\t\t<div class=\"elementor-element elementor-element-62f596b elementor-widget elementor-widget-text-editor\" data-id=\"62f596b\" data-element_type=\"widget\" data-e-type=\"widget\" data-widget_type=\"text-editor.default\">\n\t\t\t\t<div class=\"elementor-widget-container\">\n\t\t\t\t\t\t\t\t\t<p><span style=\"color: #3366ff;\"><strong>R\u00c1PIDO<\/strong><\/span><\/p>\t\t\t\t\t\t\t\t<\/div>\n\t\t\t\t<\/div>\n\t\t\t\t\t<\/div>\n\t\t<\/div>\n\t\t\t\t<div class=\"elementor-column elementor-col-33 elementor-top-column elementor-element elementor-element-d11f4a0\" data-id=\"d11f4a0\" data-element_type=\"column\" data-e-type=\"column\">\n\t\t\t<div class=\"elementor-widget-wrap elementor-element-populated\">\n\t\t\t\t\t\t<div class=\"elementor-element elementor-element-083b706 elementor-widget elementor-widget-button\" data-id=\"083b706\" data-element_type=\"widget\" data-e-type=\"widget\" data-widget_type=\"button.default\">\n\t\t\t\t<div class=\"elementor-widget-container\">\n\t\t\t\t\t\t\t\t\t<div class=\"elementor-button-wrapper\">\n\t\t\t\t\t<a class=\"elementor-button elementor-button-link elementor-size-lg\" href=\"https:\/\/floridadocument.com\/apostille-florida\/\">\n\t\t\t\t\t\t<span class=\"elementor-button-content-wrapper\">\n\t\t\t\t\t\t\t\t\t<span class=\"elementor-button-text\">Volver a la p\u00e1gina principal de la Apostilla<\/span>\n\t\t\t\t\t<\/span>\n\t\t\t\t\t<\/a>\n\t\t\t\t<\/div>\n\t\t\t\t\t\t\t\t<\/div>\n\t\t\t\t<\/div>\n\t\t\t\t\t<\/div>\n\t\t<\/div>\n\t\t\t\t\t<\/div>\n\t\t<\/section>\n\t\t\t\t<section data-particle_enable=\"false\" data-particle-mobile-disabled=\"false\" class=\"elementor-section elementor-top-section elementor-element elementor-element-51b46aa elementor-section-boxed elementor-section-height-default elementor-section-height-default\" data-id=\"51b46aa\" data-element_type=\"section\" data-e-type=\"section\">\n\t\t\t\t\t\t<div class=\"elementor-container elementor-column-gap-default\">\n\t\t\t\t\t<div class=\"elementor-column elementor-col-100 elementor-top-column elementor-element elementor-element-25f4caa\" data-id=\"25f4caa\" data-element_type=\"column\" data-e-type=\"column\">\n\t\t\t<div class=\"elementor-widget-wrap elementor-element-populated\">\n\t\t\t\t\t\t<div class=\"elementor-element elementor-element-31a8097 elementor-widget elementor-widget-heading\" data-id=\"31a8097\" data-element_type=\"widget\" data-e-type=\"widget\" data-widget_type=\"heading.default\">\n\t\t\t\t<div class=\"elementor-widget-container\">\n\t\t\t\t\t<h2 class=\"elementor-heading-title elementor-size-default\">Haga clic en el bot\u00f3n que mejor describa su pedido:<\/h2>\t\t\t\t<\/div>\n\t\t\t\t<\/div>\n\t\t\t\t\t<\/div>\n\t\t<\/div>\n\t\t\t\t\t<\/div>\n\t\t<\/section>\n\t\t<div data-particle_enable=\"false\" data-particle-mobile-disabled=\"false\" class=\"elementor-element elementor-element-ff8af56 e-flex e-con-boxed e-con e-parent\" data-id=\"ff8af56\" data-element_type=\"container\" data-e-type=\"container\">\n\t\t\t\t\t<div class=\"e-con-inner\">\n\t\t\t\t<div class=\"elementor-element elementor-element-8b1bf5f elementor-widget-divider--view-line elementor-widget elementor-widget-divider\" data-id=\"8b1bf5f\" data-element_type=\"widget\" data-e-type=\"widget\" data-widget_type=\"divider.default\">\n\t\t\t\t<div class=\"elementor-widget-container\">\n\t\t\t\t\t\t\t<div class=\"elementor-divider\">\n\t\t\t<span class=\"elementor-divider-separator\">\n\t\t\t\t\t\t<\/span>\n\t\t<\/div>\n\t\t\t\t\t\t<\/div>\n\t\t\t\t<\/div>\n\t\t\t\t\t<\/div>\n\t\t\t\t<\/div>\n\t\t\t\t<section data-particle_enable=\"false\" data-particle-mobile-disabled=\"false\" class=\"elementor-section elementor-top-section elementor-element elementor-element-25a5b74 elementor-section-boxed elementor-section-height-default elementor-section-height-default\" data-id=\"25a5b74\" data-element_type=\"section\" data-e-type=\"section\">\n\t\t\t\t\t\t<div class=\"elementor-container elementor-column-gap-default\">\n\t\t\t\t\t<div class=\"elementor-column elementor-col-50 elementor-top-column elementor-element elementor-element-0f9fe6e\" data-id=\"0f9fe6e\" data-element_type=\"column\" data-e-type=\"column\">\n\t\t\t<div class=\"elementor-widget-wrap elementor-element-populated\">\n\t\t\t\t\t\t<div class=\"elementor-element elementor-element-456a221 elementor-align-left elementor-widget elementor-widget-button\" data-id=\"456a221\" data-element_type=\"widget\" data-e-type=\"widget\" data-widget_type=\"button.default\">\n\t\t\t\t<div class=\"elementor-widget-container\">\n\t\t\t\t\t\t\t\t\t<div class=\"elementor-button-wrapper\">\n\t\t\t\t\t<a class=\"elementor-button elementor-button-link elementor-size-xl\" href=\"https:\/\/floridadocument.com\/es\/fast-florida-apostille-with-ron-embeded-order-form\/\">\n\t\t\t\t\t\t<span class=\"elementor-button-content-wrapper\">\n\t\t\t\t\t\t\t\t\t<span class=\"elementor-button-text\">\ud83d\udda5\ufe0f Al menos un documento debe notariarse en l\u00ednea<\/span>\n\t\t\t\t\t<\/span>\n\t\t\t\t\t<\/a>\n\t\t\t\t<\/div>\n\t\t\t\t\t\t\t\t<\/div>\n\t\t\t\t<\/div>\n\t\t\t\t\t<\/div>\n\t\t<\/div>\n\t\t\t\t<div class=\"elementor-column elementor-col-50 elementor-top-column elementor-element elementor-element-2bd08f8\" data-id=\"2bd08f8\" data-element_type=\"column\" data-e-type=\"column\">\n\t\t\t<div class=\"elementor-widget-wrap elementor-element-populated\">\n\t\t\t\t\t\t<div class=\"elementor-element elementor-element-451bab9 elementor-align-left elementor-widget elementor-widget-button\" data-id=\"451bab9\" data-element_type=\"widget\" data-e-type=\"widget\" data-widget_type=\"button.default\">\n\t\t\t\t<div class=\"elementor-widget-container\">\n\t\t\t\t\t\t\t\t\t<div class=\"elementor-button-wrapper\">\n\t\t\t\t\t<a class=\"elementor-button elementor-button-link elementor-size-xl\" href=\"https:\/\/floridadocument.com\/es\/fast-florida-apostille-embeded-order-form\/\">\n\t\t\t\t\t\t<span class=\"elementor-button-content-wrapper\">\n\t\t\t\t\t\t\t\t\t<span class=\"elementor-button-text\">\ud83d\udcdc Presento documentos notariales o certificados<\/span>\n\t\t\t\t\t<\/span>\n\t\t\t\t\t<\/a>\n\t\t\t\t<\/div>\n\t\t\t\t\t\t\t\t<\/div>\n\t\t\t\t<\/div>\n\t\t\t\t\t<\/div>\n\t\t<\/div>\n\t\t\t\t\t<\/div>\n\t\t<\/section>\n\t\t<div data-particle_enable=\"false\" data-particle-mobile-disabled=\"false\" class=\"elementor-element elementor-element-57e366e e-flex e-con-boxed e-con e-parent\" data-id=\"57e366e\" data-element_type=\"container\" data-e-type=\"container\">\n\t\t\t\t\t<div class=\"e-con-inner\">\n\t\t<div data-particle_enable=\"false\" data-particle-mobile-disabled=\"false\" class=\"elementor-element elementor-element-f6b3e4c e-con-full e-flex e-con e-child\" data-id=\"f6b3e4c\" data-element_type=\"container\" data-e-type=\"container\">\n\t\t\t\t<div class=\"elementor-element elementor-element-49227e3 elementor-widget elementor-widget-text-editor\" data-id=\"49227e3\" data-element_type=\"widget\" data-e-type=\"widget\" data-widget_type=\"text-editor.default\">\n\t\t\t\t<div class=\"elementor-widget-container\">\n\t\t\t\t\t\t\t\t\t<h3 style=\"text-align: center;\" data-start=\"288\" data-end=\"464\"><span style=\"color: #000000;\"><strong><em data-start=\"367\" data-end=\"464\">Ejemplos de documentos que suelen requerir certificaci\u00f3n notarial en l\u00ednea antes de poder ser apostillados:<\/em><\/strong><\/span><\/h3><ul data-start=\"466\" data-end=\"1436\"><li data-start=\"466\" data-end=\"551\"><p data-start=\"468\" data-end=\"551\"><strong data-start=\"468\" data-end=\"491\">Declaraciones juradas personales<\/strong> o <strong data-start=\"495\" data-end=\"517\">declaraciones escritas<\/strong> que a\u00fan deben ser notariadas<\/p><\/li><li data-start=\"552\" data-end=\"626\"><p data-start=\"554\" data-end=\"626\"><strong data-start=\"554\" data-end=\"580\">Cartas de autorizaci\u00f3n de viaje<\/strong> para los menores que a\u00fan no han sido legalizados ante notario<\/p><\/li><li data-start=\"627\" data-end=\"731\"><p data-start=\"629\" data-end=\"731\"><strong data-start=\"629\" data-end=\"649\">Cartas comerciales<\/strong>, <strong data-start=\"651\" data-end=\"679\">autorizaciones corporativas<\/strong>u otros documentos no firmados que necesiten certificaci\u00f3n notarial<\/p><\/li><li data-start=\"732\" data-end=\"800\"><p data-start=\"734\" data-end=\"800\"><strong data-start=\"734\" data-end=\"755\">Poder de representaci\u00f3n<\/strong> que a\u00fan no ha sido firmado y notariado<\/p><\/li><li data-start=\"801\" data-end=\"859\"><p data-start=\"803\" data-end=\"859\"><strong data-start=\"803\" data-end=\"851\">Cartas de verificaci\u00f3n de prestaciones de la Seguridad Social<\/strong> (SSA)<\/p><\/li><li data-start=\"860\" data-end=\"937\"><p data-start=\"862\" data-end=\"937\"><strong data-start=\"862\" data-end=\"889\">Cartas de pensiones<\/strong> de empresas privadas o agencias gubernamentales<\/p><\/li><li data-start=\"938\" data-end=\"1022\"><p data-start=\"940\" data-end=\"1022\"><strong data-start=\"940\" data-end=\"970\">Expedientes acad\u00e9micos de colegios privados<\/strong> que no haya sido firmado y legalizado por el registrador<\/p><\/li><li data-start=\"1023\" data-end=\"1091\"><p data-start=\"1025\" data-end=\"1091\"><strong data-start=\"1025\" data-end=\"1037\">Diplomas<\/strong> (p\u00fablicas o privadas) que requieran copias aut\u00e9nticas notariadas<\/p><\/li><li data-start=\"1092\" data-end=\"1178\"><p data-start=\"1094\" data-end=\"1178\"><strong data-start=\"1094\" data-end=\"1117\">Copias de pasaportes<\/strong>, <strong data-start=\"1119\" data-end=\"1138\">permisos de conducir<\/strong>u otros documentos de identidad no registrables<\/p><\/li><li data-start=\"1179\" data-end=\"1261\"><p data-start=\"1181\" data-end=\"1261\"><strong data-start=\"1181\" data-end=\"1219\">Copias de documentos no registrables<\/strong> (por ejemplo, contratos de alquiler, facturas, registros personales)<\/p><\/li><li data-start=\"1353\" data-end=\"1436\"><p data-start=\"1355\" data-end=\"1436\"><strong>Cualquier documento<\/strong> que a\u00fan no est\u00e1 firmado y necesita ser notariado por un Florida notary<\/p><\/li><\/ul><blockquote data-start=\"1438\" data-end=\"1601\"><p data-start=\"1440\" data-end=\"1601\">\u2705 <em data-start=\"1442\" data-end=\"1601\">Nota: Expediente acad\u00e9mico de la escuela p\u00fablica <strong data-start=\"1475\" data-end=\"1485\">no puede<\/strong> ser notariados en l\u00ednea. Estos deben ser firmados por el registrador y notariados por el propio notary de la escuela o distrito.<\/em><\/p><\/blockquote>\t\t\t\t\t\t\t\t<\/div>\n\t\t\t\t<\/div>\n\t\t\t\t<\/div>\n\t\t<div data-particle_enable=\"false\" data-particle-mobile-disabled=\"false\" class=\"elementor-element elementor-element-4ebe30c e-con-full e-flex e-con e-child\" data-id=\"4ebe30c\" data-element_type=\"container\" data-e-type=\"container\">\n\t\t\t\t<div class=\"elementor-element elementor-element-dfe3783 elementor-widget elementor-widget-text-editor\" data-id=\"dfe3783\" data-element_type=\"widget\" data-e-type=\"widget\" data-widget_type=\"text-editor.default\">\n\t\t\t\t<div class=\"elementor-widget-container\">\n\t\t\t\t\t\t\t\t\t<h3 style=\"text-align: center;\" data-start=\"1536\" data-end=\"1694\"><span style=\"color: #000000;\"><strong><em data-start=\"1606\" data-end=\"1694\">Ejemplos de documentos ya legalizados o que no requieren legalizaci\u00f3n:<\/em><\/strong><\/span><\/h3><ul data-start=\"1696\" data-end=\"2481\"><li data-start=\"1696\" data-end=\"1753\"><p data-start=\"1698\" data-end=\"1753\">A correctamente <strong data-start=\"1709\" data-end=\"1751\">poder notarial firmado<\/strong><\/p><\/li><li data-start=\"1754\" data-end=\"1898\"><p data-start=\"1756\" data-end=\"1898\">A <strong data-start=\"1758\" data-end=\"1779\">partida de nacimiento<\/strong>, <strong data-start=\"1781\" data-end=\"1802\">certificado de defunci\u00f3n<\/strong>o <strong data-start=\"1807\" data-end=\"1831\">certificado de matrimonio<\/strong> expedido por un Secretario Judicial de Florida o por la Oficina de Estad\u00edsticas Vitales<\/p><\/li><li data-start=\"1899\" data-end=\"1970\"><p data-start=\"1901\" data-end=\"1970\">A <strong data-start=\"1903\" data-end=\"1951\">Departamento de Polic\u00eda de Florida (FDLE)<\/strong> verificaci\u00f3n de antecedentes<\/p><\/li><li data-start=\"1971\" data-end=\"2043\"><p data-start=\"1973\" data-end=\"2043\">A <strong data-start=\"1975\" data-end=\"1994\">certificado judicial<\/strong> sentencia, orden de cambio de nombre o sentencia de divorcio<\/p><\/li><li data-start=\"2044\" data-end=\"2153\"><p data-start=\"2046\" data-end=\"2153\">A <strong data-start=\"2048\" data-end=\"2076\">expediente acad\u00e9mico de la escuela p\u00fablica<\/strong> que ha sido firmado por el secretario y legalizado por el notary de la escuela<\/p><\/li><li data-start=\"2154\" data-end=\"2216\"><p data-start=\"2156\" data-end=\"2216\">A <strong data-start=\"2158\" data-end=\"2194\">copia compulsada de un t\u00edtulo<\/strong> (ya notariado)<\/p><\/li><li data-start=\"2217\" data-end=\"2317\"><p data-start=\"2219\" data-end=\"2317\">A <strong data-start=\"2221\" data-end=\"2246\">Certificado de estatuto<\/strong> u otros registros certificados de la Divisi\u00f3n de Sociedades de Florida<\/p><\/li><li data-start=\"2318\" data-end=\"2374\"><p data-start=\"2320\" data-end=\"2374\">A <strong data-start=\"2322\" data-end=\"2372\">copia compulsada del pasaporte o del permiso de conducir<\/strong><\/p><\/li><li data-start=\"2375\" data-end=\"2481\"><p data-start=\"2377\" data-end=\"2481\">Cualquier documento que ya haya sido <strong data-start=\"1074\" data-end=\"1100\">notariado o certificado<\/strong> por un Florida notary o agencia gubernamental y <strong data-start=\"1146\" data-end=\"1178\">no requiere ning\u00fan cambio<\/strong><\/p><\/li><\/ul>\t\t\t\t\t\t\t\t<\/div>\n\t\t\t\t<\/div>\n\t\t\t\t<\/div>\n\t\t\t\t\t<\/div>\n\t\t\t\t<\/div>\n\t\t\t\t<\/div>","protected":false},"excerpt":{"rendered":"<p>R\u00c1PIDO Volver a la p\u00e1gina principal de Apostillas Haga clic en el bot\u00f3n que mejor describa su pedido: \ud83d\udda5\ufe0f Al menos un documento necesita ser notariado en l\u00ednea \ud83d\udcdc Estoy presentando documentos notariados o certificados Ejemplos de documentos que normalmente requieren notarizaci\u00f3n en l\u00ednea antes de que puedan ser apostillados: Declaraciones juradas personales o declaraciones escritas que a\u00fan necesitan ... <a title=\"FAST Florida Apostille Order 2 Opciones\" class=\"read-more\" href=\"https:\/\/floridadocument.com\/es\/fast-florida-apostille-order\/\" aria-label=\"Leer m\u00e1s sobre FAST Florida Apostille Order 2 Choices\">Seguir leyendo<\/a><\/p>","protected":false},"author":4,"featured_media":0,"parent":0,"menu_order":0,"comment_status":"closed","ping_status":"closed","template":"elementor_canvas","meta":{"_lmt_disableupdate":"no","_lmt_disable":"","_monsterinsights_skip_tracking":false,"_monsterinsights_sitenote_active":false,"_monsterinsights_sitenote_note":"","_monsterinsights_sitenote_category":0,"generate_page_header":"","footnotes":""},"class_list":["post-7446","page","type-page","status-publish"],"_links":{"self":[{"href":"https:\/\/floridadocument.com\/es\/wp-json\/wp\/v2\/pages\/7446","targetHints":{"allow":["GET"]}}],"collection":[{"href":"https:\/\/floridadocument.com\/es\/wp-json\/wp\/v2\/pages"}],"about":[{"href":"https:\/\/floridadocument.com\/es\/wp-json\/wp\/v2\/types\/page"}],"author":[{"embeddable":true,"href":"https:\/\/floridadocument.com\/es\/wp-json\/wp\/v2\/users\/4"}],"replies":[{"embeddable":true,"href":"https:\/\/floridadocument.com\/es\/wp-json\/wp\/v2\/comments?post=7446"}],"version-history":[{"count":4,"href":"https:\/\/floridadocument.com\/es\/wp-json\/wp\/v2\/pages\/7446\/revisions"}],"predecessor-version":[{"id":16633,"href":"https:\/\/floridadocument.com\/es\/wp-json\/wp\/v2\/pages\/7446\/revisions\/16633"}],"wp:attachment":[{"href":"https:\/\/floridadocument.com\/es\/wp-json\/wp\/v2\/media?parent=7446"}],"curies":[{"name":"wp","href":"https:\/\/api.w.org\/{rel}","templated":true}]}}