{"id":8015,"date":"2023-04-27T18:36:56","date_gmt":"2023-04-27T22:36:56","guid":{"rendered":"https:\/\/floridadocument.com\/?page_id=8015"},"modified":"2025-02-19T02:10:29","modified_gmt":"2025-02-19T07:10:29","slug":"non-hague-apostille-convention-member-countries","status":"publish","type":"page","link":"https:\/\/floridadocument.com\/es\/non-hague-apostille-convention-member-countries\/","title":{"rendered":"Pa\u00edses no miembros del Convenio de La Haya sobre la Apostilla"},"content":{"rendered":"<div data-elementor-type=\"wp-page\" data-elementor-id=\"8015\" class=\"elementor elementor-8015\" data-elementor-post-type=\"page\">\n\t\t\t\t\t\t<section data-particle_enable=\"false\" data-particle-mobile-disabled=\"false\" class=\"elementor-section elementor-top-section elementor-element elementor-element-fe5fc27 elementor-section-boxed elementor-section-height-default elementor-section-height-default\" data-id=\"fe5fc27\" data-element_type=\"section\" data-e-type=\"section\">\n\t\t\t\t\t\t<div class=\"elementor-container elementor-column-gap-default\">\n\t\t\t\t\t<div class=\"elementor-column elementor-col-33 elementor-top-column elementor-element elementor-element-a95a51d\" data-id=\"a95a51d\" data-element_type=\"column\" data-e-type=\"column\">\n\t\t\t<div class=\"elementor-widget-wrap\">\n\t\t\t\t\t\t\t<\/div>\n\t\t<\/div>\n\t\t\t\t<div class=\"elementor-column elementor-col-33 elementor-top-column elementor-element elementor-element-becf2ad\" data-id=\"becf2ad\" data-element_type=\"column\" data-e-type=\"column\">\n\t\t\t<div class=\"elementor-widget-wrap\">\n\t\t\t\t\t\t\t<\/div>\n\t\t<\/div>\n\t\t\t\t<div class=\"elementor-column elementor-col-33 elementor-top-column elementor-element elementor-element-8ea138c\" data-id=\"8ea138c\" data-element_type=\"column\" data-e-type=\"column\">\n\t\t\t<div class=\"elementor-widget-wrap elementor-element-populated\">\n\t\t\t\t\t\t<div class=\"elementor-element elementor-element-c4ce7cb elementor-widget elementor-widget-text-editor\" data-id=\"c4ce7cb\" data-element_type=\"widget\" data-e-type=\"widget\" data-widget_type=\"text-editor.default\">\n\t\t\t\t<div class=\"elementor-widget-container\">\n\t\t\t\t\t\t\t\t\t<p><strong><a href=\"https:\/\/floridadocument.com\/apostille-florida\/\">Volver a la p\u00e1gina principal de la Apostilla<\/a><\/strong><\/p>\t\t\t\t\t\t\t\t<\/div>\n\t\t\t\t<\/div>\n\t\t\t\t\t<\/div>\n\t\t<\/div>\n\t\t\t\t\t<\/div>\n\t\t<\/section>\n\t\t\t\t<section data-particle_enable=\"false\" data-particle-mobile-disabled=\"false\" class=\"elementor-section elementor-top-section elementor-element elementor-element-a0c3c97 elementor-section-boxed elementor-section-height-default elementor-section-height-default\" data-id=\"a0c3c97\" data-element_type=\"section\" data-e-type=\"section\">\n\t\t\t\t\t\t<div class=\"elementor-container elementor-column-gap-default\">\n\t\t\t\t\t<div class=\"elementor-column elementor-col-100 elementor-top-column elementor-element elementor-element-f120416\" data-id=\"f120416\" data-element_type=\"column\" data-e-type=\"column\">\n\t\t\t<div class=\"elementor-widget-wrap elementor-element-populated\">\n\t\t\t\t\t\t<div class=\"elementor-element elementor-element-334672c elementor-widget elementor-widget-text-editor\" data-id=\"334672c\" data-element_type=\"widget\" data-e-type=\"widget\" data-widget_type=\"text-editor.default\">\n\t\t\t\t<div class=\"elementor-widget-container\">\n\t\t\t\t\t\t\t\t\t<ul><li>Afganist\u00e1n<\/li><li>Argelia<\/li><li>Angola<\/li><li>Bangladesh<\/li><li>Ben\u00edn<\/li><li>Burkina Faso<\/li><li>Birmania, tambi\u00e9n conocida como Myanmar<\/li><li>Camboya<\/li><li>Camer\u00fan<\/li><li>Canad\u00e1<\/li><li>Rep\u00fablica del Congo<\/li><li>Congo Democr\u00e1tico<\/li><li>Costa de Marfil<\/li><li>Cuba<\/li><li>Egipto<\/li><li>Eritrea<\/li><li>Etiop\u00eda<\/li><li>Ghana<\/li><li>Guinea<\/li><li>Hait\u00ed<\/li><li>Ir\u00e1n<\/li><li>Iraq<\/li><li>Jamaica<\/li><li>Jordan<\/li><li>Kenia<\/li><li>Kuwait<\/li><li>Laos<\/li><li>L\u00edbano<\/li><li>Libia<\/li><li>Macedonia<\/li><li>Madagascar<\/li><li>Malasia<\/li><li>Mali<\/li><li>Mauritania<\/li><li>Mozambique<\/li><li>Nepal<\/li><li>N\u00edger<\/li><li>Nigeria<\/li><li>Palestina<\/li><li>Qatar<\/li><li>Ruanda<\/li><li>Arabia Saud\u00ed<\/li><li>Senegal<\/li><li>Sierra Leona<\/li><li>Singapur<\/li><li>Sri Lanka<\/li><li>Sud\u00e1n<\/li><li>Siria<\/li><li>Taiw\u00e1n<\/li><li>Tanzania<\/li><li>Togo<\/li><li>Tailandia<\/li><li>Turkmenist\u00e1n<\/li><li>Emiratos \u00c1rabes Unidos<\/li><li>Uganda<\/li><li>Vietnam<\/li><li>Yemen<\/li><li>Zambia<\/li><li>Zimbabue<\/li><\/ul>\t\t\t\t\t\t\t\t<\/div>\n\t\t\t\t<\/div>\n\t\t\t\t\t<\/div>\n\t\t<\/div>\n\t\t\t\t\t<\/div>\n\t\t<\/section>\n\t\t\t\t<\/div>","protected":false},"excerpt":{"rendered":"<p>Volver a la p\u00e1gina principal de Apostillas Afganist\u00e1n Angola Argelia Bangladesh Ben\u00edn Burkina Faso Birmania, tambi\u00e9n conocida como Myanmar Camboya Camer\u00fan Canad\u00e1 Rep\u00fablica del Congo Costa de Marfil Democr\u00e1tica del Congo Cuba Egipto Eritrea Etiop\u00eda Ghana Guinea Hait\u00ed Ir\u00e1n Iraq Jamaica Jordania Kenia Kuwait Laos L\u00edbano Libia Macedonia Madagascar Malasia Mal\u00ed Mauritania Mozambique Nepal N\u00edger Nigeria Palestina Qatar Ruanda ... <a title=\"Pa\u00edses no miembros del Convenio de La Haya sobre la Apostilla\" class=\"read-more\" href=\"https:\/\/floridadocument.com\/es\/non-hague-apostille-convention-member-countries\/\" aria-label=\"M\u00e1s informaci\u00f3n sobre los pa\u00edses no miembros del Convenio de La Haya sobre la Apostilla\">Seguir leyendo<\/a><\/p>","protected":false},"author":4,"featured_media":0,"parent":0,"menu_order":0,"comment_status":"closed","ping_status":"closed","template":"","meta":{"_lmt_disableupdate":"no","_lmt_disable":"","_monsterinsights_skip_tracking":false,"_monsterinsights_sitenote_active":false,"_monsterinsights_sitenote_note":"","_monsterinsights_sitenote_category":0,"generate_page_header":"","footnotes":""},"class_list":["post-8015","page","type-page","status-publish"],"_links":{"self":[{"href":"https:\/\/floridadocument.com\/es\/wp-json\/wp\/v2\/pages\/8015","targetHints":{"allow":["GET"]}}],"collection":[{"href":"https:\/\/floridadocument.com\/es\/wp-json\/wp\/v2\/pages"}],"about":[{"href":"https:\/\/floridadocument.com\/es\/wp-json\/wp\/v2\/types\/page"}],"author":[{"embeddable":true,"href":"https:\/\/floridadocument.com\/es\/wp-json\/wp\/v2\/users\/4"}],"replies":[{"embeddable":true,"href":"https:\/\/floridadocument.com\/es\/wp-json\/wp\/v2\/comments?post=8015"}],"version-history":[{"count":0,"href":"https:\/\/floridadocument.com\/es\/wp-json\/wp\/v2\/pages\/8015\/revisions"}],"wp:attachment":[{"href":"https:\/\/floridadocument.com\/es\/wp-json\/wp\/v2\/media?parent=8015"}],"curies":[{"name":"wp","href":"https:\/\/api.w.org\/{rel}","templated":true}]}}