{"id":9182,"date":"2023-05-26T12:48:38","date_gmt":"2023-05-26T16:48:38","guid":{"rendered":"https:\/\/floridadocument.com\/?page_id=9182"},"modified":"2023-05-26T12:53:57","modified_gmt":"2023-05-26T16:53:57","slug":"florida-online-notary-law-fs-117","status":"publish","type":"page","link":"https:\/\/floridadocument.com\/es\/florida-online-notary\/florida-online-notary-law-fs-117\/","title":{"rendered":"Ley de Notariado Online de Florida - Estatuto de Florida 117.021"},"content":{"rendered":"<div data-elementor-type=\"wp-page\" data-elementor-id=\"9182\" class=\"elementor elementor-9182\" data-elementor-post-type=\"page\">\n\t\t\t\t<div data-particle_enable=\"false\" data-particle-mobile-disabled=\"false\" class=\"elementor-element elementor-element-673b6c4 e-flex e-con-boxed e-con e-parent\" data-id=\"673b6c4\" data-element_type=\"container\" data-e-type=\"container\">\n\t\t\t\t\t<div class=\"e-con-inner\">\n\t\t<div data-particle_enable=\"false\" data-particle-mobile-disabled=\"false\" class=\"elementor-element elementor-element-1620341 e-con-full e-flex e-con e-child\" data-id=\"1620341\" data-element_type=\"container\" data-e-type=\"container\">\n\t\t\t\t<\/div>\n\t\t<div data-particle_enable=\"false\" data-particle-mobile-disabled=\"false\" class=\"elementor-element elementor-element-a48e42b e-con-full e-flex e-con e-child\" data-id=\"a48e42b\" data-element_type=\"container\" data-e-type=\"container\">\n\t\t\t\t<div class=\"elementor-element elementor-element-1d487c7 elementor-widget elementor-widget-text-editor\" data-id=\"1d487c7\" data-element_type=\"widget\" data-e-type=\"widget\" data-widget_type=\"text-editor.default\">\n\t\t\t\t<div class=\"elementor-widget-container\">\n\t\t\t\t\t\t\t\t\t<p><a href=\"https:\/\/floridadocument.com\/es\/remote-online-notarization\/\"><strong>Ir a la p\u00e1gina principal de notarizaci\u00f3n en l\u00ednea<\/strong><\/a><\/p>\t\t\t\t\t\t\t\t<\/div>\n\t\t\t\t<\/div>\n\t\t\t\t<\/div>\n\t\t\t\t\t<\/div>\n\t\t\t\t<\/div>\n\t\t<div data-particle_enable=\"false\" data-particle-mobile-disabled=\"false\" class=\"elementor-element elementor-element-de6c38e e-flex e-con-boxed e-con e-parent\" data-id=\"de6c38e\" data-element_type=\"container\" data-e-type=\"container\">\n\t\t\t\t\t<div class=\"e-con-inner\">\n\t\t\t\t<div class=\"elementor-element elementor-element-fe20487 elementor-widget elementor-widget-text-editor\" data-id=\"fe20487\" data-element_type=\"widget\" data-e-type=\"widget\" data-widget_type=\"text-editor.default\">\n\t\t\t\t<div class=\"elementor-widget-container\">\n\t\t\t\t\t\t\t\t\t<p><strong>117.021 Notarizaci\u00f3n electr\u00f3nica.<\/strong> -<\/p><p>(1)<span style=\"text-decoration: underline;\"><strong>Cualquier documento que requiera certificaci\u00f3n notarial podr\u00e1 serlo electr\u00f3nicamente<\/strong>.<\/span> Las disposiciones de los ss. 117.01, 117.03, 117.04, 117.05(1)-(11), (13), y (14), 117.105, y 117.107 se aplican a todas las notarizaciones bajo esta secci\u00f3n.<\/p><p>(2) Al realizar un acto notarial electr\u00f3nico, un notario p\u00fablico <span style=\"text-decoration: underline;\"><strong>utilizar\u00e1 una firma electr\u00f3nica<\/strong><\/span> es decir:<\/p><p>(a) \u00danico para el notario p\u00fablico;<\/p><p>(b) Capacidad de verificaci\u00f3n independiente;<\/p><p>(c) Conservados bajo el control exclusivo del notario p\u00fablico e incluye la protecci\u00f3n de acceso mediante el uso de contrase\u00f1as o c\u00f3digos bajo el control del notario p\u00fablico; y<\/p><p>(d) Adjuntos o asociados l\u00f3gicamente al documento electr\u00f3nico de forma que cualquier alteraci\u00f3n posterior del documento electr\u00f3nico muestre la prueba de la alteraci\u00f3n.<\/p><p>(3) Cuando se requiera que una firma vaya acompa\u00f1ada del sello de un notario p\u00fablico, el requisito se cumple cuando la firma electr\u00f3nica del notario p\u00fablico contiene toda la informaci\u00f3n sobre el sello que se indica a continuaci\u00f3n:<\/p><p>(a) El nombre completo del notario p\u00fablico exactamente como figura en la solicitud de nombramiento del notario p\u00fablico;<\/p><p>(b) Las palabras \"Notario P\u00fablico del Estado de Florida\";<\/p><p>(c) La fecha de expiraci\u00f3n de la comisi\u00f3n del notario p\u00fablico; y<\/p><p>(d) El n\u00famero de comisi\u00f3n del notario p\u00fablico.<\/p><p>(4)<span style=\"text-decoration: underline;\"><strong>Un notario p\u00fablico que realice un acto notarial con respecto a un registro electr\u00f3nico seleccionar\u00e1 la tecnolog\u00eda que se utilizar\u00e1 para dicho acto notarial.<\/strong> <strong>Una persona no puede exigir al notario p\u00fablico que utilice una tecnolog\u00eda concreta<\/strong><\/span>no obstante, si el notario p\u00fablico est\u00e1 obligado por su contrato o empleador a realizar actos notariales con respecto a documentos electr\u00f3nicos, el contrato o empleador podr\u00e1 exigir el uso de una tecnolog\u00eda determinada para dichos actos notariales.<\/p><p>(5) El incumplimiento por parte de un notario p\u00fablico de cualquiera de los requisitos de esta secci\u00f3n puede constituir motivo de suspensi\u00f3n de la comisi\u00f3n del notario p\u00fablico por parte de la Oficina Ejecutiva del Gobernador.<\/p><p>(6) El Departamento de Estado podr\u00e1 adoptar normas para garantizar la seguridad, fiabilidad y uniformidad de las firmas y sellos autorizados en esta secci\u00f3n.<\/p><p>(7) El Departamento de Estado, en colaboraci\u00f3n con el Departamento de Servicios de Gesti\u00f3n, adoptar\u00e1 normas que establezcan est\u00e1ndares para tecnolog\u00edas a prueba de manipulaciones que indiquen cualquier alteraci\u00f3n o cambio en un registro electr\u00f3nico tras la realizaci\u00f3n de un acto notarial electr\u00f3nico. Todas las notarizaciones electr\u00f3nicas realizadas a partir del 1 de enero de 2020 deber\u00e1n cumplir las normas adoptadas.<\/p><p><strong>Historia.<\/strong>-s. 1, cap. 2007-257; s. 3, cap. 2019-71; s. 21, cap. 2020-2; s. 1, cap. 2021-137.<\/p><p>\u00a0<\/p>\t\t\t\t\t\t\t\t<\/div>\n\t\t\t\t<\/div>\n\t\t\t\t\t<\/div>\n\t\t\t\t<\/div>\n\t\t\t\t<\/div>","protected":false},"excerpt":{"rendered":"<p>Ir a la p\u00e1gina principal de notarizaci\u00f3n en l\u00ednea 117.021 Notarizaci\u00f3n electr\u00f3nica. - (1) Cualquier documento que requiera notarizaci\u00f3n puede ser notariado electr\u00f3nicamente. Las provisiones de ss. 117.01, 117.03, 117.04, 117.05(1)-(11), (13), y (14), 117.105, y 117.107 aplican a todas las notarizaciones bajo esta secci\u00f3n. (2) Al realizar un acto notarial electr\u00f3nico, un notary public utilizar\u00e1 una firma electr\u00f3nica que sea: (a) \u00danica ... <a title=\"Ley de Notariado Online de Florida - Estatuto de Florida 117.021\" class=\"read-more\" href=\"https:\/\/floridadocument.com\/es\/florida-online-notary\/florida-online-notary-law-fs-117\/\" aria-label=\"Leer m\u00e1s sobre Florida Online Notary Law - Florida Statute 117.021\">Seguir leyendo<\/a><\/p>","protected":false},"author":4,"featured_media":0,"parent":6162,"menu_order":0,"comment_status":"closed","ping_status":"closed","template":"","meta":{"_lmt_disableupdate":"no","_lmt_disable":"","_monsterinsights_skip_tracking":false,"_monsterinsights_sitenote_active":false,"_monsterinsights_sitenote_note":"","_monsterinsights_sitenote_category":0,"generate_page_header":"","footnotes":""},"class_list":["post-9182","page","type-page","status-publish"],"_links":{"self":[{"href":"https:\/\/floridadocument.com\/es\/wp-json\/wp\/v2\/pages\/9182","targetHints":{"allow":["GET"]}}],"collection":[{"href":"https:\/\/floridadocument.com\/es\/wp-json\/wp\/v2\/pages"}],"about":[{"href":"https:\/\/floridadocument.com\/es\/wp-json\/wp\/v2\/types\/page"}],"author":[{"embeddable":true,"href":"https:\/\/floridadocument.com\/es\/wp-json\/wp\/v2\/users\/4"}],"replies":[{"embeddable":true,"href":"https:\/\/floridadocument.com\/es\/wp-json\/wp\/v2\/comments?post=9182"}],"version-history":[{"count":0,"href":"https:\/\/floridadocument.com\/es\/wp-json\/wp\/v2\/pages\/9182\/revisions"}],"up":[{"embeddable":true,"href":"https:\/\/floridadocument.com\/es\/wp-json\/wp\/v2\/pages\/6162"}],"wp:attachment":[{"href":"https:\/\/floridadocument.com\/es\/wp-json\/wp\/v2\/media?parent=9182"}],"curies":[{"name":"wp","href":"https:\/\/api.w.org\/{rel}","templated":true}]}}